{"id":513,"date":"2020-06-13T13:15:22","date_gmt":"2020-06-13T13:15:22","guid":{"rendered":"http:\/\/estudio3dbrows.com\/?page_id=513"},"modified":"2021-09-27T15:46:39","modified_gmt":"2021-09-27T19:46:39","slug":"franquicias","status":"publish","type":"page","link":"https:\/\/studio3dbrows.com\/ve\/franquicias\/","title":{"rendered":"Franquicias"},"content":{"rendered":"\n\n  <div class=\"banner has-hover\" id=\"banner-92169236\">\n          <div class=\"banner-inner fill\">\n        <div class=\"banner-bg fill\" >\n            <div class=\"bg fill bg-fill \"><\/div>\n                        <div class=\"overlay\"><\/div>            \n                    <\/div>\n\t\t\n        <div class=\"banner-layers container\">\n            <div class=\"fill banner-link\"><\/div>            \n\n   <div id=\"text-box-563499148\" class=\"text-box banner-layer x50 md-x50 lg-x50 y50 md-y50 lg-y50 res-text\">\n                                <div class=\"text-box-content text dark\">\n              \n              <div class=\"text-inner text-center\">\n                  \n\n<h2 class=\"uppercase\">SOLICITUD DE FRANQUICIA<\/h2>\n<p class=\"p1\">Si est\u00e1 interesado en adquirir una franquicia, complete el siguiente formulario. Nos pondremos en contacto con usted tan pronto como sea posible.<\/p>\n\n              <\/div>\n           <\/div>\n                            \n<style>\n#text-box-563499148 {\n  width: 60%;\n}\n#text-box-563499148 .text-box-content {\n  font-size: 100%;\n}\n<\/style>\n    <\/div>\n \n\n        <\/div>\n      <\/div>\n\n            \n<style>\n#banner-92169236 {\n  padding-top: 300px;\n}\n#banner-92169236 .bg.bg-loaded {\n  background-image: url(https:\/\/studio3dbrows.com\/ve\/wp-content\/uploads\/2020\/06\/franquicia-1202x800.jpg);\n}\n#banner-92169236 .overlay {\n  background-color: rgba(0, 0, 0, 0.74);\n}\n#banner-92169236 .bg {\n  background-position: 47% 31%;\n}\n<\/style>\n  <\/div>\n\n\n\t<section class=\"section\" id=\"section_1824917399\">\n\t\t<div class=\"bg section-bg fill bg-fill  bg-loaded\" >\n\n\t\t\t\n\t\t\t\n\t\t\t\n\n\t\t<\/div>\n\n\t\t\n\n\t\t<div class=\"section-content relative\">\n\t\t\t\n\n<div class=\"row row-collapse align-center\"  id=\"row-1650198141\">\n\n\n\t<div id=\"col-1793558267\" class=\"col medium-5 small-12 large-5\"  >\n\t\t\t\t<div class=\"col-inner\"  >\n\t\t\t\n\t\t\t\n\n\n  <div class=\"banner has-hover\" id=\"banner-250530402\">\n          <div class=\"banner-inner fill\">\n        <div class=\"banner-bg fill\" >\n            <div class=\"bg fill bg-fill \"><\/div>\n                                    \n                    <\/div>\n\t\t\n        <div class=\"banner-layers container\">\n            <div class=\"fill banner-link\"><\/div>            \n\n   <div id=\"text-box-130746419\" class=\"text-box banner-layer x50 md-x50 lg-x50 y50 md-y50 lg-y50 res-text\">\n                                <div class=\"text-box-content text dark\">\n              \n              <div class=\"text-inner text-left\">\n                  \n\n<h1 class=\"p1\"><b>Informaci\u00f3n Importante<\/b><\/h1>\n<p class=\"p1\">Hay algunos pa\u00edses y 13 estados de US que regulan la oferta y venta de franquicias. &nbsp;Los estados de USA son &nbsp;California, Hawaii, Illinois, Indiana, Maryland, Michigan, Minnesota, New York, North Dakota, Rhode Island, South Dakota, Virginia, Washington, and Wisconsin. Si usted es residente de alguno de estos estados o pa\u00edses, esta recibiendo este mensaje en uno de estos estados o pa\u00edses, o interesa operar una franquicia en alguno de estos estados o pa\u00edses, nosotros no le ofreceremos una franquicia a menos y hasta que hayamos cumplido con todo requisito aplicable de registro pre-venta y\/o requerimiento de divulgaci\u00f3n en la jurisdicci\u00f3n aplicable.<\/p>\n\t<div id=\"gap-2054157935\" class=\"gap-element clearfix\" style=\"display:block; height:auto;\">\n\t\t\n<style>\n#gap-2054157935 {\n  padding-top: 10px;\n}\n<\/style>\n\t<\/div>\n\t\n\n<div class=\"social-icons follow-icons\" style=\"font-size:134%\"><a href=\"https:\/\/www.facebook.com\/3dbrowsrd\" target=\"_blank\" data-label=\"Facebook\" class=\"icon plain facebook tooltip\" title=\"S\u00edguenos en Facebook\" aria-label=\"S\u00edguenos en Facebook\" rel=\"noopener nofollow\" ><i class=\"icon-facebook\" ><\/i><\/a><a href=\"https:\/\/www.instagram.com\/3dbrowsrd\/\" target=\"_blank\" data-label=\"Instagram\" class=\"icon plain instagram tooltip\" title=\"S\u00edguenos en Instagram\" aria-label=\"S\u00edguenos en Instagram\" rel=\"noopener nofollow\" ><i class=\"icon-instagram\" ><\/i><\/a><a href=\"mailto:info@estudio3dbrows.com\" data-label=\"E-mail\" target=\"_blank\" class=\"icon plain email tooltip\" title=\"Env\u00edanos un email\" aria-label=\"Env\u00edanos un email\" rel=\"nofollow noopener\" ><i class=\"icon-envelop\" ><\/i><\/a><\/div>\n\n\t<div id=\"gap-1540729956\" class=\"gap-element clearfix\" style=\"display:block; height:auto;\">\n\t\t\n<style>\n#gap-1540729956 {\n  padding-top: 10px;\n}\n<\/style>\n\t<\/div>\n\t\n\n\n              <\/div>\n           <\/div>\n                            \n<style>\n#text-box-130746419 {\n  width: 80%;\n}\n#text-box-130746419 .text-box-content {\n  font-size: 100%;\n}\n@media (min-width:550px) {\n  #text-box-130746419 {\n    width: 71%;\n  }\n}\n<\/style>\n    <\/div>\n \n\n        <\/div>\n      <\/div>\n\n            \n<style>\n#banner-250530402 {\n  padding-top: 500px;\n  background-color: rgba(0, 0, 0, 0.92);\n}\n<\/style>\n  <\/div>\n\n\n\n\t\t<\/div>\n\t\t\t\t\t<\/div>\n\n\t\n\n\t<div id=\"col-811898432\" class=\"col medium-7 small-12 large-7\"  >\n\t\t\t\t<div class=\"col-inner text-left\"  >\n\t\t\t\n\t\t\t\n\n\n  <div class=\"banner has-hover\" id=\"banner-794850327\">\n          <div class=\"banner-inner fill\">\n        <div class=\"banner-bg fill\" >\n            <div class=\"bg fill bg-fill \"><\/div>\n                                    \n                    <\/div>\n\t\t\n        <div class=\"banner-layers container\">\n            <div class=\"fill banner-link\"><\/div>            \n\n   <div id=\"text-box-273177265\" class=\"text-box banner-layer x10 md-x10 lg-x10 y50 md-y50 lg-y50 res-text\">\n                                <div class=\"text-box-content text \">\n              \n              <div class=\"text-inner text-left\">\n                  \n\n\t<div id=\"gap-1600802218\" class=\"gap-element clearfix\" style=\"display:block; height:auto;\">\n\t\t\n<style>\n#gap-1600802218 {\n  padding-top: 40px;\n}\n<\/style>\n\t<\/div>\n\t\n\n<p class=\"p1\" style=\"text-align: left;\"><b>Solicitud de franquicia<br \/><\/b><\/p>\n<p class=\"p2\" style=\"text-align: left;\">Si est\u00e1 interesado en adquirir una franquicia, complete el siguiente formulario. Nos pondremos en contacto con usted tan pronto como sea posible.<\/p>\n<a data-animate=\"fadeInRight\" href=\"#franquicia-form\" target=\"_blank\" class=\"button primary\" rel=\"noopener\"  style=\"border-radius:99px;\">\n    <span>Solicitar Franquicia<\/span>\n  <\/a>\n\n\n\n              <\/div>\n           <\/div>\n                            \n<style>\n#text-box-273177265 {\n  width: 69%;\n}\n#text-box-273177265 .text-box-content {\n  font-size: 129%;\n}\n<\/style>\n    <\/div>\n \n\n        <\/div>\n      <\/div>\n\n            \n<style>\n#banner-794850327 {\n  padding-top: 500px;\n  background-color: rgb(255,255,255);\n}\n<\/style>\n  <\/div>\n\n\n\n\t\t<\/div>\n\t\t\t\t\t<\/div>\n\n\t\n\n<\/div>\n\n\t\t<\/div>\n\n\t\t\n<style>\n#section_1824917399 {\n  padding-top: 0px;\n  padding-bottom: 0px;\n}\n@media (min-width:550px) {\n  #section_1824917399 {\n    padding-top: 70px;\n    padding-bottom: 70px;\n  }\n}\n<\/style>\n\t<\/section>\n\t\n\t<section class=\"section\" id=\"section_167317435\">\n\t\t<div class=\"bg section-bg fill bg-fill  bg-loaded\" >\n\n\t\t\t\n\t\t\t\n\t\t\t\n\n\t\t<\/div>\n\n\t\t\n\n\t\t<div class=\"section-content relative\">\n\t\t\t\n\n<span class=\"scroll-to\" data-label=\"Scroll to: #franquicia-form\" data-bullet=\"false\" data-link=\"#franquicia-form\" data-title=\"Franquicia Form\" ><a name=\"franquicia-form\"><\/a><\/span>\n\n<div class=\"container section-title-container hidden\" ><h3 class=\"section-title section-title-normal\"><b><\/b><span class=\"section-title-main\" >Formulario de Solicitud de Franquicias<\/span><b><\/b><\/h3><\/div>\n\n\n\n<style>\n.nf-form-fields-required {\n  display: none;\n}\n<\/style>\n\n[ninja_form id=32]\n\n\n\t\t<\/div>\n\n\t\t\n<style>\n#section_167317435 {\n  padding-top: 30px;\n  padding-bottom: 30px;\n}\n<\/style>\n\t<\/section>\n\t\n\n","protected":false},"excerpt":{"rendered":"","protected":false},"author":1,"featured_media":0,"parent":0,"menu_order":0,"comment_status":"closed","ping_status":"closed","template":"page-blank.php","meta":{"footnotes":""},"class_list":["post-513","page","type-page","status-publish","hentry"],"_links":{"self":[{"href":"https:\/\/studio3dbrows.com\/ve\/wp-json\/wp\/v2\/pages\/513","targetHints":{"allow":["GET"]}}],"collection":[{"href":"https:\/\/studio3dbrows.com\/ve\/wp-json\/wp\/v2\/pages"}],"about":[{"href":"https:\/\/studio3dbrows.com\/ve\/wp-json\/wp\/v2\/types\/page"}],"author":[{"embeddable":true,"href":"https:\/\/studio3dbrows.com\/ve\/wp-json\/wp\/v2\/users\/1"}],"replies":[{"embeddable":true,"href":"https:\/\/studio3dbrows.com\/ve\/wp-json\/wp\/v2\/comments?post=513"}],"version-history":[{"count":17,"href":"https:\/\/studio3dbrows.com\/ve\/wp-json\/wp\/v2\/pages\/513\/revisions"}],"predecessor-version":[{"id":2701,"href":"https:\/\/studio3dbrows.com\/ve\/wp-json\/wp\/v2\/pages\/513\/revisions\/2701"}],"wp:attachment":[{"href":"https:\/\/studio3dbrows.com\/ve\/wp-json\/wp\/v2\/media?parent=513"}],"curies":[{"name":"wp","href":"https:\/\/api.w.org\/{rel}","templated":true}]}}