{"id":429,"date":"2020-06-12T13:41:22","date_gmt":"2020-06-12T13:41:22","guid":{"rendered":"http:\/\/estudio3dbrows.com\/?page_id=429"},"modified":"2022-01-12T14:02:28","modified_gmt":"2022-01-12T18:02:28","slug":"tintado1","status":"publish","type":"page","link":"https:\/\/studio3dbrows.com\/ve\/tintado1\/","title":{"rendered":"Tintado"},"content":{"rendered":"\n\n  <div class=\"banner has-hover\" id=\"banner-1640302900\">\n          <div class=\"banner-inner fill\">\n        <div class=\"banner-bg fill\" >\n            <div class=\"bg fill bg-fill \"><\/div>\n                        <div class=\"overlay\"><\/div>            \n                    <\/div>\n\t\t\n        <div class=\"banner-layers container\">\n            <div class=\"fill banner-link\"><\/div>            \n\n   <div id=\"text-box-842274454\" class=\"text-box banner-layer x50 md-x50 lg-x50 y50 md-y50 lg-y50 res-text\">\n                                <div class=\"text-box-content text dark\">\n              \n              <div class=\"text-inner text-center\">\n                  \n\n<h2 class=\"p1\"><span style=\"font-size: 95%;\">TINTADO<\/span><\/h2>\n<p class=\"p1\">CEJAS \u2022 PESTA\u00d1AS<\/p>\n<p class=\"alt-font\">\u00a0<\/p>\n\n              <\/div>\n           <\/div>\n                            \n<style>\n#text-box-842274454 {\n  width: 60%;\n}\n#text-box-842274454 .text-box-content {\n  font-size: 100%;\n}\n<\/style>\n    <\/div>\n \n\n        <\/div>\n      <\/div>\n\n            \n<style>\n#banner-1640302900 {\n  padding-top: 300px;\n}\n#banner-1640302900 .bg.bg-loaded {\n  background-image: url(https:\/\/studio3dbrows.com\/ve\/wp-content\/uploads\/2020\/06\/lashes.jpg);\n}\n#banner-1640302900 .overlay {\n  background-color: rgba(0, 0, 0, 0.84);\n}\n#banner-1640302900 .bg {\n  background-position: 25% 66%;\n}\n<\/style>\n  <\/div>\n\n\n\t<section class=\"section has-mask mask-arrow\" id=\"section_1787734312\">\n\t\t<div class=\"bg section-bg fill bg-fill  bg-loaded\" >\n\n\t\t\t\n\t\t\t\n\t\t\t\n\n\t\t<\/div>\n\n\t\t\n\n\t\t<div class=\"section-content relative\">\n\t\t\t\n\n<div class=\"row align-center\"  id=\"row-924912276\">\n\n\n\t<div id=\"col-19799180\" class=\"col medium-10 small-12 large-10\"  >\n\t\t\t\t<div class=\"col-inner text-center\"  >\n\t\t\t\n\t\t\t\n\n<p>\u00a0<\/p>\n<div class=\"wpb_column vc_column_container vc_col-sm-6\">\n<div class=\"vc_column-inner \">\n<div class=\"wpb_wrapper\">\n<div class=\"wpb_text_column wpb_content_element \">\n<div class=\"wpb_wrapper\">\n<p class=\"p1\"><span style=\"font-size: 14.4px;\">El tintado es el procedimiento perfecto para definir temporalmente tus cejas y pesta\u00f1as.<\/span><\/p>\n<\/div>\n<\/div>\n<\/div>\n<\/div>\n<\/div>\n\n\t\t<\/div>\n\t\t\t\t\t<\/div>\n\n\t\n\n<\/div>\n\n\t\t<\/div>\n\n\t\t\n<style>\n#section_1787734312 {\n  padding-top: 30px;\n  padding-bottom: 30px;\n  min-height: 184px;\n  background-color: rgb(252, 252, 252);\n}\n<\/style>\n\t<\/section>\n\t\n\t<section class=\"section info-cards-chess-box\" id=\"section_533798836\">\n\t\t<div class=\"bg section-bg fill bg-fill  bg-loaded\" >\n\n\t\t\t\n\t\t\t\n\t\t\t\n\n\t\t<\/div>\n\n\t\t\n\n\t\t<div class=\"section-content relative\">\n\t\t\t\n\n<div class=\"row row-collapse align-middle\"  id=\"row-974630743\">\n\n\n\t<div id=\"col-622012005\" class=\"col medium-6 small-12 large-6\"  >\n\t\t\t\t<div class=\"col-inner\"  >\n\t\t\t\n\t\t\t\n\n\t<div class=\"box has-hover info-cards-chess-box  has-hover box-label box-text-bottom\" >\n\n\t\t<div class=\"box-image\" >\n\t\t\t<a href=\"#\" >\t\t\t<div class=\"image-zoom image-cover\" style=\"padding-top:70%;\">\n\t\t\t\t<img loading=\"lazy\" decoding=\"async\" width=\"1600\" height=\"2400\" src=\"https:\/\/studio3dbrows.com\/ve\/wp-content\/uploads\/2020\/06\/tintado.jpg\" class=\"attachment- size-\" alt=\"\" srcset=\"https:\/\/studio3dbrows.com\/ve\/wp-content\/uploads\/2020\/06\/tintado.jpg 1600w, https:\/\/studio3dbrows.com\/ve\/wp-content\/uploads\/2020\/06\/tintado-267x400.jpg 267w, https:\/\/studio3dbrows.com\/ve\/wp-content\/uploads\/2020\/06\/tintado-533x800.jpg 533w, https:\/\/studio3dbrows.com\/ve\/wp-content\/uploads\/2020\/06\/tintado-768x1152.jpg 768w, https:\/\/studio3dbrows.com\/ve\/wp-content\/uploads\/2020\/06\/tintado-1024x1536.jpg 1024w, https:\/\/studio3dbrows.com\/ve\/wp-content\/uploads\/2020\/06\/tintado-1365x2048.jpg 1365w, https:\/\/studio3dbrows.com\/ve\/wp-content\/uploads\/2020\/06\/tintado-600x900.jpg 600w\" sizes=\"auto, (max-width: 1600px) 100vw, 1600px\" \/>\t\t\t\t<div class=\"overlay\" style=\"background-color:rgba(0, 0, 0, 0)\"><\/div>\t\t\t\t\t\t\t<\/div>\n\t\t\t<\/a>\t\t<\/div>\n\n\t\t<div class=\"box-text text-center dark\" style=\"background-color:rgba(0, 0, 0, 0.85);padding:40px 40px 30px 40px;\">\n\t\t\t<div class=\"box-text-inner\">\n\t\t\t\t\n\n<h2><b>TINTADO<\/b><\/h2>\n<div class=\"is-divider divider clearfix\" style=\"max-width:80%;height:2px;background-color:rgb(255, 255, 255);\"><\/div>\n\n\n\t\t\t<\/div>\n\t\t<\/div>\n\t<\/div>\n\t\n\n\t\t<\/div>\n\t\t\t\t\t<\/div>\n\n\t\n\n\t<div id=\"col-226588525\" class=\"col medium-6 small-12 large-6\"  >\n\t\t\t\t<div class=\"col-inner\"  >\n\t\t\t\n\t\t\t\n\n<div class=\"row align-center\"  id=\"row-628679611\">\n\n\n\t<div id=\"col-1000086344\" class=\"col medium-10 small-10 large-9\"  >\n\t\t\t\t<div class=\"col-inner\"  >\n\t\t\t\n\t\t\t\n\n<h4 class=\"p1\">\u00a0<\/h4>\n<p>Si a\u00fan no te decides por uno de nuestros tratamientos de micropigmentaci\u00f3n o postura de pesta\u00f1as, puedes utilizar nuestros tintados para darle definici\u00f3n temporal a tus cejas y pesta\u00f1as. Te permitir\u00e1n evitar la postura de maquillaje en estas areas por un tiempo aproximado de 2 semanas.<\/p>\n<p><strong>Zonas:<\/strong><\/p>\n<ul>\n<li><strong>Cejas: US$ 10<\/strong><\/li>\n<li><strong>Pesta\u00f1as: US$ 7<\/strong><\/li>\n<\/ul>\n<a data-animate=\"fadeInUp\" href=\"https:\/\/go.booker.com\/location\/CaracasStudio3DBrowsLashesPMU\/service-menu\" target=\"_blank\" class=\"button success is-bevel\" rel=\"noopener\"  style=\"border-radius:99px;\">\n    <span>Reserva<\/span>\n  <\/a>\n\n\n\n\t\t<\/div>\n\t\t\t\t\t<\/div>\n\n\t\n\n<\/div>\n\n\t\t<\/div>\n\t\t\t\t\n<style>\n#col-226588525 > .col-inner {\n  padding: 10% 0px 0px 0px;\n}\n<\/style>\n\t<\/div>\n\n\t\n\n<\/div>\n\t<div id=\"gap-694766035\" class=\"gap-element clearfix\" style=\"display:block; height:auto;\">\n\t\t\n<style>\n#gap-694766035 {\n  padding-top: 23px;\n}\n<\/style>\n\t<\/div>\n\t\n\n\n\t\t<\/div>\n\n\t\t\n<style>\n#section_533798836 {\n  padding-top: 24px;\n  padding-bottom: 24px;\n}\n<\/style>\n\t<\/section>\n\t\n\n","protected":false},"excerpt":{"rendered":"","protected":false},"author":1,"featured_media":0,"parent":0,"menu_order":0,"comment_status":"closed","ping_status":"closed","template":"page-blank.php","meta":{"footnotes":""},"class_list":["post-429","page","type-page","status-publish","hentry"],"_links":{"self":[{"href":"https:\/\/studio3dbrows.com\/ve\/wp-json\/wp\/v2\/pages\/429","targetHints":{"allow":["GET"]}}],"collection":[{"href":"https:\/\/studio3dbrows.com\/ve\/wp-json\/wp\/v2\/pages"}],"about":[{"href":"https:\/\/studio3dbrows.com\/ve\/wp-json\/wp\/v2\/types\/page"}],"author":[{"embeddable":true,"href":"https:\/\/studio3dbrows.com\/ve\/wp-json\/wp\/v2\/users\/1"}],"replies":[{"embeddable":true,"href":"https:\/\/studio3dbrows.com\/ve\/wp-json\/wp\/v2\/comments?post=429"}],"version-history":[{"count":8,"href":"https:\/\/studio3dbrows.com\/ve\/wp-json\/wp\/v2\/pages\/429\/revisions"}],"predecessor-version":[{"id":2961,"href":"https:\/\/studio3dbrows.com\/ve\/wp-json\/wp\/v2\/pages\/429\/revisions\/2961"}],"wp:attachment":[{"href":"https:\/\/studio3dbrows.com\/ve\/wp-json\/wp\/v2\/media?parent=429"}],"curies":[{"name":"wp","href":"https:\/\/api.w.org\/{rel}","templated":true}]}}