{"id":426,"date":"2020-06-12T13:34:36","date_gmt":"2020-06-12T13:34:36","guid":{"rendered":"http:\/\/estudio3dbrows.com\/?page_id=426"},"modified":"2022-01-12T14:00:15","modified_gmt":"2022-01-12T18:00:15","slug":"depilacion","status":"publish","type":"page","link":"https:\/\/studio3dbrows.com\/ve\/depilacion\/","title":{"rendered":"Depilaci\u00f3n"},"content":{"rendered":"\n\n  <div class=\"banner has-hover\" id=\"banner-2097469125\">\n          <div class=\"banner-inner fill\">\n        <div class=\"banner-bg fill\" >\n            <div class=\"bg fill bg-fill \"><\/div>\n                        <div class=\"overlay\"><\/div>            \n                    <\/div>\n\t\t\n        <div class=\"banner-layers container\">\n            <div class=\"fill banner-link\"><\/div>            \n\n   <div id=\"text-box-179949954\" class=\"text-box banner-layer x50 md-x50 lg-x50 y50 md-y50 lg-y50 res-text\">\n                                <div class=\"text-box-content text dark\">\n              \n              <div class=\"text-inner text-center\">\n                  \n\n<h2 class=\"p1\"><span style=\"font-size: 95%;\">DEPILACI\u00d3N<\/span><\/h2>\n<p class=\"p1\">CERA \u2022 HILO<\/p>\n<p class=\"alt-font\">\u00a0<\/p>\n\n              <\/div>\n           <\/div>\n                            \n<style>\n#text-box-179949954 {\n  width: 60%;\n}\n#text-box-179949954 .text-box-content {\n  font-size: 100%;\n}\n<\/style>\n    <\/div>\n \n\n        <\/div>\n      <\/div>\n\n            \n<style>\n#banner-2097469125 {\n  padding-top: 300px;\n}\n#banner-2097469125 .bg.bg-loaded {\n  background-image: url(https:\/\/studio3dbrows.com\/ve\/wp-content\/uploads\/2020\/06\/lashes.jpg);\n}\n#banner-2097469125 .overlay {\n  background-color: rgba(0, 0, 0, 0.84);\n}\n#banner-2097469125 .bg {\n  background-position: 25% 66%;\n}\n<\/style>\n  <\/div>\n\n\n\t<section class=\"section has-mask mask-arrow\" id=\"section_1053982336\">\n\t\t<div class=\"bg section-bg fill bg-fill  bg-loaded\" >\n\n\t\t\t\n\t\t\t\n\t\t\t\n\n\t\t<\/div>\n\n\t\t\n\n\t\t<div class=\"section-content relative\">\n\t\t\t\n\n<div class=\"row align-center\"  id=\"row-963569798\">\n\n\n\t<div id=\"col-1541855312\" class=\"col medium-10 small-12 large-10\"  >\n\t\t\t\t<div class=\"col-inner text-center\"  >\n\t\t\t\n\t\t\t\n\n<p>\u00a0<\/p>\n<p class=\"p1\">3D Brows ofrece tratamientos de depilaci\u00f3n con cera o hilo para dejar tu rostro suave y eliminar el exceso de vello donde sea necesario.<\/p>\n\n\t\t<\/div>\n\t\t\t\t\t<\/div>\n\n\t\n\n<\/div>\n\n\t\t<\/div>\n\n\t\t\n<style>\n#section_1053982336 {\n  padding-top: 30px;\n  padding-bottom: 30px;\n  min-height: 184px;\n  background-color: rgb(252, 252, 252);\n}\n<\/style>\n\t<\/section>\n\t\n\t<section class=\"section info-cards-chess-box\" id=\"section_201518649\">\n\t\t<div class=\"bg section-bg fill bg-fill  bg-loaded\" >\n\n\t\t\t\n\t\t\t\n\t\t\t\n\n\t\t<\/div>\n\n\t\t\n\n\t\t<div class=\"section-content relative\">\n\t\t\t\n\n<div class=\"row row-collapse align-middle\"  id=\"row-1545166346\">\n\n\n\t<div id=\"col-872742636\" class=\"col medium-6 small-12 large-6\"  >\n\t\t\t\t<div class=\"col-inner\"  >\n\t\t\t\n\t\t\t\n\n\t<div class=\"img has-hover x md-x lg-x y md-y lg-y\" id=\"image_1909845\">\n\t\t\t\t\t\t\t\t<div class=\"img-inner image-cover dark\" style=\"padding-top:100%;\">\n\t\t\t<img loading=\"lazy\" decoding=\"async\" width=\"1020\" height=\"701\" src=\"https:\/\/studio3dbrows.com\/ve\/wp-content\/uploads\/2020\/06\/wax-1164x800.jpg\" class=\"attachment-large size-large\" alt=\"\" srcset=\"https:\/\/studio3dbrows.com\/ve\/wp-content\/uploads\/2020\/06\/wax-1164x800.jpg 1164w, https:\/\/studio3dbrows.com\/ve\/wp-content\/uploads\/2020\/06\/wax-582x400.jpg 582w, https:\/\/studio3dbrows.com\/ve\/wp-content\/uploads\/2020\/06\/wax-768x528.jpg 768w, https:\/\/studio3dbrows.com\/ve\/wp-content\/uploads\/2020\/06\/wax-600x413.jpg 600w, https:\/\/studio3dbrows.com\/ve\/wp-content\/uploads\/2020\/06\/wax.jpg 1200w\" sizes=\"auto, (max-width: 1020px) 100vw, 1020px\" \/>\t\t\t\t\t\t\n\t\t\t\t\t<\/div>\n\t\t\t\t\t\t\t\t\n<style>\n#image_1909845 {\n  width: 100%;\n}\n<\/style>\n\t<\/div>\n\t\n\n\n\t\t<\/div>\n\t\t\t\t\t<\/div>\n\n\t\n\n\t<div id=\"col-984106615\" class=\"col medium-6 small-12 large-6\"  >\n\t\t\t\t<div class=\"col-inner\"  >\n\t\t\t\n\t\t\t\n\n<div class=\"row align-center\"  id=\"row-1043562380\">\n\n\n\t<div id=\"col-975837379\" class=\"col medium-10 small-10 large-9\"  >\n\t\t\t\t<div class=\"col-inner\"  >\n\t\t\t\n\t\t\t\n\n<h4 class=\"p1\">Depilaci\u00f3n con cera para:<\/h4>\n<ul>\n<li class=\"p1\"><span style=\"font-size: 85%;\">Cejas: <strong>US$ 7<\/strong><\/span><\/li>\n<li class=\"p1\"><span style=\"font-size: 85%;\">\u00c1reas Adicionales: <strong>US$ 5<\/strong><\/span><\/li>\n<li><span style=\"font-size: 85%;\">Cara Completa: <strong>US$ 12<\/strong><\/span><\/li>\n<\/ul>\n<a data-animate=\"fadeInUp\" href=\"https:\/\/go.booker.com\/location\/CaracasStudio3DBrowsLashesPMU\/service-menu\" target=\"_blank\" class=\"button success is-bevel\" rel=\"noopener\"  style=\"border-radius:99px;\">\n    <span>Reserva<\/span>\n  <\/a>\n\n\n\n\t\t<\/div>\n\t\t\t\t\t<\/div>\n\n\t\n\n<\/div>\n\n\t\t<\/div>\n\t\t\t\t\n<style>\n#col-984106615 > .col-inner {\n  padding: 10% 0px 0px 0px;\n}\n<\/style>\n\t<\/div>\n\n\t\n\n<\/div>\n\t<div id=\"gap-1723533153\" class=\"gap-element clearfix\" style=\"display:block; height:auto;\">\n\t\t\n<style>\n#gap-1723533153 {\n  padding-top: 47px;\n}\n<\/style>\n\t<\/div>\n\t\n\n<div class=\"row row-collapse align-middle\"  id=\"row-333695813\">\n\n\n\t<div id=\"col-1160192693\" class=\"col medium-6 small-12 large-6 small-col-first\"  >\n\t\t\t\t<div class=\"col-inner\"  >\n\t\t\t\n\t\t\t\n\n\t<div class=\"img has-hover x md-x lg-x y md-y lg-y\" id=\"image_1187712566\">\n\t\t\t\t\t\t\t\t<div class=\"img-inner dark\" >\n\t\t\t<img loading=\"lazy\" decoding=\"async\" width=\"749\" height=\"800\" src=\"https:\/\/studio3dbrows.com\/ve\/wp-content\/uploads\/2020\/06\/threading-749x800.jpg\" class=\"attachment-large size-large\" alt=\"\" srcset=\"https:\/\/studio3dbrows.com\/ve\/wp-content\/uploads\/2020\/06\/threading-749x800.jpg 749w, https:\/\/studio3dbrows.com\/ve\/wp-content\/uploads\/2020\/06\/threading-374x400.jpg 374w, https:\/\/studio3dbrows.com\/ve\/wp-content\/uploads\/2020\/06\/threading-768x820.jpg 768w, https:\/\/studio3dbrows.com\/ve\/wp-content\/uploads\/2020\/06\/threading-600x641.jpg 600w, https:\/\/studio3dbrows.com\/ve\/wp-content\/uploads\/2020\/06\/threading.jpg 1200w\" sizes=\"auto, (max-width: 749px) 100vw, 749px\" \/>\t\t\t\t\t\t\n\t\t\t\t\t<\/div>\n\t\t\t\t\t\t\t\t\n<style>\n#image_1187712566 {\n  width: 100%;\n}\n<\/style>\n\t<\/div>\n\t\n\n\n\t\t<\/div>\n\t\t\t\t\t<\/div>\n\n\t\n\n\t<div id=\"col-1277510750\" class=\"col medium-6 small-12 large-6\"  >\n\t\t\t\t<div class=\"col-inner\"  >\n\t\t\t\n\t\t\t\n\n<div class=\"row align-center\"  id=\"row-981294686\">\n\n\n\t<div id=\"col-2078549517\" class=\"col medium-10 small-10 large-8\"  >\n\t\t\t\t<div class=\"col-inner\"  >\n\t\t\t\n\t\t\t\n\n<h3>Depilaci\u00f3n con hilo<\/h3>\n<p><span style=\"font-size: 85%;\">La depilaci\u00f3n con hilo permite el control al dar forma a las cejas para garantizar cejas perfectamente esculpidas. Se utiliza un hilo de algod\u00f3n para deslizarse sobre la piel, eliminando el exceso de vello mientras se hace. El hilo agarra y arranca cada cabello desde su ra\u00edz resultando un acabado m\u00e1s limpio con resultados m\u00e1s duraderos. Los resultados son cejas maravillosamente pulcras y perfectamente sim\u00e9tricas.<\/span><\/p>\n<ul>\n<li class=\"p1\"><strong><span style=\"font-size: 85%;\">Cejas: US$ 9<\/span><\/strong><\/li>\n<li class=\"p1\"><strong><span style=\"font-size: 85%;\">Cara Completa: US$ 15<\/span><\/strong><\/li>\n<li class=\"p1\"><strong><span style=\"font-size: 85%;\">\u00c1reas Adicionales: US$ 6<\/span><\/strong><\/li>\n<\/ul>\n<a data-animate=\"fadeInUp\" href=\"https:\/\/go.booker.com\/location\/CaracasStudio3DBrowsLashesPMU\/service-menu\" target=\"_blank\" class=\"button success is-bevel\" rel=\"noopener\"  style=\"border-radius:99px;\">\n    <span>Reserva<\/span>\n  <\/a>\n\n\n\n\t\t<\/div>\n\t\t\t\t\t<\/div>\n\n\t\n\n<\/div>\n\n\t\t<\/div>\n\t\t\t\t\n<style>\n#col-1277510750 > .col-inner {\n  padding: 10% 0px 0px 0px;\n}\n<\/style>\n\t<\/div>\n\n\t\n\n<\/div>\n\t<div id=\"gap-844335788\" class=\"gap-element clearfix\" style=\"display:block; height:auto;\">\n\t\t\n<style>\n#gap-844335788 {\n  padding-top: 55px;\n}\n<\/style>\n\t<\/div>\n\t\n\n\n\t\t<\/div>\n\n\t\t\n<style>\n#section_201518649 {\n  padding-top: 60px;\n  padding-bottom: 60px;\n}\n<\/style>\n\t<\/section>\n\t\n\n","protected":false},"excerpt":{"rendered":"","protected":false},"author":1,"featured_media":0,"parent":0,"menu_order":0,"comment_status":"closed","ping_status":"closed","template":"page-blank.php","meta":{"footnotes":""},"class_list":["post-426","page","type-page","status-publish","hentry"],"_links":{"self":[{"href":"https:\/\/studio3dbrows.com\/ve\/wp-json\/wp\/v2\/pages\/426","targetHints":{"allow":["GET"]}}],"collection":[{"href":"https:\/\/studio3dbrows.com\/ve\/wp-json\/wp\/v2\/pages"}],"about":[{"href":"https:\/\/studio3dbrows.com\/ve\/wp-json\/wp\/v2\/types\/page"}],"author":[{"embeddable":true,"href":"https:\/\/studio3dbrows.com\/ve\/wp-json\/wp\/v2\/users\/1"}],"replies":[{"embeddable":true,"href":"https:\/\/studio3dbrows.com\/ve\/wp-json\/wp\/v2\/comments?post=426"}],"version-history":[{"count":8,"href":"https:\/\/studio3dbrows.com\/ve\/wp-json\/wp\/v2\/pages\/426\/revisions"}],"predecessor-version":[{"id":2960,"href":"https:\/\/studio3dbrows.com\/ve\/wp-json\/wp\/v2\/pages\/426\/revisions\/2960"}],"wp:attachment":[{"href":"https:\/\/studio3dbrows.com\/ve\/wp-json\/wp\/v2\/media?parent=426"}],"curies":[{"name":"wp","href":"https:\/\/api.w.org\/{rel}","templated":true}]}}