{"id":379,"date":"2020-06-10T22:02:06","date_gmt":"2020-06-11T02:02:06","guid":{"rendered":"http:\/\/estudio3dbrows.com\/?page_id=379"},"modified":"2021-05-19T17:40:42","modified_gmt":"2021-05-19T21:40:42","slug":"micropigmentacion","status":"publish","type":"page","link":"https:\/\/studio3dbrows.com\/ve\/micropigmentacion\/","title":{"rendered":"Micropigmentaci\u00f3n"},"content":{"rendered":"\n\n  <div class=\"banner has-hover\" id=\"banner-512262632\">\n          <div class=\"banner-inner fill\">\n        <div class=\"banner-bg fill\" >\n            <div class=\"bg fill bg-fill \"><\/div>\n                        <div class=\"overlay\"><\/div>            \n                    <\/div>\n\t\t\n        <div class=\"banner-layers container\">\n            <div class=\"fill banner-link\"><\/div>            \n\n   <div id=\"text-box-2066051231\" class=\"text-box banner-layer x50 md-x50 lg-x50 y50 md-y50 lg-y50 res-text\">\n                                <div class=\"text-box-content text dark\">\n              \n              <div class=\"text-inner text-center\">\n                  \n\n<h2 class=\"p1\"><span style=\"font-size: 95%;\">\u00a1TU CAMINO HACIA UN ROSTRO SIEMPRE LISTO!<\/span><\/h2>\n<p class=\"p1\"><span style=\"font-size: 95%;\">Te ofrecemos varias t\u00e9cnicas de micropigmentaci\u00f3n para un rostro siempre listo. Una forma de maquillaje semipermanente que dura a\u00f1os siempre y cuando apliques los retoques.<\/span><\/p>\n<p class=\"alt-font\">&nbsp;<\/p>\n\n              <\/div>\n           <\/div>\n                            \n<style>\n#text-box-2066051231 {\n  width: 60%;\n}\n#text-box-2066051231 .text-box-content {\n  font-size: 100%;\n}\n<\/style>\n    <\/div>\n \n\n        <\/div>\n      <\/div>\n\n            \n<style>\n#banner-512262632 {\n  padding-top: 300px;\n}\n#banner-512262632 .bg.bg-loaded {\n  background-image: url(https:\/\/studio3dbrows.com\/ve\/wp-content\/uploads\/2020\/06\/micro-1250x800.jpg);\n}\n#banner-512262632 .overlay {\n  background-color: rgba(0, 0, 0, 0.77);\n}\n<\/style>\n  <\/div>\n\n\n\t<section class=\"section info-cards-chess-box\" id=\"section_437357194\">\n\t\t<div class=\"bg section-bg fill bg-fill  bg-loaded\" >\n\n\t\t\t\n\t\t\t\n\t\t\t\n\n\t\t<\/div>\n\n\t\t\n\n\t\t<div class=\"section-content relative\">\n\t\t\t\n\n<div class=\"row row-collapse align-middle\"  id=\"row-56507166\">\n\n\n\t<div id=\"col-1078412361\" class=\"col medium-6 small-12 large-6\"  >\n\t\t\t\t<div class=\"col-inner\"  >\n\t\t\t\n\t\t\t\n\n\t<div class=\"img has-hover x md-x lg-x y md-y lg-y\" id=\"image_2080356004\">\n\t\t\t\t\t\t\t\t<div class=\"img-inner dark\" >\n\t\t\t<img loading=\"lazy\" decoding=\"async\" width=\"800\" height=\"800\" src=\"https:\/\/studio3dbrows.com\/ve\/wp-content\/uploads\/2021\/04\/micro_logo-800x800.jpg\" class=\"attachment-large size-large\" alt=\"\" srcset=\"https:\/\/studio3dbrows.com\/ve\/wp-content\/uploads\/2021\/04\/micro_logo-800x800.jpg 800w, https:\/\/studio3dbrows.com\/ve\/wp-content\/uploads\/2021\/04\/micro_logo-400x400.jpg 400w, https:\/\/studio3dbrows.com\/ve\/wp-content\/uploads\/2021\/04\/micro_logo-280x280.jpg 280w, https:\/\/studio3dbrows.com\/ve\/wp-content\/uploads\/2021\/04\/micro_logo-768x768.jpg 768w, https:\/\/studio3dbrows.com\/ve\/wp-content\/uploads\/2021\/04\/micro_logo-510x510.jpg 510w, https:\/\/studio3dbrows.com\/ve\/wp-content\/uploads\/2021\/04\/micro_logo-100x100.jpg 100w, https:\/\/studio3dbrows.com\/ve\/wp-content\/uploads\/2021\/04\/micro_logo.jpg 1200w\" sizes=\"auto, (max-width: 800px) 100vw, 800px\" \/>\t\t\t\t\t\t\n\t\t\t\t\t<\/div>\n\t\t\t\t\t\t\t\t\n<style>\n#image_2080356004 {\n  width: 100%;\n}\n<\/style>\n\t<\/div>\n\t\n\n\n\t\t<\/div>\n\t\t\t\t\t<\/div>\n\n\t\n\n\t<div id=\"col-1401809605\" class=\"col medium-6 small-12 large-6\"  >\n\t\t\t\t<div class=\"col-inner\"  >\n\t\t\t\n\t\t\t\n\n<div class=\"row align-center\"  id=\"row-1026972259\">\n\n\n\t<div id=\"col-340004342\" class=\"col medium-10 small-10 large-9\"  >\n\t\t\t\t<div class=\"col-inner\"  >\n\t\t\t\n\t\t\t\n\n<h3>Microblading<\/h3>\n<p class=\"p1\"><span style=\"font-size: 85%;\">La t\u00e9cnica consiste en crear un vello fino a trav\u00e9s de pinceladas en la piel con una herramienta especializada, que luego se rellena con pigmento. Con su aplicaci\u00f3n precisa, el Microblading crea un acabado s\u00faper natural brindando resultados duraderos.<\/span><\/p>\n<p class=\"p1\"><span style=\"font-size: 85%;\">Si deseas cubrir las brechas, definir o rellenar las cejas, Microblading es una opci\u00f3n fant\u00e1stica. Utilizamos anestesia localizada para reducir las molestias.<\/span><\/p>\n<p><strong>Precio: US$ 310<\/strong><\/p>\n<ul>\n<li class=\"p1\"><span style=\"font-size: 90%;\" data-line-height=\"xs\"><b>Retoque 30 d\u00edas: US$ 60<\/b><\/span><\/li>\n<li class=\"p1\"><span style=\"font-size: 90%;\"><b>Retoque 60 a 90 d\u00edas: US$ 110<\/b><\/span><\/li>\n<li class=\"p1\"><span style=\"font-size: 90%;\"><b>Retoque 6 meses: US$ 160<\/b><\/span><\/li>\n<li class=\"p1\"><span style=\"font-size: 90%;\" data-line-height=\"xs\"><b>Retoque 1 a\u00f1o: US$ 210<\/b><\/span><\/li>\n<\/ul>\n<a data-animate=\"fadeInUp\" href=\"https:\/\/go.booker.com\/location\/CaracasStudio3DBrowsLashesPMU\/service-menu\" target=\"_blank\" class=\"button success is-bevel\" rel=\"noopener\"  style=\"border-radius:99px;\">\n    <span>Reserva<\/span>\n  <\/a>\n\n\n\n\t\t<\/div>\n\t\t\t\t\t<\/div>\n\n\t\n\n<\/div>\n\n\t\t<\/div>\n\t\t\t\t\n<style>\n#col-1401809605 > .col-inner {\n  padding: 10% 0px 0px 0px;\n}\n<\/style>\n\t<\/div>\n\n\t\n\n<\/div>\n\t<div id=\"gap-1590217531\" class=\"gap-element clearfix\" style=\"display:block; height:auto;\">\n\t\t\n<style>\n#gap-1590217531 {\n  padding-top: 23px;\n}\n<\/style>\n\t<\/div>\n\t\n\n<div class=\"row row-collapse align-middle\"  id=\"row-1894569554\">\n\n\n\t<div id=\"col-478216486\" class=\"col medium-6 small-12 large-6\"  >\n\t\t\t\t<div class=\"col-inner\"  >\n\t\t\t\n\t\t\t\n\n<div class=\"row align-center\"  id=\"row-481674355\">\n\n\n\t<div id=\"col-1432004687\" class=\"col medium-10 small-10 large-8\"  >\n\t\t\t\t<div class=\"col-inner\"  >\n\t\t\t\n\t\t\t\n\n<h3>Ombr\u00e9 Brows<\/h3>\n<p class=\"p1\"><span style=\"font-size: 85%;\">A menudo denominado \u2018Shadow Effect\u2019, le da a la ceja una apariencia de degradado con peque\u00f1os puntos puntiformes. Es recomendado para pieles sensibles y cejas bien despobladas.<\/span><\/p>\n<p class=\"p1\"><span style=\"font-size: 85%;\">Tiene una duraci\u00f3n de 18 meses, siempre y cuando hagas tus retoques.<\/span><\/p>\n<p><strong>Precio: US$ 310<\/strong><\/p>\n<ul>\n<li class=\"p1\"><span style=\"font-size: 90%;\" data-line-height=\"xs\"><b>Retoque 30 d\u00edas: US$ 60<\/b><\/span><\/li>\n<li class=\"p1\"><span style=\"font-size: 90%;\"><b>Retoque 60 a 90 d\u00edas: US$ 110<\/b><\/span><\/li>\n<li class=\"p1\"><span style=\"font-size: 90%;\"><b>Retoque 6 meses: US$ 160<\/b><\/span><\/li>\n<li class=\"p1\"><span style=\"font-size: 90%;\" data-line-height=\"xs\"><b>Retoque 1 a\u00f1o: US$ 210<\/b><\/span><\/li>\n<\/ul>\n<a data-animate=\"fadeInUp\" href=\"https:\/\/go.booker.com\/location\/CaracasStudio3DBrowsLashesPMU\/service-menu\" target=\"_blank\" class=\"button success is-bevel\" rel=\"noopener\"  style=\"border-radius:99px;\">\n    <span>Reserva<\/span>\n  <\/a>\n\n\n\n\t\t<\/div>\n\t\t\t\t\t<\/div>\n\n\t\n\n<\/div>\n\n\t\t<\/div>\n\t\t\t\t\n<style>\n#col-478216486 > .col-inner {\n  padding: 10% 0px 0px 0px;\n}\n<\/style>\n\t<\/div>\n\n\t\n\n\t<div id=\"col-497430431\" class=\"col medium-6 small-12 large-6 small-col-first\"  >\n\t\t\t\t<div class=\"col-inner\"  >\n\t\t\t\n\t\t\t\n\n\t<div class=\"img has-hover x md-x lg-x y md-y lg-y\" id=\"image_349623053\">\n\t\t\t\t\t\t\t\t<div class=\"img-inner dark\" >\n\t\t\t<img loading=\"lazy\" decoding=\"async\" width=\"800\" height=\"800\" src=\"https:\/\/studio3dbrows.com\/ve\/wp-content\/uploads\/2021\/04\/ombre-800x800.jpg\" class=\"attachment-large size-large\" alt=\"\" srcset=\"https:\/\/studio3dbrows.com\/ve\/wp-content\/uploads\/2021\/04\/ombre-800x800.jpg 800w, https:\/\/studio3dbrows.com\/ve\/wp-content\/uploads\/2021\/04\/ombre-400x400.jpg 400w, https:\/\/studio3dbrows.com\/ve\/wp-content\/uploads\/2021\/04\/ombre-280x280.jpg 280w, https:\/\/studio3dbrows.com\/ve\/wp-content\/uploads\/2021\/04\/ombre-768x768.jpg 768w, https:\/\/studio3dbrows.com\/ve\/wp-content\/uploads\/2021\/04\/ombre-510x510.jpg 510w, https:\/\/studio3dbrows.com\/ve\/wp-content\/uploads\/2021\/04\/ombre-100x100.jpg 100w, https:\/\/studio3dbrows.com\/ve\/wp-content\/uploads\/2021\/04\/ombre.jpg 1200w\" sizes=\"auto, (max-width: 800px) 100vw, 800px\" \/>\t\t\t\t\t\t\n\t\t\t\t\t<\/div>\n\t\t\t\t\t\t\t\t\n<style>\n#image_349623053 {\n  width: 100%;\n}\n<\/style>\n\t<\/div>\n\t\n\n\n\t\t<\/div>\n\t\t\t\t\t<\/div>\n\n\t\n\n<\/div>\n\t<div id=\"gap-1644435756\" class=\"gap-element clearfix\" style=\"display:block; height:auto;\">\n\t\t\n<style>\n#gap-1644435756 {\n  padding-top: 55px;\n}\n<\/style>\n\t<\/div>\n\t\n\n<div class=\"row row-collapse align-middle\"  id=\"row-275037987\">\n\n\n\t<div id=\"col-537700809\" class=\"col medium-6 small-12 large-6\"  >\n\t\t\t\t<div class=\"col-inner\"  >\n\t\t\t\n\t\t\t\n\n\t<div class=\"img has-hover x md-x lg-x y md-y lg-y\" id=\"image_945335089\">\n\t\t\t\t\t\t\t\t<div class=\"img-inner dark\" >\n\t\t\t<img loading=\"lazy\" decoding=\"async\" width=\"800\" height=\"800\" src=\"https:\/\/studio3dbrows.com\/ve\/wp-content\/uploads\/2021\/04\/magic_logo-800x800.jpg\" class=\"attachment-large size-large\" alt=\"\" srcset=\"https:\/\/studio3dbrows.com\/ve\/wp-content\/uploads\/2021\/04\/magic_logo-800x800.jpg 800w, https:\/\/studio3dbrows.com\/ve\/wp-content\/uploads\/2021\/04\/magic_logo-400x400.jpg 400w, https:\/\/studio3dbrows.com\/ve\/wp-content\/uploads\/2021\/04\/magic_logo-280x280.jpg 280w, https:\/\/studio3dbrows.com\/ve\/wp-content\/uploads\/2021\/04\/magic_logo-768x768.jpg 768w, https:\/\/studio3dbrows.com\/ve\/wp-content\/uploads\/2021\/04\/magic_logo-510x510.jpg 510w, https:\/\/studio3dbrows.com\/ve\/wp-content\/uploads\/2021\/04\/magic_logo-100x100.jpg 100w, https:\/\/studio3dbrows.com\/ve\/wp-content\/uploads\/2021\/04\/magic_logo.jpg 1200w\" sizes=\"auto, (max-width: 800px) 100vw, 800px\" \/>\t\t\t\t\t\t\n\t\t\t\t\t<\/div>\n\t\t\t\t\t\t\t\t\n<style>\n#image_945335089 {\n  width: 100%;\n}\n<\/style>\n\t<\/div>\n\t\n\n\n\t\t<\/div>\n\t\t\t\t\t<\/div>\n\n\t\n\n\t<div id=\"col-1182177382\" class=\"col medium-6 small-12 large-6\"  >\n\t\t\t\t<div class=\"col-inner\"  >\n\t\t\t\n\t\t\t\n\n<div class=\"row align-center\"  id=\"row-1070052373\">\n\n\n\t<div id=\"col-2067192732\" class=\"col medium-10 small-10 large-10\"  >\n\t\t\t\t<div class=\"col-inner\"  >\n\t\t\t\n\t\t\t\n\n<h3 class=\"p1\"><span style=\"font-size: 85%;\">Magic Combine<\/span><\/h3>\n<p><span style=\"font-size: 85%;\">Es la combinaci\u00f3n del hairstroke o el pelo a pelo con el difuminado 3D de las Ombr\u00e9 Brows.<\/span><\/p>\n<p><span style=\"font-size: 85%;\">Tiene una duraci\u00f3n de 3 a\u00f1os o m\u00e1s dependiendo el tipo de piel y si haces tus retoques recomendados.<\/span><\/p>\n<p><strong>Precio: US$ 410<\/strong><\/p>\n<ul>\n<li class=\"p1\"><span style=\"font-size: 90%;\" data-line-height=\"xs\"><b>Retoque 30 d\u00edas: US$ 100<\/b><\/span><\/li>\n<li class=\"p1\"><span style=\"font-size: 90%;\"><b>Retoque 60 a 90 d\u00edas: US$ 150<\/b><\/span><\/li>\n<li class=\"p1\"><span style=\"font-size: 90%;\"><b>Retoque 6 meses: US$ 210<\/b><\/span><\/li>\n<li class=\"p1\"><span style=\"font-size: 90%;\" data-line-height=\"xs\"><b>Retoque 1 a\u00f1o: US$ 310<\/b><\/span><\/li>\n<\/ul>\n<a data-animate=\"fadeInUp\" href=\"https:\/\/go.booker.com\/location\/CaracasStudio3DBrowsLashesPMU\/service-menu\" target=\"_blank\" class=\"button success is-bevel\" rel=\"noopener\"  style=\"border-radius:99px;\">\n    <span>Reserva<\/span>\n  <\/a>\n\n\n\n\t\t<\/div>\n\t\t\t\t\t<\/div>\n\n\t\n\n<\/div>\n\n\t\t<\/div>\n\t\t\t\t\n<style>\n#col-1182177382 > .col-inner {\n  padding: 10% 0px 0px 0px;\n}\n<\/style>\n\t<\/div>\n\n\t\n\n<\/div>\n\t<div id=\"gap-433711216\" class=\"gap-element clearfix\" style=\"display:block; height:auto;\">\n\t\t\n<style>\n#gap-433711216 {\n  padding-top: 30px;\n}\n<\/style>\n\t<\/div>\n\t\n\n<div class=\"row row-collapse align-middle\"  id=\"row-1726930123\">\n\n\n\t<div id=\"col-1334775125\" class=\"col medium-6 small-12 large-6\"  >\n\t\t\t\t<div class=\"col-inner\"  >\n\t\t\t\n\t\t\t\n\n<div class=\"row align-center\"  id=\"row-98796011\">\n\n\n\t<div id=\"col-1260046497\" class=\"col medium-10 small-10 large-10\"  >\n\t\t\t\t<div class=\"col-inner\"  >\n\t\t\t\n\t\t\t\n\n<h3 class=\"p1\"><span style=\"font-size: 85%;\">3D Lips<br \/><\/span><\/h3>\n<p class=\"p1\"><span style=\"font-size: 85%;\">El tratamiento de 3D Lips es una alternativa segura y de aspecto natural a la rutina diaria de aplicar maquillaje al despertarse por la ma\u00f1ana y, a menudo, durante todo el d\u00eda. \u2063\u2063<\/span><\/p>\n<p class=\"p1\"><span style=\"font-size: 85%;\">\u2063El tratamiento utiliza un sistema para<span class=\"Apple-converted-space\">&nbsp;&nbsp;<\/span>introducir pigmentos semipermanentes de calidad en la piel. Estos pigmentos se agregan a los labios para crear una apariencia natural y suave en un color nude a un color dram\u00e1tico y audaz que imita tu labial favorito.<\/span><\/p>\n<p><strong>3D Lips: US$ 410<\/strong><\/p>\n<ul>\n<li class=\"p1\"><strong>Retoque: US$ 100<\/strong><\/li>\n<\/ul>\n<p><strong>Neutralizaci\u00f3n de labios: US$ 390<\/strong><\/p>\n<ul>\n<li class=\"p1\"><strong>Retoque: US$ 60<\/strong><\/li>\n<\/ul>\n<p><strong>Revitalizaci\u00f3n: US$ 350<\/strong><\/p>\n<ul>\n<li class=\"p1\"><strong>Retoque: US$ 60<\/strong><\/li>\n<\/ul>\n<a data-animate=\"fadeInUp\" href=\"https:\/\/go.booker.com\/location\/CaracasStudio3DBrowsLashesPMU\/service-menu\" target=\"_blank\" class=\"button success is-bevel\" rel=\"noopener\"  style=\"border-radius:99px;\">\n    <span>Reserva<\/span>\n  <\/a>\n\n\n\n\t\t<\/div>\n\t\t\t\t\t<\/div>\n\n\t\n\n<\/div>\n\n\t\t<\/div>\n\t\t\t\t\n<style>\n#col-1334775125 > .col-inner {\n  padding: 10% 0px 0px 0px;\n}\n<\/style>\n\t<\/div>\n\n\t\n\n\t<div id=\"col-1488894543\" class=\"col medium-6 small-12 large-6 small-col-first\"  >\n\t\t\t\t<div class=\"col-inner\"  >\n\t\t\t\n\t\t\t\n\n\t<div class=\"img has-hover x md-x lg-x y md-y lg-y\" id=\"image_215982210\">\n\t\t\t\t\t\t\t\t<div class=\"img-inner dark\" >\n\t\t\t<img loading=\"lazy\" decoding=\"async\" width=\"800\" height=\"800\" src=\"https:\/\/studio3dbrows.com\/ve\/wp-content\/uploads\/2021\/04\/3dlips_logo-800x800.jpg\" class=\"attachment-large size-large\" alt=\"\" srcset=\"https:\/\/studio3dbrows.com\/ve\/wp-content\/uploads\/2021\/04\/3dlips_logo-800x800.jpg 800w, https:\/\/studio3dbrows.com\/ve\/wp-content\/uploads\/2021\/04\/3dlips_logo-400x400.jpg 400w, https:\/\/studio3dbrows.com\/ve\/wp-content\/uploads\/2021\/04\/3dlips_logo-280x280.jpg 280w, https:\/\/studio3dbrows.com\/ve\/wp-content\/uploads\/2021\/04\/3dlips_logo-768x768.jpg 768w, https:\/\/studio3dbrows.com\/ve\/wp-content\/uploads\/2021\/04\/3dlips_logo-510x510.jpg 510w, https:\/\/studio3dbrows.com\/ve\/wp-content\/uploads\/2021\/04\/3dlips_logo-100x100.jpg 100w, https:\/\/studio3dbrows.com\/ve\/wp-content\/uploads\/2021\/04\/3dlips_logo.jpg 1080w\" sizes=\"auto, (max-width: 800px) 100vw, 800px\" \/>\t\t\t\t\t\t\n\t\t\t\t\t<\/div>\n\t\t\t\t\t\t\t\t\n<style>\n#image_215982210 {\n  width: 100%;\n}\n<\/style>\n\t<\/div>\n\t\n\n\n\t\t<\/div>\n\t\t\t\t\t<\/div>\n\n\t\n\n<\/div>\n\t<div id=\"gap-689179375\" class=\"gap-element clearfix\" style=\"display:block; height:auto;\">\n\t\t\n<style>\n#gap-689179375 {\n  padding-top: 48px;\n}\n<\/style>\n\t<\/div>\n\t\n\n<div class=\"row row-collapse align-middle\"  id=\"row-957921497\">\n\n\n\t<div id=\"col-1723375498\" class=\"col medium-6 small-12 large-6\"  >\n\t\t\t\t<div class=\"col-inner\"  >\n\t\t\t\n\t\t\t\n\n\t<div class=\"img has-hover x md-x lg-x y md-y lg-y\" id=\"image_394607482\">\n\t\t\t\t\t\t\t\t<div class=\"img-inner dark\" >\n\t\t\t<img loading=\"lazy\" decoding=\"async\" width=\"800\" height=\"800\" src=\"https:\/\/studio3dbrows.com\/ve\/wp-content\/uploads\/2021\/04\/3dline_logo-800x800.jpg\" class=\"attachment-large size-large\" alt=\"\" srcset=\"https:\/\/studio3dbrows.com\/ve\/wp-content\/uploads\/2021\/04\/3dline_logo-800x800.jpg 800w, https:\/\/studio3dbrows.com\/ve\/wp-content\/uploads\/2021\/04\/3dline_logo-400x400.jpg 400w, https:\/\/studio3dbrows.com\/ve\/wp-content\/uploads\/2021\/04\/3dline_logo-280x280.jpg 280w, https:\/\/studio3dbrows.com\/ve\/wp-content\/uploads\/2021\/04\/3dline_logo-768x768.jpg 768w, https:\/\/studio3dbrows.com\/ve\/wp-content\/uploads\/2021\/04\/3dline_logo-510x510.jpg 510w, https:\/\/studio3dbrows.com\/ve\/wp-content\/uploads\/2021\/04\/3dline_logo-100x100.jpg 100w, https:\/\/studio3dbrows.com\/ve\/wp-content\/uploads\/2021\/04\/3dline_logo.jpg 1200w\" sizes=\"auto, (max-width: 800px) 100vw, 800px\" \/>\t\t\t\t\t\t\n\t\t\t\t\t<\/div>\n\t\t\t\t\t\t\t\t\n<style>\n#image_394607482 {\n  width: 100%;\n}\n<\/style>\n\t<\/div>\n\t\n\n\n\t\t<\/div>\n\t\t\t\t\t<\/div>\n\n\t\n\n\t<div id=\"col-1878339104\" class=\"col medium-6 small-12 large-6\"  >\n\t\t\t\t<div class=\"col-inner\"  >\n\t\t\t\n\t\t\t\n\n<div class=\"row align-center\"  id=\"row-2031890851\">\n\n\n\t<div id=\"col-517994379\" class=\"col medium-10 small-10 large-8\"  >\n\t\t\t\t<div class=\"col-inner\"  >\n\t\t\t\n\t\t\t\n\n<h3 class=\"p1\"><span style=\"font-size: 85%;\">3D Line<\/span><\/h3>\n<p class=\"p1\"><span style=\"font-size: 85%;\">La 3D Line crea ojos definidos de aspecto natural las 24 horas del d\u00eda, los 7 d\u00edas de la semana, sin importar lo que est\u00e9s haciendo.<\/span><\/p>\n<p><strong>Precio: US$ 210<\/strong><\/p>\n<ul>\n<li>Retoque: US$ 60<\/li>\n<\/ul>\n<a data-animate=\"fadeInUp\" href=\"https:\/\/go.booker.com\/location\/CaracasStudio3DBrowsLashesPMU\/service-menu\" target=\"_blank\" class=\"button success is-bevel\" rel=\"noopener\"  style=\"border-radius:99px;\">\n    <span>Reserva<\/span>\n  <\/a>\n\n\n\n\t\t<\/div>\n\t\t\t\t\t<\/div>\n\n\t\n\n<\/div>\n\n\t\t<\/div>\n\t\t\t\t\n<style>\n#col-1878339104 > .col-inner {\n  padding: 10% 0px 0px 0px;\n}\n<\/style>\n\t<\/div>\n\n\t\n\n<\/div>\n\n\t\t<\/div>\n\n\t\t\n<style>\n#section_437357194 {\n  padding-top: 60px;\n  padding-bottom: 60px;\n}\n<\/style>\n\t<\/section>\n\t\n\n","protected":false},"excerpt":{"rendered":"","protected":false},"author":1,"featured_media":0,"parent":0,"menu_order":0,"comment_status":"closed","ping_status":"closed","template":"page-blank.php","meta":{"footnotes":""},"class_list":["post-379","page","type-page","status-publish","hentry"],"_links":{"self":[{"href":"https:\/\/studio3dbrows.com\/ve\/wp-json\/wp\/v2\/pages\/379","targetHints":{"allow":["GET"]}}],"collection":[{"href":"https:\/\/studio3dbrows.com\/ve\/wp-json\/wp\/v2\/pages"}],"about":[{"href":"https:\/\/studio3dbrows.com\/ve\/wp-json\/wp\/v2\/types\/page"}],"author":[{"embeddable":true,"href":"https:\/\/studio3dbrows.com\/ve\/wp-json\/wp\/v2\/users\/1"}],"replies":[{"embeddable":true,"href":"https:\/\/studio3dbrows.com\/ve\/wp-json\/wp\/v2\/comments?post=379"}],"version-history":[{"count":12,"href":"https:\/\/studio3dbrows.com\/ve\/wp-json\/wp\/v2\/pages\/379\/revisions"}],"predecessor-version":[{"id":1948,"href":"https:\/\/studio3dbrows.com\/ve\/wp-json\/wp\/v2\/pages\/379\/revisions\/1948"}],"wp:attachment":[{"href":"https:\/\/studio3dbrows.com\/ve\/wp-json\/wp\/v2\/media?parent=379"}],"curies":[{"name":"wp","href":"https:\/\/api.w.org\/{rel}","templated":true}]}}