{"id":3,"date":"2020-06-08T20:04:55","date_gmt":"2020-06-09T00:04:55","guid":{"rendered":"http:\/\/estudio3dbrows.com\/?page_id=3"},"modified":"2020-12-15T18:26:02","modified_gmt":"2020-12-15T22:26:02","slug":"politica-compra-devolucion","status":"publish","type":"page","link":"https:\/\/studio3dbrows.com\/ve\/politica-compra-devolucion\/","title":{"rendered":"Pol\u00edtica de Compra y Devoluci\u00f3n"},"content":{"rendered":"\n<h2><strong>Pol\u00edtica de compra y devoluci\u00f3n<\/strong><\/h2>\n<p class=\"p1\"><strong><span class=\"s1\">REGISTRO DE USUARIOS<\/span><\/strong><\/p>\n<p class=\"p1\">Para navegar por la web y agendar citas no es necesario estar registrado. Sin embargo, para realizar el pago del producto o servicio s\u00ed ser\u00e1 necesario que se registre como usuario. Le solicitaremos sus datos personales para generar su ficha de cliente, incluyendo, sin limitaci\u00f3n, su n\u00famero de tarjeta de cr\u00e9dito, la fecha de vencimiento de su tarjeta de cr\u00e9dito, su direcci\u00f3n de facturaci\u00f3n y sus datos personales.<\/p>\n<p class=\"p3\">Cuando crea una cuenta con nosotros, debe proporcionarnos informaci\u00f3n precisa, completa y actualizada en todo momento. El no hacerlo constituye una violaci\u00f3n de los T\u00e9rminos, que puede resultar en la cancelaci\u00f3n inmediata de su cuenta en nuestro Sitio.<\/p>\n<p class=\"p3\">Usted declara y garantiza que tiene el derecho legal de utilizar cualquier tarjeta de cr\u00e9dito u otro m\u00e9todo de pago en relaci\u00f3n con cualquier Compra y que la informaci\u00f3n que nos proporciona es verdadera, correcta y completa.<\/p>\n<p class=\"p3\">Al enviar dicha informaci\u00f3n, nos otorga el derecho a proporcionar la informaci\u00f3n a terceros con el fin de facilitar la finalizaci\u00f3n de las Compras.<\/p>\n<p class=\"p3\">Nos reservamos el derecho de rechazar o cancelar su pedido en cualquier momento por ciertas razones que incluyen, entre otras: disponibilidad del producto o servicio, errores en la descripci\u00f3n o precio del producto o servicio, error en su pedido u otras razones.<\/p>\n<p class=\"p3\">Nos reservamos el derecho de rechazar o cancelar su pedido si se sospecha de fraude o de una transacci\u00f3n no autorizada o ilegal.<\/p>\n<p class=\"p1\">Con su cuenta de usuario podr\u00e1 realizar compras y beneficiarse de los descuentos, promociones y regalos que ofrecemos a nuestros clientes.<\/p>\n<p class=\"p1\">En su cuenta podr\u00e1 consultar el historial y detalles de sus pedidos, sus direcciones de env\u00edo, sus medios de pago, sus vales de descuento, etc.<\/p>\n<p class=\"p3\"><strong><span class=\"s1\">PRECIOS<\/span><\/strong><\/p>\n<p class=\"p3\">Actualizamos constantemente nuestras ofertas de servicios en el Sitio. Los servicios disponibles en nuestro Sitio pueden tener un precio incorrecto, describirse de manera inexacta o no estar disponibles, y podemos experimentar demoras en la actualizaci\u00f3n de la informaci\u00f3n en el Sitio y en nuestra publicidad en otros sitios web.<\/p>\n<p class=\"p3\">No podemos garantizar y no garantizamos la precisi\u00f3n o integridad de ninguna informaci\u00f3n, incluidos precios, im\u00e1genes de productos, especificaciones, disponibilidad y servicios. Nos reservamos el derecho de cambiar o actualizar la informaci\u00f3n y corregir errores, inexactitudes u omisiones en cualquier momento sin previo aviso.<\/p>\n<p class=\"p1\"><strong><span class=\"s1\">FORMAS DE PAGO<\/span><\/strong><\/p>\n<p class=\"p1\">Los servicios se abonar\u00e1n por anticipado por parte del cliente mediante tarjeta o transferencia bancaria.<\/p>\n<p class=\"p1\">Al agendar una cita o adquirir un plan de membres\u00eda u otro producto o servicio, el cliente puede elegir libremente pagar las compras que realice de manera online mediante:<\/p>\n<ul class=\"ul1\">\n<li class=\"li1\">Tarjeta de cr\u00e9dito o d\u00e9bito.\u00a0A trav\u00e9s de este medio de pago, el comprador tendr\u00e1 que facilitar su n\u00famero de tarjeta, la fecha de caducidad y su n\u00famero CVV. En este caso, sus datos ser\u00e1n cifrados y enviados bajo servidor seguro al TPV virtual del banco. Este\u00a0procedimiento no facilita ning\u00fan dato de su\u00a0tarjeta a www.estudio3dbrows.com<\/li>\n<li class=\"li1\">Transferencia bancaria:\u00a0El cliente para efectuar el pago mediante esta modalidad ha de hacer una transferencia bancaria (determinando en el concepto la referencia del pedido) en un plazo m\u00e1ximo de 3 d\u00edas h\u00e1biles desde la realizaci\u00f3n del pedido. La empresa se reserva el derecho de cancelar el pedido en caso de no haber recibido confirmaci\u00f3n de la transferencia transcurrido dicho plazo. La cuenta bancaria se mostrar\u00e1 al cliente en el momento en que \u00e9ste elija esta modalidad de pago y recibir\u00e1 un correo electr\u00f3nico indicando el importe y cuenta a la que realizar la transferencia.<\/li>\n<\/ul>\n<p class=\"p1\"><strong><span class=\"s1\">CANCELACI\u00d3N <\/span><\/strong><\/p>\n<p class=\"p1\">El consumidor y\/o usuario dispondr\u00e1 de un plazo\u00a0de hasta 4 horas para cancelar su cita antes de la hora estipulada de la misma.<\/p>\n<p class=\"p1\">Al ingresar la informaci\u00f3n de su tarjeta de cr\u00e9dito, el usuario acepta una tarifa de cancelaci\u00f3n del 5% del total del servicio.<\/p>\n<p class=\"p1\">Para cancelaci\u00f3n o modificaci\u00f3n de cita, el usuario podr\u00e1 realizar el proceso desde su usuario registrado en <a href=\"http:\/\/estudio3dbrows.com\"><span class=\"s1\">www.estudio3dbrows.com<\/span><\/a>, enviando un correo electr\u00f3nico a <a href=\"mailto:info@estudio3dbrows.com\"><span class=\"s1\">info@estudio3dbrows.com<\/span><\/a> o comunic\u00e1ndose v\u00eda telef\u00f3nica al estudio donde tiene la cita agendada.<\/p>\n<p class=\"p1\">La informaci\u00f3n de la tarjeta de cr\u00e9dito est\u00e1 encriptada y almacenada en el perfil del cliente para ser utilizada de acuerdo con nuestra pol\u00edtica de cancelaci\u00f3n \/ no presentaci\u00f3n.<\/p>\n<p class=\"p1\">Si el cliente se encuentra en algun Estudio 3D Brows y decide cancelar luego de pagar un procedimiento semipermanente, la devoluci\u00f3n solo ser\u00e1 75% del costo del procedimiento. El 25% no puede ser devuelto por el uso de los materiales gastables.<\/p>\n\n","protected":false},"excerpt":{"rendered":"","protected":false},"author":1,"featured_media":0,"parent":0,"menu_order":0,"comment_status":"closed","ping_status":"closed","template":"","meta":{"footnotes":""},"class_list":["post-3","page","type-page","status-publish","hentry"],"_links":{"self":[{"href":"https:\/\/studio3dbrows.com\/ve\/wp-json\/wp\/v2\/pages\/3","targetHints":{"allow":["GET"]}}],"collection":[{"href":"https:\/\/studio3dbrows.com\/ve\/wp-json\/wp\/v2\/pages"}],"about":[{"href":"https:\/\/studio3dbrows.com\/ve\/wp-json\/wp\/v2\/types\/page"}],"author":[{"embeddable":true,"href":"https:\/\/studio3dbrows.com\/ve\/wp-json\/wp\/v2\/users\/1"}],"replies":[{"embeddable":true,"href":"https:\/\/studio3dbrows.com\/ve\/wp-json\/wp\/v2\/comments?post=3"}],"version-history":[{"count":5,"href":"https:\/\/studio3dbrows.com\/ve\/wp-json\/wp\/v2\/pages\/3\/revisions"}],"predecessor-version":[{"id":1245,"href":"https:\/\/studio3dbrows.com\/ve\/wp-json\/wp\/v2\/pages\/3\/revisions\/1245"}],"wp:attachment":[{"href":"https:\/\/studio3dbrows.com\/ve\/wp-json\/wp\/v2\/media?parent=3"}],"curies":[{"name":"wp","href":"https:\/\/api.w.org\/{rel}","templated":true}]}}