{"id":2057,"date":"2021-06-06T04:19:43","date_gmt":"2021-06-06T08:19:43","guid":{"rendered":"https:\/\/estudio3dbrows.com\/?page_id=2057"},"modified":"2023-09-06T11:38:36","modified_gmt":"2023-09-06T15:38:36","slug":"3d-line","status":"publish","type":"page","link":"https:\/\/studio3dbrows.com\/ve\/3d-line\/","title":{"rendered":"3D Line"},"content":{"rendered":"\n\n  <div class=\"banner has-hover\" id=\"banner-2021178586\">\n          <div class=\"banner-inner fill\">\n        <div class=\"banner-bg fill\" >\n            <div class=\"bg fill bg-fill \"><\/div>\n                        <div class=\"overlay\"><\/div>            \n                    <\/div>\n\t\t\n        <div class=\"banner-layers container\">\n            <div class=\"fill banner-link\"><\/div>            \n\n   <div id=\"text-box-1708412164\" class=\"text-box banner-layer x50 md-x50 lg-x50 y50 md-y50 lg-y50 res-text\">\n                                <div class=\"text-box-content text dark\">\n              \n              <div class=\"text-inner text-center\">\n                  \n\n<p class=\"p1\"><span style=\"font-size: 300%;\"><span style=\"color: #282828;\">3D EYELINER<\/span><\/span><\/p>\n\n\n              <\/div>\n           <\/div>\n                            \n<style>\n#text-box-1708412164 {\n  width: 60%;\n}\n#text-box-1708412164 .text-box-content {\n  font-size: 100%;\n}\n<\/style>\n    <\/div>\n \n\n        <\/div>\n      <\/div>\n\n            \n<style>\n#banner-2021178586 {\n  padding-top: 212px;\n}\n#banner-2021178586 .bg.bg-loaded {\n  background-image: url(https:\/\/studio3dbrows.com\/ve\/wp-content\/uploads\/2020\/06\/micro-1250x800.jpg);\n}\n#banner-2021178586 .overlay {\n  background-color: rgba(234, 228, 222, 0.547);\n}\n#banner-2021178586 .bg {\n  background-position: 37% 12%;\n}\n<\/style>\n  <\/div>\n\n\n\n  <div class=\"banner has-hover\" id=\"banner-1821961336\">\n          <div class=\"banner-inner fill\">\n        <div class=\"banner-bg fill\" >\n            <div class=\"bg fill bg-fill \"><\/div>\n                                    \n                    <\/div>\n\t\t\n        <div class=\"banner-layers container\">\n            <div class=\"fill banner-link\"><\/div>            \n\n   <div id=\"text-box-478382663\" class=\"text-box banner-layer x50 md-x50 lg-x50 y50 md-y50 lg-y50 res-text\">\n                                <div class=\"text-box-content text dark\">\n              \n              <div class=\"text-inner text-center\">\n                  \n\n\t<div id=\"text-1593456455\" class=\"text\">\n\t\t\n\n<p><strong><span style=\"color: #000000;\">\u00a1TU CAMINO HACIA UN ROSTRO SIEMPRE LISTO!<\/span><\/strong><\/p>\n<p class=\"p1\"><span style=\"font-size: 95%;\">Te ofrecemos varias t\u00e9cnicas de Micropigmentaci\u00f3n para un rostro siempre listo. Una forma de Maquillaje Semipermanente que dura a\u00f1os siempre y cuando apliques los retoques.<\/span><\/p>\n<p class=\"alt-font\">\n\n\t\t\n<style>\n#text-1593456455 {\n  color: rgb(0,0,0);\n}\n#text-1593456455 > * {\n  color: rgb(0,0,0);\n}\n<\/style>\n\t<\/div>\n\t\n\n              <\/div>\n           <\/div>\n                            \n<style>\n#text-box-478382663 {\n  width: 60%;\n}\n#text-box-478382663 .text-box-content {\n  font-size: 100%;\n}\n<\/style>\n    <\/div>\n \n\n        <\/div>\n      <\/div>\n\n            \n<style>\n#banner-1821961336 {\n  padding-top: 250px;\n  background-color: rgba(234, 228, 222, 0.872);\n}\n<\/style>\n  <\/div>\n\n\n\t<section class=\"section info-cards-chess-box\" id=\"section_166547975\">\n\t\t<div class=\"bg section-bg fill bg-fill  bg-loaded\" >\n\n\t\t\t\n\t\t\t\n\t\t\t\n\n\t\t<\/div>\n\n\t\t\n\n\t\t<div class=\"section-content relative\">\n\t\t\t\n\n<div class=\"row row-collapse align-middle\"  id=\"row-1305703819\">\n\n\n\t<div id=\"col-1785948360\" class=\"col medium-6 small-12 large-6\"  >\n\t\t\t\t<div class=\"col-inner\"  >\n\t\t\t\n\t\t\t\n\n\t<div class=\"img has-hover x md-x lg-x y md-y lg-y\" id=\"image_305855977\">\n\t\t\t\t\t\t\t\t<div class=\"img-inner dark\" >\n\t\t\t<img loading=\"lazy\" decoding=\"async\" width=\"800\" height=\"800\" src=\"https:\/\/studio3dbrows.com\/ve\/wp-content\/uploads\/2021\/04\/3dline_logo-800x800.jpg\" class=\"attachment-large size-large\" alt=\"\" srcset=\"https:\/\/studio3dbrows.com\/ve\/wp-content\/uploads\/2021\/04\/3dline_logo-800x800.jpg 800w, https:\/\/studio3dbrows.com\/ve\/wp-content\/uploads\/2021\/04\/3dline_logo-400x400.jpg 400w, https:\/\/studio3dbrows.com\/ve\/wp-content\/uploads\/2021\/04\/3dline_logo-280x280.jpg 280w, https:\/\/studio3dbrows.com\/ve\/wp-content\/uploads\/2021\/04\/3dline_logo-768x768.jpg 768w, https:\/\/studio3dbrows.com\/ve\/wp-content\/uploads\/2021\/04\/3dline_logo-510x510.jpg 510w, https:\/\/studio3dbrows.com\/ve\/wp-content\/uploads\/2021\/04\/3dline_logo-100x100.jpg 100w, https:\/\/studio3dbrows.com\/ve\/wp-content\/uploads\/2021\/04\/3dline_logo.jpg 1200w\" sizes=\"auto, (max-width: 800px) 100vw, 800px\" \/>\t\t\t\t\t\t\n\t\t\t\t\t<\/div>\n\t\t\t\t\t\t\t\t\n<style>\n#image_305855977 {\n  width: 100%;\n}\n<\/style>\n\t<\/div>\n\t\n\n\n\t\t<\/div>\n\t\t\t\t\t<\/div>\n\n\t\n\n\t<div id=\"col-903637135\" class=\"col medium-6 small-12 large-6\"  >\n\t\t\t\t<div class=\"col-inner\"  >\n\t\t\t\n\t\t\t\n\n<div class=\"row align-center\"  id=\"row-1746202849\">\n\n\n\t<div id=\"col-580147873\" class=\"col medium-10 small-10 large-8\"  >\n\t\t\t\t<div class=\"col-inner\"  >\n\t\t\t\n\t\t\t\n\n<p class=\"p1\"><span style=\"font-size: 150%;\">3D Eyeliner<br \/><\/span>T\u00e9cnica que sustituye el delineado diario a trav\u00e9s de la micropigmentaci\u00f3n en el p\u00e1rpado superior o inferior del ojo.<\/p>\n<p><strong>Precio: $125<\/strong><\/p>\n<ul>\n<li><strong>Retoque 30-45 d\u00edas: $40<\/strong><\/li>\n<li><strong>Retoque 60-90 d\u00edas: $55<\/strong><\/li>\n<li><strong>Retoque 6 meses: $75<\/strong><\/li>\n<li><strong>Retoque 1 a\u00f1o: $90<\/strong><\/li>\n<\/ul>\n<p><em>*Precios en d\u00f3lares americanos.<\/em><\/p>\n<a data-animate=\"fadeInUp\" href=\"https:\/\/go.booker.com\/location\/CaracasStudio3DBrowsLashesPMU\/service-menu\" target=\"_blank\" class=\"button success is-bevel\" rel=\"noopener\"  style=\"border-radius:99px;\">\n    <span>Reserva<\/span>\n  <\/a>\n\n\n\n\t\t<\/div>\n\t\t\t\t\t<\/div>\n\n\t\n\n<\/div>\n\n\t\t<\/div>\n\t\t\t\t\n<style>\n#col-903637135 > .col-inner {\n  padding: 10% 0px 0px 0px;\n}\n<\/style>\n\t<\/div>\n\n\t\n\n<\/div>\n\t<div id=\"gap-1258218017\" class=\"gap-element clearfix\" style=\"display:block; height:auto;\">\n\t\t\n<style>\n#gap-1258218017 {\n  padding-top: 30px;\n}\n<\/style>\n\t<\/div>\n\t\n\n<div class=\"row row-collapse align-middle\"  id=\"row-2097841699\">\n\n\n\t<div id=\"col-2114953186\" class=\"col medium-6 small-12 large-6\"  >\n\t\t\t\t<div class=\"col-inner\"  >\n\t\t\t\n\t\t\t\n\n<div class=\"slider-wrapper relative\" id=\"slider-347726740\" >\n    <div class=\"slider slider-nav-circle slider-nav-large slider-nav-light slider-style-normal\"\n        data-flickity-options='{\n            \"cellAlign\": \"center\",\n            \"imagesLoaded\": true,\n            \"lazyLoad\": 1,\n            \"freeScroll\": false,\n            \"wrapAround\": true,\n            \"autoPlay\": 6000,\n            \"pauseAutoPlayOnHover\" : true,\n            \"prevNextButtons\": true,\n            \"contain\" : true,\n            \"adaptiveHeight\" : true,\n            \"dragThreshold\" : 10,\n            \"percentPosition\": true,\n            \"pageDots\": true,\n            \"rightToLeft\": false,\n            \"draggable\": true,\n            \"selectedAttraction\": 0.1,\n            \"parallax\" : 0,\n            \"friction\": 0.6        }'\n        >\n        \n\n\t<div class=\"img has-hover x md-x lg-x y md-y lg-y\" id=\"image_448622669\">\n\t\t\t\t\t\t\t\t<div class=\"img-inner dark\" >\n\t\t\t<img loading=\"lazy\" decoding=\"async\" width=\"800\" height=\"800\" src=\"https:\/\/studio3dbrows.com\/ve\/wp-content\/uploads\/2021\/06\/IMG_7180-800x800.jpg\" class=\"attachment-large size-large\" alt=\"\" srcset=\"https:\/\/studio3dbrows.com\/ve\/wp-content\/uploads\/2021\/06\/IMG_7180-800x800.jpg 800w, https:\/\/studio3dbrows.com\/ve\/wp-content\/uploads\/2021\/06\/IMG_7180-400x400.jpg 400w, https:\/\/studio3dbrows.com\/ve\/wp-content\/uploads\/2021\/06\/IMG_7180-280x280.jpg 280w, https:\/\/studio3dbrows.com\/ve\/wp-content\/uploads\/2021\/06\/IMG_7180-768x768.jpg 768w, https:\/\/studio3dbrows.com\/ve\/wp-content\/uploads\/2021\/06\/IMG_7180-1536x1536.jpg 1536w, https:\/\/studio3dbrows.com\/ve\/wp-content\/uploads\/2021\/06\/IMG_7180.jpg 2048w, https:\/\/studio3dbrows.com\/ve\/wp-content\/uploads\/2021\/06\/IMG_7180-510x510.jpg 510w, https:\/\/studio3dbrows.com\/ve\/wp-content\/uploads\/2021\/06\/IMG_7180-100x100.jpg 100w\" sizes=\"auto, (max-width: 800px) 100vw, 800px\" \/>\t\t\t\t\t\t\n\t\t\t\t\t<\/div>\n\t\t\t\t\t\t\t\t\n<style>\n#image_448622669 {\n  width: 100%;\n}\n<\/style>\n\t<\/div>\n\t\n\n\t<div class=\"img has-hover x md-x lg-x y md-y lg-y\" id=\"image_324725778\">\n\t\t\t\t\t\t\t\t<div class=\"img-inner dark\" >\n\t\t\t<img loading=\"lazy\" decoding=\"async\" width=\"800\" height=\"800\" src=\"https:\/\/studio3dbrows.com\/ve\/wp-content\/uploads\/2021\/06\/IMG_7179-800x800.jpg\" class=\"attachment-large size-large\" alt=\"\" srcset=\"https:\/\/studio3dbrows.com\/ve\/wp-content\/uploads\/2021\/06\/IMG_7179-800x800.jpg 800w, https:\/\/studio3dbrows.com\/ve\/wp-content\/uploads\/2021\/06\/IMG_7179-400x400.jpg 400w, https:\/\/studio3dbrows.com\/ve\/wp-content\/uploads\/2021\/06\/IMG_7179-280x280.jpg 280w, https:\/\/studio3dbrows.com\/ve\/wp-content\/uploads\/2021\/06\/IMG_7179-768x768.jpg 768w, https:\/\/studio3dbrows.com\/ve\/wp-content\/uploads\/2021\/06\/IMG_7179-1536x1536.jpg 1536w, https:\/\/studio3dbrows.com\/ve\/wp-content\/uploads\/2021\/06\/IMG_7179.jpg 2048w, https:\/\/studio3dbrows.com\/ve\/wp-content\/uploads\/2021\/06\/IMG_7179-510x510.jpg 510w, https:\/\/studio3dbrows.com\/ve\/wp-content\/uploads\/2021\/06\/IMG_7179-100x100.jpg 100w\" sizes=\"auto, (max-width: 800px) 100vw, 800px\" \/>\t\t\t\t\t\t\n\t\t\t\t\t<\/div>\n\t\t\t\t\t\t\t\t\n<style>\n#image_324725778 {\n  width: 100%;\n}\n<\/style>\n\t<\/div>\n\t\n\n\n     <\/div>\n\n     <div class=\"loading-spin dark large centered\"><\/div>\n\n\t<\/div>\n\n\n\n\t\t<\/div>\n\t\t\t\t\t<\/div>\n\n\t\n\n\t<div id=\"col-1095309585\" class=\"col medium-6 small-12 large-6\"  >\n\t\t\t\t<div class=\"col-inner\"  >\n\t\t\t\n\t\t\t\n\n<div class=\"row align-center\"  id=\"row-1219814877\">\n\n\n\t<div id=\"col-265434772\" class=\"col medium-10 small-10 large-8\"  >\n\t\t\t\t<div class=\"col-inner\"  >\n\t\t\t\n\t\t\t\n\n<p><b><span style=\"background-color: #000000; color: #ffffff;\"><span style=\"font-size: 75%;\">\u00a0NUEVO\u00a0<br \/><\/span><\/span><\/b><span style=\"font-size: 150%;\">Pin-Up Eyeliner<\/span><\/p>\n<p class=\"p1\">El procedimiento Shadow Eyeliner utiliza la misma t\u00e9cnica que el 3D Eyeliner, incorporando un efecto de sombreado en el p\u00e1rpado superior del ojo.<\/p>\n<p><strong>Precio: $175<\/strong><\/p>\n<ul>\n<li>Retoque 30-45 d\u00edas: $40<\/li>\n<li>Retoque 60-90 d\u00edas: $65<\/li>\n<li>Retoque 6 meses: $95<\/li>\n<li>Retoque 1 a\u00f1o: $125<\/li>\n<\/ul>\n<p><em>*Precios en d\u00f3lares americanos.<\/em><\/p>\n<a data-animate=\"fadeInUp\" href=\"https:\/\/go.booker.com\/location\/CaracasStudio3DBrowsLashesPMU\/service-menu\" target=\"_blank\" class=\"button success is-bevel\" rel=\"noopener\"  style=\"border-radius:99px;\">\n    <span>Reserva<\/span>\n  <\/a>\n\n\n\n\t\t<\/div>\n\t\t\t\t\t<\/div>\n\n\t\n\n<\/div>\n\n\t\t<\/div>\n\t\t\t\t\n<style>\n#col-1095309585 > .col-inner {\n  padding: 10% 0px 0px 0px;\n}\n<\/style>\n\t<\/div>\n\n\t\n\n<\/div>\n\n\t\t<\/div>\n\n\t\t\n<style>\n#section_166547975 {\n  padding-top: 60px;\n  padding-bottom: 60px;\n}\n<\/style>\n\t<\/section>\n\t\n\n","protected":false},"excerpt":{"rendered":"","protected":false},"author":1,"featured_media":0,"parent":0,"menu_order":0,"comment_status":"closed","ping_status":"closed","template":"page-blank.php","meta":{"footnotes":""},"class_list":["post-2057","page","type-page","status-publish","hentry"],"_links":{"self":[{"href":"https:\/\/studio3dbrows.com\/ve\/wp-json\/wp\/v2\/pages\/2057","targetHints":{"allow":["GET"]}}],"collection":[{"href":"https:\/\/studio3dbrows.com\/ve\/wp-json\/wp\/v2\/pages"}],"about":[{"href":"https:\/\/studio3dbrows.com\/ve\/wp-json\/wp\/v2\/types\/page"}],"author":[{"embeddable":true,"href":"https:\/\/studio3dbrows.com\/ve\/wp-json\/wp\/v2\/users\/1"}],"replies":[{"embeddable":true,"href":"https:\/\/studio3dbrows.com\/ve\/wp-json\/wp\/v2\/comments?post=2057"}],"version-history":[{"count":10,"href":"https:\/\/studio3dbrows.com\/ve\/wp-json\/wp\/v2\/pages\/2057\/revisions"}],"predecessor-version":[{"id":3363,"href":"https:\/\/studio3dbrows.com\/ve\/wp-json\/wp\/v2\/pages\/2057\/revisions\/3363"}],"wp:attachment":[{"href":"https:\/\/studio3dbrows.com\/ve\/wp-json\/wp\/v2\/media?parent=2057"}],"curies":[{"name":"wp","href":"https:\/\/api.w.org\/{rel}","templated":true}]}}