{"id":2050,"date":"2021-06-06T03:35:16","date_gmt":"2021-06-06T07:35:16","guid":{"rendered":"https:\/\/estudio3dbrows.com\/?page_id=2050"},"modified":"2023-09-06T11:26:44","modified_gmt":"2023-09-06T15:26:44","slug":"3d-lips","status":"publish","type":"page","link":"https:\/\/studio3dbrows.com\/ve\/3d-lips\/","title":{"rendered":"3D Lips"},"content":{"rendered":"\n\n  <div class=\"banner has-hover\" id=\"banner-2078926958\">\n          <div class=\"banner-inner fill\">\n        <div class=\"banner-bg fill\" >\n            <div class=\"bg fill bg-fill \"><\/div>\n                        <div class=\"overlay\"><\/div>            \n                    <\/div>\n\t\t\n        <div class=\"banner-layers container\">\n            <div class=\"fill banner-link\"><\/div>            \n\n   <div id=\"text-box-650144505\" class=\"text-box banner-layer x50 md-x50 lg-x50 y50 md-y50 lg-y50 res-text\">\n                                <div class=\"text-box-content text dark\">\n              \n              <div class=\"text-inner text-center\">\n                  \n\n<p class=\"p1\"><span style=\"font-size: 300%;\"><span style=\"color: #282828;\">LABIOS 3D<\/span><\/span><\/p>\n\n              <\/div>\n           <\/div>\n                            \n<style>\n#text-box-650144505 {\n  width: 60%;\n}\n#text-box-650144505 .text-box-content {\n  font-size: 100%;\n}\n<\/style>\n    <\/div>\n \n\n        <\/div>\n      <\/div>\n\n            \n<style>\n#banner-2078926958 {\n  padding-top: 212px;\n}\n#banner-2078926958 .bg.bg-loaded {\n  background-image: url(https:\/\/studio3dbrows.com\/ve\/wp-content\/uploads\/2020\/06\/micro.jpg);\n}\n#banner-2078926958 .overlay {\n  background-color: rgba(234, 228, 222, 0.756);\n}\n#banner-2078926958 .bg {\n  background-position: 37% 65%;\n}\n<\/style>\n  <\/div>\n\n\n\n  <div class=\"banner has-hover\" id=\"banner-9641413\">\n          <div class=\"banner-inner fill\">\n        <div class=\"banner-bg fill\" >\n            <div class=\"bg fill bg-fill \"><\/div>\n                                    \n                    <\/div>\n\t\t\n        <div class=\"banner-layers container\">\n            <div class=\"fill banner-link\"><\/div>            \n\n   <div id=\"text-box-997101824\" class=\"text-box banner-layer x50 md-x50 lg-x50 y50 md-y50 lg-y50 res-text\">\n                                <div class=\"text-box-content text dark\">\n              \n              <div class=\"text-inner text-center\">\n                  \n\n\t<div id=\"text-479906469\" class=\"text\">\n\t\t\n\n<p><strong>\u00a1TU CAMINO HACIA UN ROSTRO SIEMPRE LISTO!<\/strong><\/p>\n<p><span style=\"font-size: 90%;\">Te ofrecemos varias t\u00e9cnicas de micropigmentaci\u00f3n para un rostro siempre listo. Nuestros 3D Lips dura a\u00f1os siempre y cuando apliques los retoques recomendados.<\/span><\/p>\n\t\t\n<style>\n#text-479906469 {\n  color: rgb(0, 0, 0);\n}\n#text-479906469 > * {\n  color: rgb(0, 0, 0);\n}\n<\/style>\n\t<\/div>\n\t\n\n              <\/div>\n           <\/div>\n                            \n<style>\n#text-box-997101824 {\n  width: 60%;\n}\n#text-box-997101824 .text-box-content {\n  font-size: 100%;\n}\n<\/style>\n    <\/div>\n \n\n        <\/div>\n      <\/div>\n\n            \n<style>\n#banner-9641413 {\n  padding-top: 200px;\n  background-color: rgba(234, 228, 222, 0.547);\n}\n<\/style>\n  <\/div>\n\n\n\t<section class=\"section info-cards-chess-box\" id=\"section_945827477\">\n\t\t<div class=\"bg section-bg fill bg-fill  bg-loaded\" >\n\n\t\t\t\n\t\t\t\n\t\t\t\n\n\t\t<\/div>\n\n\t\t\n\n\t\t<div class=\"section-content relative\">\n\t\t\t\n\n<div class=\"row row-collapse\"  id=\"row-1413948818\">\n\n\n\t<div id=\"col-1267345303\" class=\"col medium-6 small-12 large-6 small-col-first\"  >\n\t\t\t\t<div class=\"col-inner\"  >\n\t\t\t\n\t\t\t\n\n\t<div class=\"img has-hover x md-x lg-x y md-y lg-y\" id=\"image_1233247677\">\n\t\t\t\t\t\t\t\t<div class=\"img-inner dark\" >\n\t\t\t<img loading=\"lazy\" decoding=\"async\" width=\"800\" height=\"800\" src=\"https:\/\/studio3dbrows.com\/ve\/wp-content\/uploads\/2021\/04\/3dlips_logo-800x800.jpg\" class=\"attachment-large size-large\" alt=\"\" srcset=\"https:\/\/studio3dbrows.com\/ve\/wp-content\/uploads\/2021\/04\/3dlips_logo-800x800.jpg 800w, https:\/\/studio3dbrows.com\/ve\/wp-content\/uploads\/2021\/04\/3dlips_logo-400x400.jpg 400w, https:\/\/studio3dbrows.com\/ve\/wp-content\/uploads\/2021\/04\/3dlips_logo-280x280.jpg 280w, https:\/\/studio3dbrows.com\/ve\/wp-content\/uploads\/2021\/04\/3dlips_logo-768x768.jpg 768w, https:\/\/studio3dbrows.com\/ve\/wp-content\/uploads\/2021\/04\/3dlips_logo-510x510.jpg 510w, https:\/\/studio3dbrows.com\/ve\/wp-content\/uploads\/2021\/04\/3dlips_logo-100x100.jpg 100w, https:\/\/studio3dbrows.com\/ve\/wp-content\/uploads\/2021\/04\/3dlips_logo.jpg 1080w\" sizes=\"auto, (max-width: 800px) 100vw, 800px\" \/>\t\t\t\t\t\t\n\t\t\t\t\t<\/div>\n\t\t\t\t\t\t\t\t\n<style>\n#image_1233247677 {\n  width: 100%;\n}\n<\/style>\n\t<\/div>\n\t\n\n\n\t\t<\/div>\n\t\t\t\t\t<\/div>\n\n\t\n\n\t<div id=\"col-2004391389\" class=\"col medium-6 small-12 large-6\"  >\n\t\t\t\t<div class=\"col-inner\"  >\n\t\t\t\n\t\t\t\n\n<div class=\"row align-center\"  id=\"row-1596903156\">\n\n\n\t<div id=\"col-410768159\" class=\"col medium-10 small-10 large-9\"  >\n\t\t\t\t<div class=\"col-inner\"  >\n\t\t\t\n\t\t\t\n\n<p><span style=\"font-size: 150%;\">3D LIPS<br \/><\/span><span style=\"font-size: 90%;\">El tratamiento de 3D Lips es una alternativa segura y de aspecto natural a la rutina diaria de aplicar maquillaje al despertarse por la ma\u00f1ana y, a menudo, durante todo el d\u00eda. \u2063\u2063<br \/><\/span><span style=\"font-size: 90%;\">El tratamiento utiliza un sistema para\u00a0\u00a0introducir pigmentos semipermanentes de calidad en la piel. Estos pigmentos se agregan a los labios para crear una apariencia natural y suave en un color nude a un color dram\u00e1tico y audaz que imita tu labial favorito.<\/span><\/p>\n<p><span style=\"font-size: 90%;\">En algunos casos, es posible que se necesite una neutralizaci\u00f3n de labios antes de realizar un procedimiento de 3D Lips.<\/span><\/p>\n<p><span style=\"font-size: 100%;\"><strong>Precios: $245<\/strong><\/span><\/p>\n<ul>\n<li><strong><span style=\"font-size: 100%;\">Retoque 30-45 d\u00edas: $60<\/span><\/strong><\/li>\n<li><strong><span style=\"font-size: 100%;\">Retoque 60-90 d\u00edas: $90<\/span><\/strong><\/li>\n<li><strong><span style=\"font-size: 100%;\">Retoque 6 meses: $125<\/span><\/strong><\/li>\n<li><strong><span style=\"font-size: 100%;\">Retoque 1 a\u00f1o: $185<\/span><\/strong><\/li>\n<\/ul>\n<p><span style=\"font-size: 100%;\"><em>*Precios en d\u00f3lares americanos.<\/em><\/span><\/p>\n<a data-animate=\"fadeInUp\" href=\"https:\/\/go.booker.com\/location\/CaracasStudio3DBrowsLashesPMU\/service-menu\" target=\"_blank\" class=\"button success is-bevel\" rel=\"noopener\"  style=\"border-radius:99px;\">\n    <span>Reserva<\/span>\n  <\/a>\n\n\n\n\t\t<\/div>\n\t\t\t\t\t<\/div>\n\n\t\n\n<\/div>\n\n\t\t<\/div>\n\t\t\t\t\n<style>\n#col-2004391389 > .col-inner {\n  padding: 0% 0px 0px 0px;\n}\n<\/style>\n\t<\/div>\n\n\t\n\n<\/div>\n\t<div id=\"gap-610788701\" class=\"gap-element clearfix\" style=\"display:block; height:auto;\">\n\t\t\n<style>\n#gap-610788701 {\n  padding-top: 54px;\n}\n<\/style>\n\t<\/div>\n\t\n\n<div class=\"row row-collapse\"  id=\"row-1544643248\">\n\n\n\t<div id=\"col-1987548761\" class=\"col medium-6 small-12 large-6\"  >\n\t\t\t\t<div class=\"col-inner\"  >\n\t\t\t\n\t\t\t\n\n\t<div class=\"img has-hover x md-x lg-x y md-y lg-y\" id=\"image_1731831656\">\n\t\t\t\t\t\t\t\t<div class=\"img-inner dark\" >\n\t\t\t<img loading=\"lazy\" decoding=\"async\" width=\"800\" height=\"800\" src=\"https:\/\/studio3dbrows.com\/ve\/wp-content\/uploads\/2021\/06\/lips-neutralization-800x800.jpg\" class=\"attachment-large size-large\" alt=\"\" srcset=\"https:\/\/studio3dbrows.com\/ve\/wp-content\/uploads\/2021\/06\/lips-neutralization-800x800.jpg 800w, https:\/\/studio3dbrows.com\/ve\/wp-content\/uploads\/2021\/06\/lips-neutralization-400x400.jpg 400w, https:\/\/studio3dbrows.com\/ve\/wp-content\/uploads\/2021\/06\/lips-neutralization-280x280.jpg 280w, https:\/\/studio3dbrows.com\/ve\/wp-content\/uploads\/2021\/06\/lips-neutralization-768x768.jpg 768w, https:\/\/studio3dbrows.com\/ve\/wp-content\/uploads\/2021\/06\/lips-neutralization-1536x1536.jpg 1536w, https:\/\/studio3dbrows.com\/ve\/wp-content\/uploads\/2021\/06\/lips-neutralization.jpg 2048w, https:\/\/studio3dbrows.com\/ve\/wp-content\/uploads\/2021\/06\/lips-neutralization-510x510.jpg 510w, https:\/\/studio3dbrows.com\/ve\/wp-content\/uploads\/2021\/06\/lips-neutralization-100x100.jpg 100w\" sizes=\"auto, (max-width: 800px) 100vw, 800px\" \/>\t\t\t\t\t\t\n\t\t\t\t\t<\/div>\n\t\t\t\t\t\t\t\t\n<style>\n#image_1731831656 {\n  width: 100%;\n}\n<\/style>\n\t<\/div>\n\t\n\n\n\t\t<\/div>\n\t\t\t\t\t<\/div>\n\n\t\n\n\t<div id=\"col-1121262684\" class=\"col medium-6 small-12 large-6\"  >\n\t\t\t\t<div class=\"col-inner\"  >\n\t\t\t\n\t\t\t\n\n<div class=\"row align-center\"  id=\"row-1213307193\">\n\n\n\t<div id=\"col-640057931\" class=\"col medium-10 small-10 large-10\"  >\n\t\t\t\t<div class=\"col-inner\"  >\n\t\t\t\n\t\t\t\n\n<p><span style=\"font-size: 150%;\">NEUTRALIZACI\u00d3N DE LABIOS<br \/><\/span><span style=\"font-size: 90%;\">Esta t\u00e9cnica tiene como objetivo unificar el tono de los labios, creando un color uniforme en toda la zona. El efecto puede permanecer por dos a\u00f1os dependiendo del tipo de piel.<\/span><\/p>\n<p><span style=\"font-size: 100%;\"><strong>Precios: $230<\/strong><\/span><\/p>\n<ul>\n<li><span style=\"font-size: 100%;\"><strong>Retoque 30-45 d\u00edas: $50<\/strong><\/span><\/li>\n<li><span style=\"font-size: 100%;\"><strong>Retoque 60-90 d\u00edas: $80<\/strong><\/span><\/li>\n<li><span style=\"font-size: 100%;\"><strong>Retoque 6 meses: $115<\/strong><\/span><\/li>\n<li><span style=\"font-size: 100%;\"><strong>Retoque 1 a\u00f1o: $175<\/strong><\/span><\/li>\n<\/ul>\n<p><em>*Precios en d\u00f3lares americanos.<\/em><\/p>\n<a data-animate=\"fadeInUp\" href=\"https:\/\/go.booker.com\/location\/CaracasStudio3DBrowsLashesPMU\/service-menu\" target=\"_blank\" class=\"button success is-bevel\" rel=\"noopener\"  style=\"border-radius:99px;\">\n    <span>Reserva<\/span>\n  <\/a>\n\n\n\n\t\t<\/div>\n\t\t\t\t\t<\/div>\n\n\t\n\n<\/div>\n\n\t\t<\/div>\n\t\t\t\t\n<style>\n#col-1121262684 > .col-inner {\n  padding: 10% 0px 0px 0px;\n}\n<\/style>\n\t<\/div>\n\n\t\n\n\n<style>\n#row-1544643248 > .col > .col-inner {\n  padding: 0px 0px 33px 0px;\n}\n<\/style>\n<\/div>\n\t<div id=\"gap-2037200727\" class=\"gap-element clearfix\" style=\"display:block; height:auto;\">\n\t\t\n<style>\n#gap-2037200727 {\n  padding-top: 25px;\n}\n<\/style>\n\t<\/div>\n\t\n\n<div class=\"row row-collapse\"  id=\"row-1966533456\">\n\n\n\t<div id=\"col-1906478402\" class=\"col medium-6 small-12 large-6\"  >\n\t\t\t\t<div class=\"col-inner\"  >\n\t\t\t\n\t\t\t\n\n\t<div class=\"img has-hover x md-x lg-x y md-y lg-y\" id=\"image_1856229612\">\n\t\t\t\t\t\t\t\t<div class=\"img-inner dark\" >\n\t\t\t<img loading=\"lazy\" decoding=\"async\" width=\"800\" height=\"800\" src=\"https:\/\/studio3dbrows.com\/ve\/wp-content\/uploads\/2021\/06\/IMG_7029-800x800.jpg\" class=\"attachment-large size-large\" alt=\"\" srcset=\"https:\/\/studio3dbrows.com\/ve\/wp-content\/uploads\/2021\/06\/IMG_7029-800x800.jpg 800w, https:\/\/studio3dbrows.com\/ve\/wp-content\/uploads\/2021\/06\/IMG_7029-400x400.jpg 400w, https:\/\/studio3dbrows.com\/ve\/wp-content\/uploads\/2021\/06\/IMG_7029-280x280.jpg 280w, https:\/\/studio3dbrows.com\/ve\/wp-content\/uploads\/2021\/06\/IMG_7029-768x768.jpg 768w, https:\/\/studio3dbrows.com\/ve\/wp-content\/uploads\/2021\/06\/IMG_7029-1536x1536.jpg 1536w, https:\/\/studio3dbrows.com\/ve\/wp-content\/uploads\/2021\/06\/IMG_7029.jpg 2048w, https:\/\/studio3dbrows.com\/ve\/wp-content\/uploads\/2021\/06\/IMG_7029-510x510.jpg 510w, https:\/\/studio3dbrows.com\/ve\/wp-content\/uploads\/2021\/06\/IMG_7029-100x100.jpg 100w\" sizes=\"auto, (max-width: 800px) 100vw, 800px\" \/>\t\t\t\t\t\t\n\t\t\t\t\t<\/div>\n\t\t\t\t\t\t\t\t\n<style>\n#image_1856229612 {\n  width: 100%;\n}\n<\/style>\n\t<\/div>\n\t\n\n\n\t\t<\/div>\n\t\t\t\t\t<\/div>\n\n\t\n\n\t<div id=\"col-246126909\" class=\"col medium-6 small-12 large-6\"  >\n\t\t\t\t<div class=\"col-inner\"  >\n\t\t\t\n\t\t\t\n\n<div class=\"row align-center\"  id=\"row-522107438\">\n\n\n\t<div id=\"col-1053646105\" class=\"col medium-10 small-10 large-9\"  >\n\t\t\t\t<div class=\"col-inner\"  >\n\t\t\t\n\t\t\t\n\n<p><span style=\"font-size: 150%;\">REVITALIZACI\u00d3N DE LABIOS<\/span><\/p>\n<p><span style=\"font-size: 90%;\">T\u00e9cnica indicada para hombres y mujeres que deseen dar una coloraci\u00f3n leve a los labios y a su vez a su contorno.<\/span><\/p>\n<p><span style=\"font-size: 100%;\"><strong>Precios: $210<\/strong><\/span><\/p>\n<ul>\n<li><span style=\"font-size: 100%;\"><strong>Retoque 30-45 d\u00edas: $50<\/strong><\/span><\/li>\n<li><span style=\"font-size: 100%;\"><strong>Retoque 60-90 d\u00edas: $80<\/strong><\/span><\/li>\n<li><span style=\"font-size: 100%;\"><strong>Retoque 6 meses: $115<\/strong><\/span><\/li>\n<li><span style=\"font-size: 100%;\"><strong>Retoque 1 a\u00f1o: $150<\/strong><\/span><\/li>\n<\/ul>\n<p><em>*Precios en d\u00f3lares americanos.<\/em><\/p>\n<a data-animate=\"fadeInUp\" href=\"https:\/\/go.booker.com\/location\/CaracasStudio3DBrowsLashesPMU\/service-menu\" target=\"_blank\" class=\"button success is-bevel\" rel=\"noopener\"  style=\"border-radius:99px;\">\n    <span>Reserva<\/span>\n  <\/a>\n\n\n\n\t\t<\/div>\n\t\t\t\t\t<\/div>\n\n\t\n\n<\/div>\n\n\t\t<\/div>\n\t\t\t\t\n<style>\n#col-246126909 > .col-inner {\n  padding: 0 0px 0px 0px;\n}\n<\/style>\n\t<\/div>\n\n\t\n\n<\/div>\n\n\t\t<\/div>\n\n\t\t\n<style>\n#section_945827477 {\n  padding-top: 60px;\n  padding-bottom: 60px;\n}\n<\/style>\n\t<\/section>\n\t\n\n","protected":false},"excerpt":{"rendered":"","protected":false},"author":1,"featured_media":0,"parent":0,"menu_order":0,"comment_status":"closed","ping_status":"closed","template":"page-blank.php","meta":{"footnotes":""},"class_list":["post-2050","page","type-page","status-publish","hentry"],"_links":{"self":[{"href":"https:\/\/studio3dbrows.com\/ve\/wp-json\/wp\/v2\/pages\/2050","targetHints":{"allow":["GET"]}}],"collection":[{"href":"https:\/\/studio3dbrows.com\/ve\/wp-json\/wp\/v2\/pages"}],"about":[{"href":"https:\/\/studio3dbrows.com\/ve\/wp-json\/wp\/v2\/types\/page"}],"author":[{"embeddable":true,"href":"https:\/\/studio3dbrows.com\/ve\/wp-json\/wp\/v2\/users\/1"}],"replies":[{"embeddable":true,"href":"https:\/\/studio3dbrows.com\/ve\/wp-json\/wp\/v2\/comments?post=2050"}],"version-history":[{"count":15,"href":"https:\/\/studio3dbrows.com\/ve\/wp-json\/wp\/v2\/pages\/2050\/revisions"}],"predecessor-version":[{"id":3362,"href":"https:\/\/studio3dbrows.com\/ve\/wp-json\/wp\/v2\/pages\/2050\/revisions\/3362"}],"wp:attachment":[{"href":"https:\/\/studio3dbrows.com\/ve\/wp-json\/wp\/v2\/media?parent=2050"}],"curies":[{"name":"wp","href":"https:\/\/api.w.org\/{rel}","templated":true}]}}