{"id":2045,"date":"2021-06-06T03:17:50","date_gmt":"2021-06-06T07:17:50","guid":{"rendered":"https:\/\/estudio3dbrows.com\/?page_id=2045"},"modified":"2024-03-09T08:58:07","modified_gmt":"2024-03-09T12:58:07","slug":"3d-brows","status":"publish","type":"page","link":"https:\/\/studio3dbrows.com\/ve\/3d-brows\/","title":{"rendered":"3D Brows"},"content":{"rendered":"\n\n  <div class=\"banner has-hover\" id=\"banner-1425476255\">\n          <div class=\"banner-inner fill\">\n        <div class=\"banner-bg fill\" >\n            <div class=\"bg fill bg-fill \"><\/div>\n                        <div class=\"overlay\"><\/div>            \n                    <\/div>\n\t\t\n        <div class=\"banner-layers container\">\n            <div class=\"fill banner-link\"><\/div>            \n\n   <div id=\"text-box-1204292573\" class=\"text-box banner-layer x50 md-x50 lg-x50 y50 md-y50 lg-y50 res-text\">\n                                <div class=\"text-box-content text dark\">\n              \n              <div class=\"text-inner text-center\">\n                  \n\n<p class=\"p1\"><span style=\"font-size: 300%;\"><span style=\"color: #282828;\">CEJAS 3D<\/span><\/span><\/p>\n\n              <\/div>\n           <\/div>\n                            \n<style>\n#text-box-1204292573 {\n  width: 60%;\n}\n#text-box-1204292573 .text-box-content {\n  font-size: 100%;\n}\n<\/style>\n    <\/div>\n \n\n        <\/div>\n      <\/div>\n\n            \n<style>\n#banner-1425476255 {\n  padding-top: 212px;\n}\n#banner-1425476255 .bg.bg-loaded {\n  background-image: url(https:\/\/studio3dbrows.com\/ve\/wp-content\/uploads\/2020\/06\/micro-1250x800.jpg);\n}\n#banner-1425476255 .overlay {\n  background-color: rgba(234, 228, 222, 0.75);\n}\n#banner-1425476255 .bg {\n  background-position: 34% 15%;\n}\n<\/style>\n  <\/div>\n\n\n\n  <div class=\"banner has-hover\" id=\"banner-1787625710\">\n          <div class=\"banner-inner fill\">\n        <div class=\"banner-bg fill\" >\n            <div class=\"bg fill bg-fill \"><\/div>\n                                    \n                    <\/div>\n\t\t\n        <div class=\"banner-layers container\">\n            <div class=\"fill banner-link\"><\/div>            \n\n   <div id=\"text-box-920362994\" class=\"text-box banner-layer x50 md-x50 lg-x50 y50 md-y50 lg-y50 res-text\">\n                                <div class=\"text-box-content text dark\">\n              \n              <div class=\"text-inner text-center\">\n                  \n\n<p><strong><span style=\"color: #000000;\">\u00a1TU CAMINO HACIA UN ROSTRO SIEMPRE LISTO!<\/span><\/strong><\/p>\n<p><span style=\"color: #000000; font-size: 85%;\">Ofrecemos varias t\u00e9cnicas de Micropigmentaci\u00f3n para cejas siempre-listas. Una forma de Maquillaje Semipermanente que dura a\u00f1os, siempre que realices los retoques recomendados.<\/span><\/p>\n<p><span style=\"color: #000000; font-size: 85%;\">Si quieres rellenar los huecos, definir o rellenar las cejas, estas son excelentes opciones. Usamos anestesia local para reducir las molestias.<\/span><\/p>\n\n              <\/div>\n           <\/div>\n                            \n<style>\n#text-box-920362994 {\n  width: 60%;\n}\n#text-box-920362994 .text-box-content {\n  font-size: 100%;\n}\n<\/style>\n    <\/div>\n \n\n        <\/div>\n      <\/div>\n\n            \n<style>\n#banner-1787625710 {\n  padding-top: 250px;\n  background-color: rgb(234, 228, 222);\n}\n<\/style>\n  <\/div>\n\n\n\t<section class=\"section info-cards-chess-box\" id=\"section_78109405\">\n\t\t<div class=\"bg section-bg fill bg-fill  bg-loaded\" >\n\n\t\t\t\n\t\t\t\n\t\t\t\n\n\t\t<\/div>\n\n\t\t\n\n\t\t<div class=\"section-content relative\">\n\t\t\t\n\n<div class=\"row row-collapse align-middle\"  id=\"row-1336278733\">\n\n\n\t<div id=\"col-1233179289\" class=\"col medium-6 small-12 large-6\"  >\n\t\t\t\t<div class=\"col-inner\"  >\n\t\t\t\n\t\t\t\n\n\t<div class=\"img has-hover x md-x lg-x y md-y lg-y\" id=\"image_675973004\">\n\t\t\t\t\t\t\t\t<div class=\"img-inner dark\" >\n\t\t\t<img loading=\"lazy\" decoding=\"async\" width=\"800\" height=\"800\" src=\"https:\/\/studio3dbrows.com\/ve\/wp-content\/uploads\/2021\/06\/IMG_7183-800x800.jpg\" class=\"attachment-large size-large\" alt=\"\" srcset=\"https:\/\/studio3dbrows.com\/ve\/wp-content\/uploads\/2021\/06\/IMG_7183-800x800.jpg 800w, https:\/\/studio3dbrows.com\/ve\/wp-content\/uploads\/2021\/06\/IMG_7183-400x400.jpg 400w, https:\/\/studio3dbrows.com\/ve\/wp-content\/uploads\/2021\/06\/IMG_7183-280x280.jpg 280w, https:\/\/studio3dbrows.com\/ve\/wp-content\/uploads\/2021\/06\/IMG_7183-768x768.jpg 768w, https:\/\/studio3dbrows.com\/ve\/wp-content\/uploads\/2021\/06\/IMG_7183-1536x1536.jpg 1536w, https:\/\/studio3dbrows.com\/ve\/wp-content\/uploads\/2021\/06\/IMG_7183.jpg 2048w, https:\/\/studio3dbrows.com\/ve\/wp-content\/uploads\/2021\/06\/IMG_7183-510x510.jpg 510w, https:\/\/studio3dbrows.com\/ve\/wp-content\/uploads\/2021\/06\/IMG_7183-100x100.jpg 100w\" sizes=\"auto, (max-width: 800px) 100vw, 800px\" \/>\t\t\t\t\t\t\n\t\t\t\t\t<\/div>\n\t\t\t\t\t\t\t\t\n<style>\n#image_675973004 {\n  width: 100%;\n}\n<\/style>\n\t<\/div>\n\t\n\n\n\t\t<\/div>\n\t\t\t\t\t<\/div>\n\n\t\n\n\t<div id=\"col-777417779\" class=\"col medium-6 small-12 large-6\"  >\n\t\t\t\t<div class=\"col-inner\"  >\n\t\t\t\n\t\t\t\n\n<div class=\"row align-center\"  id=\"row-753205179\">\n\n\n\t<div id=\"col-1317692753\" class=\"col medium-10 small-10 large-9\"  >\n\t\t\t\t<div class=\"col-inner\"  >\n\t\t\t\n\t\t\t\n\n<p><span style=\"font-size: 150%;\">Powder Brows\u00a0<br \/><\/span><span style=\"font-size: 90%;\">Consiste en realizar un sombreado o empolvado en la ceja con efecto degradado, con menos intensidad en la zona de la cabeza y mayor potencia de color al final de la ceja.<\/span><\/p>\n<p><span style=\"font-size: 100%;\"><strong>Precio: $170<\/strong><\/span><\/p>\n<ul>\n<li class=\"p1\"><span style=\"font-size: 100%;\" data-line-height=\"xs\"><b>Retoque 30 d\u00edas: $40<\/b><\/span><\/li>\n<li class=\"p1\"><span style=\"font-size: 100%;\"><b>Retoque 60 a 90 d\u00edas: $65<\/b><\/span><\/li>\n<li class=\"p1\"><span style=\"font-size: 100%;\"><b>Retoque 6 meses: $95<\/b><\/span><\/li>\n<li class=\"p1\"><span style=\"font-size: 100%;\" data-line-height=\"xs\"><b>Retoque 1 a\u00f1o: $125<\/b><\/span><\/li>\n<\/ul>\n<p><em>*Precios en d\u00f3lares americanos.<\/em><\/p>\n<a data-animate=\"fadeInUp\" href=\"https:\/\/go.booker.com\/location\/CaracasStudio3DBrowsLashesPMU\/service-menu\" target=\"_blank\" class=\"button success is-bevel\" rel=\"noopener\"  style=\"border-radius:99px;\">\n    <span>Reserva<\/span>\n  <\/a>\n\n\n\n\t\t<\/div>\n\t\t\t\t\t<\/div>\n\n\t\n\n<\/div>\n\n\t\t<\/div>\n\t\t\t\t\n<style>\n#col-777417779 > .col-inner {\n  padding: 10% 0px 0px 0px;\n}\n<\/style>\n\t<\/div>\n\n\t\n\n<\/div>\n\t<div id=\"gap-946266392\" class=\"gap-element clearfix\" style=\"display:block; height:auto;\">\n\t\t\n<style>\n#gap-946266392 {\n  padding-top: 25px;\n}\n@media (min-width:550px) {\n  #gap-946266392 {\n    padding-top: 25px;\n  }\n}\n@media (min-width:850px) {\n  #gap-946266392 {\n    padding-top: 55px;\n  }\n}\n<\/style>\n\t<\/div>\n\t\n\n<div class=\"row row-collapse align-middle\"  id=\"row-734334343\">\n\n\n\t<div id=\"col-275274603\" class=\"col medium-6 small-12 large-6\"  >\n\t\t\t\t<div class=\"col-inner\"  >\n\t\t\t\n\t\t\t\n\n\t<div class=\"img has-hover x md-x lg-x y md-y lg-y\" id=\"image_1241972559\">\n\t\t\t\t\t\t\t\t<div class=\"img-inner dark\" >\n\t\t\t<img loading=\"lazy\" decoding=\"async\" width=\"800\" height=\"800\" src=\"https:\/\/studio3dbrows.com\/ve\/wp-content\/uploads\/2021\/04\/micro_logo-800x800.jpg\" class=\"attachment-large size-large\" alt=\"\" srcset=\"https:\/\/studio3dbrows.com\/ve\/wp-content\/uploads\/2021\/04\/micro_logo-800x800.jpg 800w, https:\/\/studio3dbrows.com\/ve\/wp-content\/uploads\/2021\/04\/micro_logo-400x400.jpg 400w, https:\/\/studio3dbrows.com\/ve\/wp-content\/uploads\/2021\/04\/micro_logo-280x280.jpg 280w, https:\/\/studio3dbrows.com\/ve\/wp-content\/uploads\/2021\/04\/micro_logo-768x768.jpg 768w, https:\/\/studio3dbrows.com\/ve\/wp-content\/uploads\/2021\/04\/micro_logo-510x510.jpg 510w, https:\/\/studio3dbrows.com\/ve\/wp-content\/uploads\/2021\/04\/micro_logo-100x100.jpg 100w, https:\/\/studio3dbrows.com\/ve\/wp-content\/uploads\/2021\/04\/micro_logo.jpg 1200w\" sizes=\"auto, (max-width: 800px) 100vw, 800px\" \/>\t\t\t\t\t\t\n\t\t\t\t\t<\/div>\n\t\t\t\t\t\t\t\t\n<style>\n#image_1241972559 {\n  width: 100%;\n}\n<\/style>\n\t<\/div>\n\t\n\n\n\t\t<\/div>\n\t\t\t\t\t<\/div>\n\n\t\n\n\t<div id=\"col-457080336\" class=\"col medium-6 small-12 large-6\"  >\n\t\t\t\t<div class=\"col-inner\"  >\n\t\t\t\n\t\t\t\n\n<div class=\"row align-center\"  id=\"row-1186669691\">\n\n\n\t<div id=\"col-1892677879\" class=\"col medium-10 small-10 large-9\"  >\n\t\t\t\t<div class=\"col-inner\"  >\n\t\t\t\n\t\t\t\n\n<p><span style=\"font-size: 150%;\">Microblading<br \/><\/span><span style=\"font-size: 90%;\">La t\u00e9cnica consiste en crear la simulaci\u00f3n de finos pelos, a trav\u00e9s de pinceladas en la piel con una herramienta especializada, que luego se rellena con pigmento. Con su aplicaci\u00f3n precisa, el Microblading crea un acabado s\u00faper natural brindando resultados duraderos.<\/span><\/p>\n<p class=\"p1\"><span style=\"font-size: 90%;\">Si deseas cubrir las brechas, definir o rellenar las cejas, Microblading es una opci\u00f3n fant\u00e1stica. Utilizamos anestesia localizada para reducir las molestias.<\/span><\/p>\n<p><strong>Precio: $185<\/strong><\/p>\n<ul>\n<li class=\"p1\"><span data-line-height=\"xs\"><b>Retoque 30 d\u00edas: $40<\/b><\/span><\/li>\n<li class=\"p1\"><b>Retoque 60 a 90 d\u00edas: $65<\/b><\/li>\n<li class=\"p1\"><b>Retoque 6 meses: $95<\/b><\/li>\n<li class=\"p1\"><span data-line-height=\"xs\"><b>Retoque 1 a\u00f1o: $125<\/b><\/span><\/li>\n<\/ul>\n<p><em>*Precios en d\u00f3lares americanos.<\/em><\/p>\n<a data-animate=\"fadeInUp\" href=\"https:\/\/go.booker.com\/location\/CaracasStudio3DBrowsLashesPMU\/service-menu\" target=\"_blank\" class=\"button success is-bevel\" rel=\"noopener\"  style=\"border-radius:99px;\">\n    <span>Reserva<\/span>\n  <\/a>\n\n\n\n\t\t<\/div>\n\t\t\t\t\t<\/div>\n\n\t\n\n<\/div>\n\n\t\t<\/div>\n\t\t\t\t\n<style>\n#col-457080336 > .col-inner {\n  padding: 10% 0px 0px 0px;\n}\n<\/style>\n\t<\/div>\n\n\t\n\n<\/div>\n\t<div id=\"gap-1575686770\" class=\"gap-element clearfix\" style=\"display:block; height:auto;\">\n\t\t\n<style>\n#gap-1575686770 {\n  padding-top: 25px;\n}\n@media (min-width:550px) {\n  #gap-1575686770 {\n    padding-top: 25px;\n  }\n}\n@media (min-width:850px) {\n  #gap-1575686770 {\n    padding-top: 55px;\n  }\n}\n<\/style>\n\t<\/div>\n\t\n\n<div class=\"row row-collapse align-middle\"  id=\"row-1510776342\">\n\n\n\t<div id=\"col-1240199154\" class=\"col medium-6 small-12 large-6 small-col-first\"  >\n\t\t\t\t<div class=\"col-inner\"  >\n\t\t\t\n\t\t\t\n\n\t<div class=\"img has-hover x md-x lg-x y md-y lg-y\" id=\"image_323950835\">\n\t\t\t\t\t\t\t\t<div class=\"img-inner dark\" >\n\t\t\t<img loading=\"lazy\" decoding=\"async\" width=\"800\" height=\"800\" src=\"https:\/\/studio3dbrows.com\/ve\/wp-content\/uploads\/2021\/04\/ombre-800x800.jpg\" class=\"attachment-large size-large\" alt=\"\" srcset=\"https:\/\/studio3dbrows.com\/ve\/wp-content\/uploads\/2021\/04\/ombre-800x800.jpg 800w, https:\/\/studio3dbrows.com\/ve\/wp-content\/uploads\/2021\/04\/ombre-400x400.jpg 400w, https:\/\/studio3dbrows.com\/ve\/wp-content\/uploads\/2021\/04\/ombre-280x280.jpg 280w, https:\/\/studio3dbrows.com\/ve\/wp-content\/uploads\/2021\/04\/ombre-768x768.jpg 768w, https:\/\/studio3dbrows.com\/ve\/wp-content\/uploads\/2021\/04\/ombre-510x510.jpg 510w, https:\/\/studio3dbrows.com\/ve\/wp-content\/uploads\/2021\/04\/ombre-100x100.jpg 100w, https:\/\/studio3dbrows.com\/ve\/wp-content\/uploads\/2021\/04\/ombre.jpg 1200w\" sizes=\"auto, (max-width: 800px) 100vw, 800px\" \/>\t\t\t\t\t\t\n\t\t\t\t\t<\/div>\n\t\t\t\t\t\t\t\t\n<style>\n#image_323950835 {\n  width: 100%;\n}\n<\/style>\n\t<\/div>\n\t\n\n\n\t\t<\/div>\n\t\t\t\t\t<\/div>\n\n\t\n\n\t<div id=\"col-1053910065\" class=\"col medium-6 small-12 large-6\"  >\n\t\t\t\t<div class=\"col-inner\"  >\n\t\t\t\n\t\t\t\n\n<div class=\"row align-center\"  id=\"row-1381807981\">\n\n\n\t<div id=\"col-1001618631\" class=\"col medium-10 small-10 large-9\"  >\n\t\t\t\t<div class=\"col-inner\"  >\n\t\t\t\n\t\t\t\n\n<p><span style=\"font-size: 150%;\">Ombr\u00e9 Brows<br \/><\/span><span style=\"font-size: 90%;\">A menudo denominado \u2018Shadow Effect\u2019, le da a la ceja una apariencia de degradado con peque\u00f1os puntos puntiformes. Es recomendado para pieles sensibles y cejas bien despobladas.<\/span><\/p>\n<p class=\"p1\"><span style=\"font-size: 90%;\">Tiene una duraci\u00f3n de 18 meses, siempre y cuando hagas tus retoques.<\/span><\/p>\n<p><span style=\"font-size: 100%;\"><strong>Precio: $185<\/strong><\/span><\/p>\n<ul>\n<li class=\"p1\"><span style=\"font-size: 100%;\" data-line-height=\"xs\"><b>Retoque 30 d\u00edas: $40<\/b><\/span><\/li>\n<li class=\"p1\"><span style=\"font-size: 100%;\"><b>Retoque 60 a 90 d\u00edas: $65<\/b><\/span><\/li>\n<li class=\"p1\"><span style=\"font-size: 100%;\"><b>Retoque 6 meses: $95<\/b><\/span><\/li>\n<li class=\"p1\"><span style=\"font-size: 100%;\" data-line-height=\"xs\"><b>Retoque 1 a\u00f1o: $125<\/b><\/span><\/li>\n<\/ul>\n<p><em>*Precios en d\u00f3lares americanos.<\/em><\/p>\n<a data-animate=\"fadeInUp\" href=\"https:\/\/go.booker.com\/location\/CaracasStudio3DBrowsLashesPMU\/service-menu\" target=\"_blank\" class=\"button success is-bevel\" rel=\"noopener\"  style=\"border-radius:99px;\">\n    <span>Reserva<\/span>\n  <\/a>\n\n\n\n\t\t<\/div>\n\t\t\t\t\t<\/div>\n\n\t\n\n<\/div>\n\n\t\t<\/div>\n\t\t\t\t\n<style>\n#col-1053910065 > .col-inner {\n  padding: 10% 0px 0px 0px;\n}\n<\/style>\n\t<\/div>\n\n\t\n\n<\/div>\n\t<div id=\"gap-606506119\" class=\"gap-element clearfix\" style=\"display:block; height:auto;\">\n\t\t\n<style>\n#gap-606506119 {\n  padding-top: 25px;\n}\n@media (min-width:550px) {\n  #gap-606506119 {\n    padding-top: 25px;\n  }\n}\n@media (min-width:850px) {\n  #gap-606506119 {\n    padding-top: 55px;\n  }\n}\n<\/style>\n\t<\/div>\n\t\n\n<div class=\"row row-collapse align-middle\"  id=\"row-224886819\">\n\n\n\t<div id=\"col-599443869\" class=\"col medium-6 small-12 large-6\"  >\n\t\t\t\t<div class=\"col-inner\"  >\n\t\t\t\n\t\t\t\n\n\t<div class=\"img has-hover x md-x lg-x y md-y lg-y\" id=\"image_228925812\">\n\t\t\t\t\t\t\t\t<div class=\"img-inner dark\" >\n\t\t\t<img loading=\"lazy\" decoding=\"async\" width=\"800\" height=\"800\" src=\"https:\/\/studio3dbrows.com\/ve\/wp-content\/uploads\/2021\/04\/magic_logo-800x800.jpg\" class=\"attachment-large size-large\" alt=\"\" srcset=\"https:\/\/studio3dbrows.com\/ve\/wp-content\/uploads\/2021\/04\/magic_logo-800x800.jpg 800w, https:\/\/studio3dbrows.com\/ve\/wp-content\/uploads\/2021\/04\/magic_logo-400x400.jpg 400w, https:\/\/studio3dbrows.com\/ve\/wp-content\/uploads\/2021\/04\/magic_logo-280x280.jpg 280w, https:\/\/studio3dbrows.com\/ve\/wp-content\/uploads\/2021\/04\/magic_logo-768x768.jpg 768w, https:\/\/studio3dbrows.com\/ve\/wp-content\/uploads\/2021\/04\/magic_logo-510x510.jpg 510w, https:\/\/studio3dbrows.com\/ve\/wp-content\/uploads\/2021\/04\/magic_logo-100x100.jpg 100w, https:\/\/studio3dbrows.com\/ve\/wp-content\/uploads\/2021\/04\/magic_logo.jpg 1200w\" sizes=\"auto, (max-width: 800px) 100vw, 800px\" \/>\t\t\t\t\t\t\n\t\t\t\t\t<\/div>\n\t\t\t\t\t\t\t\t\n<style>\n#image_228925812 {\n  width: 100%;\n}\n<\/style>\n\t<\/div>\n\t\n\n\n\t\t<\/div>\n\t\t\t\t\t<\/div>\n\n\t\n\n\t<div id=\"col-2130425524\" class=\"col medium-6 small-12 large-6\"  >\n\t\t\t\t<div class=\"col-inner\"  >\n\t\t\t\n\t\t\t\n\n<div class=\"row align-center\"  id=\"row-1632143487\">\n\n\n\t<div id=\"col-726230773\" class=\"col medium-10 small-10 large-9\"  >\n\t\t\t\t<div class=\"col-inner\"  >\n\t\t\t\n\t\t\t\n\n<p class=\"p1\"><span style=\"font-size: 150%;\">Magic Combine<\/span><\/p>\n<p class=\"p1\"><span style=\"font-size: 90%;\">Es la combinaci\u00f3n del hairstroke o el pelo a pelo con el difuminado 3D de las Ombr\u00e9 Brows.<\/span><\/p>\n<p><span style=\"font-size: 90%;\">Tiene una duraci\u00f3n de 3 a\u00f1os o m\u00e1s dependiendo el tipo de piel y si haces tus retoques recomendados.<\/span><\/p>\n<p><span style=\"font-size: 100%;\"><strong>Precio: $245<\/strong><\/span><\/p>\n<ul>\n<li class=\"p1\"><span style=\"font-size: 100%;\" data-line-height=\"xs\"><b>Retoque 30 d\u00edas: $60<\/b><\/span><\/li>\n<li class=\"p1\"><span style=\"font-size: 100%;\"><b>Retoque 60 a 90 d\u00edas: $90<\/b><\/span><\/li>\n<li class=\"p1\"><span style=\"font-size: 100%;\"><b>Retoque 6 meses: $125<\/b><\/span><\/li>\n<li class=\"p1\"><span style=\"font-size: 100%;\" data-line-height=\"xs\"><b>Retoque 1 a\u00f1o: $185<\/b><\/span><\/li>\n<\/ul>\n<p><em>*Precios en d\u00f3lares americanos.<\/em><\/p>\n<a data-animate=\"fadeInUp\" href=\"https:\/\/go.booker.com\/location\/CaracasStudio3DBrowsLashesPMU\/service-menu\" target=\"_blank\" class=\"button success is-bevel\" rel=\"noopener\"  style=\"border-radius:99px;\">\n    <span>Reserva<\/span>\n  <\/a>\n\n\n\n\t\t<\/div>\n\t\t\t\t\t<\/div>\n\n\t\n\n<\/div>\n\n\t\t<\/div>\n\t\t\t\t\n<style>\n#col-2130425524 > .col-inner {\n  padding: 10% 0px 0px 0px;\n}\n<\/style>\n\t<\/div>\n\n\t\n\n<\/div>\n\t<div id=\"gap-856263331\" class=\"gap-element clearfix\" style=\"display:block; height:auto;\">\n\t\t\n<style>\n#gap-856263331 {\n  padding-top: 25px;\n}\n@media (min-width:550px) {\n  #gap-856263331 {\n    padding-top: 25px;\n  }\n}\n@media (min-width:850px) {\n  #gap-856263331 {\n    padding-top: 55px;\n  }\n}\n<\/style>\n\t<\/div>\n\t\n\n<div class=\"row row-collapse align-middle\"  id=\"row-2051649824\">\n\n\n\t<div id=\"col-1021489473\" class=\"col medium-6 small-12 large-6 small-col-first\"  >\n\t\t\t\t<div class=\"col-inner\"  >\n\t\t\t\n\t\t\t\n\n\t<div class=\"img has-hover x md-x lg-x y md-y lg-y\" id=\"image_642302469\">\n\t\t\t\t\t\t\t\t<div class=\"img-inner dark\" >\n\t\t\t<img loading=\"lazy\" decoding=\"async\" width=\"800\" height=\"800\" src=\"https:\/\/studio3dbrows.com\/ve\/wp-content\/uploads\/2021\/06\/tueska-800x800.jpeg\" class=\"attachment-large size-large\" alt=\"\" srcset=\"https:\/\/studio3dbrows.com\/ve\/wp-content\/uploads\/2021\/06\/tueska-800x800.jpeg 800w, https:\/\/studio3dbrows.com\/ve\/wp-content\/uploads\/2021\/06\/tueska-400x400.jpeg 400w, https:\/\/studio3dbrows.com\/ve\/wp-content\/uploads\/2021\/06\/tueska-280x280.jpeg 280w, https:\/\/studio3dbrows.com\/ve\/wp-content\/uploads\/2021\/06\/tueska-768x768.jpeg 768w, https:\/\/studio3dbrows.com\/ve\/wp-content\/uploads\/2021\/06\/tueska-510x510.jpeg 510w, https:\/\/studio3dbrows.com\/ve\/wp-content\/uploads\/2021\/06\/tueska-100x100.jpeg 100w, https:\/\/studio3dbrows.com\/ve\/wp-content\/uploads\/2021\/06\/tueska.jpeg 1200w\" sizes=\"auto, (max-width: 800px) 100vw, 800px\" \/>\t\t\t\t\t\t\n\t\t\t\t\t<\/div>\n\t\t\t\t\t\t\t\t\n<style>\n#image_642302469 {\n  width: 100%;\n}\n<\/style>\n\t<\/div>\n\t\n\n\n\t\t<\/div>\n\t\t\t\t\t<\/div>\n\n\t\n\n\t<div id=\"col-81955725\" class=\"col medium-6 small-12 large-6\"  >\n\t\t\t\t<div class=\"col-inner\"  >\n\t\t\t\n\t\t\t\n\n<div class=\"row align-center\"  id=\"row-90626891\">\n\n\n\t<div id=\"col-530031896\" class=\"col medium-10 small-10 large-9\"  >\n\t\t\t\t<div class=\"col-inner\"  >\n\t\t\t\n\t\t\t\n\n<p class=\"p1\"><span style=\"font-size: 150%;\">Brow Lamination<br \/><\/span>Es un tratamiento de cejas semipermanente de dos pasos que consiste en corregir la forma de la ceja colocando los pelos en su lugar con una soluci\u00f3n especial.<\/p>\n<p><strong>Precio: $20<\/strong><\/p>\n<p class=\"p1\"><span style=\"font-size: 150%;\">Fluffy Brows<br \/><\/span><span style=\"font-size: 90%;\">Ayuda a corregir las cejas asim\u00e9tricas, agrega volumen y resuelve el problema del crecimiento del cabello en diferentes direcciones.<\/span><\/p>\n<p><span style=\"font-size: 90%;\">Realizar el tratamiento puede llevar de 30 a 40 minutos y puedes lucir tus hermosas cejas durante un per\u00edodo de 2 semanas.<\/span><\/p>\n<p><span style=\"font-size: 100%;\"><strong>Precio: $25<\/strong><\/span><\/p>\n<p><em>*Precios en d\u00f3lares americanos.<\/em><\/p>\n<a data-animate=\"fadeInUp\" href=\"https:\/\/go.booker.com\/location\/CaracasStudio3DBrowsLashesPMU\/service-menu\" target=\"_blank\" class=\"button success is-bevel\" rel=\"noopener\"  style=\"border-radius:99px;\">\n    <span>Reserva<\/span>\n  <\/a>\n\n\n\n\t\t<\/div>\n\t\t\t\t\t<\/div>\n\n\t\n\n<\/div>\n\n\t\t<\/div>\n\t\t\t\t\n<style>\n#col-81955725 > .col-inner {\n  padding: 10% 0px 0px 0px;\n}\n<\/style>\n\t<\/div>\n\n\t\n\n<\/div>\n\n\t\t<\/div>\n\n\t\t\n<style>\n#section_78109405 {\n  padding-top: 60px;\n  padding-bottom: 60px;\n}\n<\/style>\n\t<\/section>\n\t\n\n","protected":false},"excerpt":{"rendered":"","protected":false},"author":1,"featured_media":0,"parent":0,"menu_order":0,"comment_status":"closed","ping_status":"closed","template":"page-blank.php","meta":{"footnotes":""},"class_list":["post-2045","page","type-page","status-publish","hentry"],"_links":{"self":[{"href":"https:\/\/studio3dbrows.com\/ve\/wp-json\/wp\/v2\/pages\/2045","targetHints":{"allow":["GET"]}}],"collection":[{"href":"https:\/\/studio3dbrows.com\/ve\/wp-json\/wp\/v2\/pages"}],"about":[{"href":"https:\/\/studio3dbrows.com\/ve\/wp-json\/wp\/v2\/types\/page"}],"author":[{"embeddable":true,"href":"https:\/\/studio3dbrows.com\/ve\/wp-json\/wp\/v2\/users\/1"}],"replies":[{"embeddable":true,"href":"https:\/\/studio3dbrows.com\/ve\/wp-json\/wp\/v2\/comments?post=2045"}],"version-history":[{"count":14,"href":"https:\/\/studio3dbrows.com\/ve\/wp-json\/wp\/v2\/pages\/2045\/revisions"}],"predecessor-version":[{"id":3360,"href":"https:\/\/studio3dbrows.com\/ve\/wp-json\/wp\/v2\/pages\/2045\/revisions\/3360"}],"wp:attachment":[{"href":"https:\/\/studio3dbrows.com\/ve\/wp-json\/wp\/v2\/media?parent=2045"}],"curies":[{"name":"wp","href":"https:\/\/api.w.org\/{rel}","templated":true}]}}