{"id":1241,"date":"2020-12-15T18:10:24","date_gmt":"2020-12-15T22:10:24","guid":{"rendered":"http:\/\/estudio3dbrows.com\/?page_id=1241"},"modified":"2020-12-15T18:13:07","modified_gmt":"2020-12-15T22:13:07","slug":"politica-de-privacidad","status":"publish","type":"page","link":"https:\/\/studio3dbrows.com\/ve\/politica-de-privacidad\/","title":{"rendered":"Pol\u00edtica de Privacidad"},"content":{"rendered":"\n<h3>Pol\u00edtica de Privacidad<\/h3>\n<p class=\"p1\">La presente Pol\u00edtica de privacidad aclara la manera en que este sitio WEB recopila, usa, mantiene y divulga la informaci\u00f3n recopilada de los usuarios. Esta Pol\u00edtica de privacidad se aplica al Sitio WEB y a todos los productos y servicios ofrecidos por Estudios 3D Brows.<\/p>\n<p class=\"p1\"><strong><span class=\"s1\">\u00bfQU\u00c9 INFORMACI\u00d3N RECOPILAMOS?<\/span><\/strong><\/p>\n<p class=\"p1\">Recopilamos informaci\u00f3n sobre usted cuando se registra en el Sitio, realiza un pedido o nos env\u00eda un correo electr\u00f3nico. Al realizar un pedido o registrarse en el Sitio, seg\u00fan corresponda, se le puede solicitar que ingrese su nombre, direcci\u00f3n de correo electr\u00f3nico, n\u00famero de tel\u00e9fono o informaci\u00f3n de la tarjeta de cr\u00e9dito. Sin embargo, puede visitar el Sitio de forma an\u00f3nima.<\/p>\n<p class=\"p1\"><strong><span class=\"s1\">\u00bfPARA QU\u00c9 UTILIZAMOS SU INFORMACI\u00d3N?<\/span><\/strong><\/p>\n<p class=\"p1\">En Estudio 3D Brows utilizamos la<span class=\"Apple-converted-space\">\u00a0 <\/span>informaci\u00f3n personal de los Usuarios para los siguientes prop\u00f3sitos:<\/p>\n<p class=\"p1\">&#8211; Env\u00edo de correos masivos sobre informaci\u00f3n de ofertas, encuestas, informaci\u00f3n sobre sus citas o planes de membresia, felicitaciones de cumplea\u00f1os y nuevos servicios.<\/p>\n<ul class=\"ul1\">\n<li class=\"li3\"><span class=\"s3\">Mejorar la calidad de nuestros servicios<\/span><\/li>\n<li class=\"li3\"><span class=\"s3\">Procesar transacciones sobre los paquetes y servicios ofrecidos a trav\u00e9s de la presente pagina WEB.<\/span><\/li>\n<\/ul>\n<p class=\"p1\"><strong><span class=\"s1\">COOKIES DEL NAVEGADOR WEB<\/span><\/strong><\/p>\n<p class=\"p1\">Nuestro sitio puede utilizar &#8220;cookies&#8221; para mejorar la experiencia del usuario. El navegador web del usuario coloca cookies en su disco duro para fines de mantenimiento de registros y, a veces, para rastrear informaci\u00f3n sobre ellos. El usuario puede optar por configurar su navegador web para rechazar las cookies o para que le avise cuando se env\u00eden cookies. Si lo hacen, tenga en cuenta que es posible que algunas partes del Sitio no funcionen correctamente.<\/p>\n<p class=\"p4\">Estudio 3D Brows \u00fanicamente utilizar\u00e1 dispositivos de almacenamiento y recuperaci\u00f3n de datos (\u2018Cookies\u2019) cuando el usuario haya dado su consentimiento previo para ello de acuerdo con lo que se indica en el mensaje presente en el navegador del usuario cuando accede por primera vez a la Web<\/p>\n<p class=\"p1\"><strong><span class=\"s1\">DIVULGACION DE INFORMACION A EXTERNOS<\/span><\/strong><\/p>\n<p class=\"p1\">La informaci\u00f3n personal que los usuarios proporcionan no ser\u00e1 vendida, intercambiada, transferida o cedida a ninguna otra empresa por ning\u00fan motivo, sin su consentimiento, salvo con el prop\u00f3sito expreso de entregar el producto adquirido o el servicio solicitado.<\/p>\n<p class=\"p5\"><strong><span class=\"s1\">TRANSFERENCIAS INTERNACIONALES<\/span><\/strong><\/p>\n<p class=\"p4\">Sus datos pueden ser transferidos a MailChimp, empresa ubicada en EEUU, que almacena los datos recogidos en su formulario junto a la aceptaci\u00f3n de la suscripci\u00f3n. Puede anular en cualquier momento la suscripci\u00f3n al bolet\u00edn mediante un enlace espec\u00edfico situado al pie de cada env\u00edo que recibas.<\/p>\n<p class=\"p4\">Correo electr\u00f3nico: Nuestro prestador de servicios de correo electr\u00f3nico es Google, Inc, a trav\u00e9s de Google Apps para empresas.<\/p>\n<p class=\"p5\"><strong><span class=\"s1\">MENORES<\/span><\/strong><\/p>\n<p class=\"p4\">Los menores de edad no podr\u00e1n usar los servicios disponibles a trav\u00e9s de la Web sin la previa autorizaci\u00f3n de sus padres, tutores o representantes legales, quienes ser\u00e1n los \u00fanicos responsables de todos los actos realizados a trav\u00e9s de la Web por los menores a su cargo, incluyendo la cumplimentaci\u00f3n de los formularios con los datos personales de dichos menores y la marcaci\u00f3n, en su caso, de las casillas que los acompa\u00f1an.<\/p>\n<p class=\"p1\"><strong><span class=\"s1\">SOLO POL\u00cdTICA DE PRIVACIDAD EN L\u00cdNEA<\/span><\/strong><\/p>\n<p class=\"p1\">Esta pol\u00edtica de privacidad en l\u00ednea se aplica solo a la informaci\u00f3n recopilada a trav\u00e9s de nuestro sitio web y no a la informaci\u00f3n recopilada fuera de l\u00ednea.<\/p>\n<p class=\"p1\"><strong><span class=\"s1\">TU CONSENTIMIENTO<\/span><\/strong><\/p>\n<p class=\"p1\">Al utilizar nuestro sitio, acepta la pol\u00edtica de privacidad de nuestro sitio.<\/p>\n\n","protected":false},"excerpt":{"rendered":"","protected":false},"author":1,"featured_media":0,"parent":0,"menu_order":0,"comment_status":"closed","ping_status":"closed","template":"","meta":{"footnotes":""},"class_list":["post-1241","page","type-page","status-publish","hentry"],"_links":{"self":[{"href":"https:\/\/studio3dbrows.com\/ve\/wp-json\/wp\/v2\/pages\/1241","targetHints":{"allow":["GET"]}}],"collection":[{"href":"https:\/\/studio3dbrows.com\/ve\/wp-json\/wp\/v2\/pages"}],"about":[{"href":"https:\/\/studio3dbrows.com\/ve\/wp-json\/wp\/v2\/types\/page"}],"author":[{"embeddable":true,"href":"https:\/\/studio3dbrows.com\/ve\/wp-json\/wp\/v2\/users\/1"}],"replies":[{"embeddable":true,"href":"https:\/\/studio3dbrows.com\/ve\/wp-json\/wp\/v2\/comments?post=1241"}],"version-history":[{"count":2,"href":"https:\/\/studio3dbrows.com\/ve\/wp-json\/wp\/v2\/pages\/1241\/revisions"}],"predecessor-version":[{"id":1243,"href":"https:\/\/studio3dbrows.com\/ve\/wp-json\/wp\/v2\/pages\/1241\/revisions\/1243"}],"wp:attachment":[{"href":"https:\/\/studio3dbrows.com\/ve\/wp-json\/wp\/v2\/media?parent=1241"}],"curies":[{"name":"wp","href":"https:\/\/api.w.org\/{rel}","templated":true}]}}