{"id":4143,"date":"2022-08-14T11:13:34","date_gmt":"2022-08-14T15:13:34","guid":{"rendered":"https:\/\/studio3dbrows.com\/do\/?post_type=product&#038;p=4143"},"modified":"2022-08-14T11:17:41","modified_gmt":"2022-08-14T15:17:41","slug":"magic-combine","status":"publish","type":"product","link":"https:\/\/studio3dbrows.com\/do\/producto\/magic-combine\/","title":{"rendered":"Magic Combine"},"content":{"rendered":"","protected":false},"excerpt":{"rendered":"<p>Es la combinaci\u00f3n del hairstroke o el pelo a pelo con el difuminado 3D de las Ombr\u00e9 Brows.<\/p>\n<p>Tiene una duraci\u00f3n de 3 a\u00f1os o m\u00e1s dependiendo el tipo de piel y si haces tus retoques recomendados.<\/p>\n","protected":false},"featured_media":667,"template":"","meta":[],"product_brand":[],"product_cat":[93],"product_tag":[37,75],"class_list":{"0":"post-4143","1":"product","2":"type-product","3":"status-publish","4":"has-post-thumbnail","6":"product_cat-3d-brows","7":"product_tag-magic-combine","8":"product_tag-micropigentacion","10":"first","11":"instock","12":"virtual","13":"purchasable","14":"product-type-simple"},"_links":{"self":[{"href":"https:\/\/studio3dbrows.com\/do\/wp-json\/wp\/v2\/product\/4143","targetHints":{"allow":["GET"]}}],"collection":[{"href":"https:\/\/studio3dbrows.com\/do\/wp-json\/wp\/v2\/product"}],"about":[{"href":"https:\/\/studio3dbrows.com\/do\/wp-json\/wp\/v2\/types\/product"}],"wp:featuredmedia":[{"embeddable":true,"href":"https:\/\/studio3dbrows.com\/do\/wp-json\/wp\/v2\/media\/667"}],"wp:attachment":[{"href":"https:\/\/studio3dbrows.com\/do\/wp-json\/wp\/v2\/media?parent=4143"}],"wp:term":[{"taxonomy":"product_brand","embeddable":true,"href":"https:\/\/studio3dbrows.com\/do\/wp-json\/wp\/v2\/product_brand?post=4143"},{"taxonomy":"product_cat","embeddable":true,"href":"https:\/\/studio3dbrows.com\/do\/wp-json\/wp\/v2\/product_cat?post=4143"},{"taxonomy":"product_tag","embeddable":true,"href":"https:\/\/studio3dbrows.com\/do\/wp-json\/wp\/v2\/product_tag?post=4143"}],"curies":[{"name":"wp","href":"https:\/\/api.w.org\/{rel}","templated":true}]}}