{"id":438,"date":"2020-06-12T18:23:58","date_gmt":"2020-06-12T18:23:58","guid":{"rendered":"http:\/\/estudio3dbrows.com\/?page_id=438"},"modified":"2022-07-14T14:31:56","modified_gmt":"2022-07-14T18:31:56","slug":"nosotros","status":"publish","type":"page","link":"https:\/\/studio3dbrows.com\/do\/nosotros\/","title":{"rendered":"Nosotros"},"content":{"rendered":"\n\t<section class=\"section\" id=\"section_192679962\">\n\t\t<div class=\"section-bg fill\" >\n\t\t\t<img loading=\"lazy\" decoding=\"async\" width=\"2400\" height=\"1600\" src=\"https:\/\/studio3dbrows.com\/do\/wp-content\/uploads\/2021\/10\/slidfer.jpg\" class=\"bg attachment-original size-original\" alt=\"\" \/>\t\t\t\t\t\t\n\t\t\t\n\n\t\t<\/div>\n\n\t\t\n\n\t\t<div class=\"section-content relative\">\n\t\t\t\n\n\t<div id=\"gap-1904333846\" class=\"gap-element clearfix\" style=\"display:block; height:auto;\">\n\t\t\n<style>\n#gap-1904333846 {\n  padding-top: 30px;\n}\n<\/style>\n\t<\/div>\n\t\n\n\n\t\t<\/div>\n\n\t\t\n<style>\n#section_192679962 {\n  padding-top: 30px;\n  padding-bottom: 30px;\n  min-height: 400px;\n}\n#section_192679962 .section-bg img {\n  object-position: 21% 20%;\n}\n<\/style>\n\t<\/section>\n\t\n\n\t<section class=\"section\" id=\"section_1617314227\">\n\t\t<div class=\"section-bg fill\" >\n\t\t\t\t\t\t\t\t\t\n\t\t\t\n\n\t\t<\/div>\n\n\t\t\n\n\t\t<div class=\"section-content relative\">\n\t\t\t\n\n<div class=\"row\"  id=\"row-653775089\">\n\n\n\t<div id=\"col-1561364148\" class=\"col medium-8 small-12 large-8\"  data-animate=\"fadeInUp\">\n\t\t\t\t<div class=\"col-inner dark\" style=\"background-color:rgb(250, 250, 250);\" >\n\t\t\t\n\t\t\t\n\n\t<div id=\"text-3022498303\" class=\"text\">\n\t\t\n\n<h2>Studio 3D Brows es m\u00e1s que maquillaje semipermanente&#8230;<\/h2>\n<p class=\"p1\">Somos artistas inspirados en el realce de la armon\u00eda y la belleza natural del rostro, especializados exclusivamente en la cosm\u00e9tica semipermanente y el maquillaje profesional param\u00e9dico.<\/p>\n<p class=\"p1\">Nuestros servicios, productos y est\u00e1ndares van de la mano con la revoluci\u00f3n cosm\u00e9tica, y la avanzada tecnolog\u00eda nos permite lograr resultados naturales, elevando la propuesta de servicio y la calidad de los resultados.<\/p>\n\t\t\n<style>\n#text-3022498303 {\n  color: rgb(0, 0, 0);\n}\n#text-3022498303 > * {\n  color: rgb(0, 0, 0);\n}\n<\/style>\n\t<\/div>\n\t\n\t<div id=\"gap-580011792\" class=\"gap-element clearfix\" style=\"display:block; height:auto;\">\n\t\t\n<style>\n#gap-580011792 {\n  padding-top: 10px;\n}\n<\/style>\n\t<\/div>\n\t\n\n<a href=\"https:\/\/studio3dbrows.com\/do\/contactos\/\" class=\"button white lowercase\" rel=\"#story\"  style=\"border-radius:77px;\">\n\t\t<span>NUESTROS ESTUDIOS<\/span>\n\t<i class=\"icon-map-pin-fill\" aria-hidden=\"true\" ><\/i><\/a>\n\n\n<a href=\"https:\/\/studio3dbrows.com\/do\/franquicias\/\" class=\"button primary is-outline\"  style=\"border-radius:99px;\">\n\t\t<span>franquicias<\/span>\n\t<\/a>\n\n\n\n\t\t<\/div>\n\t\t\t\t\n<style>\n#col-1561364148 > .col-inner {\n  margin: -118px 0px -42px 0px;\n}\n@media (min-width:550px) {\n  #col-1561364148 > .col-inner {\n    margin: -100px 0px 0px 0px;\n  }\n}\n<\/style>\n\t<\/div>\n\n\t\n\n\n<style>\n#row-653775089 > .col > .col-inner {\n  padding: 60px 60px 40px 60px;\n}\n<\/style>\n<\/div>\n\n\t\t<\/div>\n\n\t\t\n<style>\n#section_1617314227 {\n  padding-top: 0px;\n  padding-bottom: 0px;\n}\n<\/style>\n\t<\/section>\n\t\n<div class=\"row\"  id=\"row-581196699\">\n\n\n\t<div id=\"col-1804596425\" class=\"col medium-6 small-12 large-6\"  >\n\t\t\t\t<div class=\"col-inner\"  >\n\t\t\t\n\t\t\t\n\n\n\t<section class=\"section has-hover\" id=\"section_1933623916\">\n\t\t<div class=\"section-bg fill\" >\n\t\t\t\t\t\t\t\t\t\n\t\t\t\n\t<div class=\"is-border hover-bounce\"\n\t\tstyle=\"border-width:0px 0px 0px 0px;margin:0px 0px -1px 0px;\">\n\t<\/div>\n\n\t\t<\/div>\n\n\t\t\n\n\t\t<div class=\"section-content relative\">\n\t\t\t\n\n<div class=\"row row-collapse\"  id=\"row-1192637892\">\n\n\n\t<div id=\"col-816188548\" class=\"col small-12 large-12\"  >\n\t\t\t\t<div class=\"col-inner\"  >\n\t\t\t\n\t\t\t\n\n\n  <div class=\"banner has-hover\" id=\"banner-1756647866\">\n          <div class=\"banner-inner fill\">\n        <div class=\"banner-bg fill\" >\n            <img loading=\"lazy\" decoding=\"async\" width=\"1200\" height=\"800\" src=\"https:\/\/studio3dbrows.com\/do\/wp-content\/uploads\/2020\/07\/mariela2.jpg\" class=\"bg attachment-original size-original\" alt=\"\" \/>                                    \n                    <\/div>\n\t\t\n        <div class=\"banner-layers container\">\n            <div class=\"fill banner-link\"><\/div>            \n\n\n        <\/div>\n      <\/div>\n\n            \n<style>\n#banner-1756647866 {\n  padding-top: 99%;\n}\n#banner-1756647866 .banner-bg img {\n  object-position: 21% 38%;\n}\n<\/style>\n  <\/div>\n\n\n\n\t\t<\/div>\n\t\t\t\t\n<style>\n#col-816188548 > .col-inner {\n  margin: 0px 0px 0px -15px;\n}\n<\/style>\n\t<\/div>\n\n\t\n\n<\/div>\n\n\t\t<\/div>\n\n\t\t\n<style>\n#section_1933623916 {\n  padding-top: 35px;\n  padding-bottom: 35px;\n}\n@media (min-width:550px) {\n  #section_1933623916 {\n    padding-top: 16px;\n    padding-bottom: 16px;\n  }\n}\n<\/style>\n\t<\/section>\n\t\n\n\t\t<\/div>\n\t\t\t\t\n<style>\n#col-1804596425 > .col-inner {\n  padding: 0px 0px 0px 0px;\n  margin: 0px 0px -47px 0px;\n}\n<\/style>\n\t<\/div>\n\n\t\n\n\t<div id=\"col-1688190381\" class=\"col medium-6 small-12 large-6\"  >\n\t\t\t\t<div class=\"col-inner\"  >\n\t\t\t\n\t\t\t\n\n<h2><span style=\"font-size: 85%; color: #454545;\">Mariela Ventura<\/span><\/h2>\n<p><span style=\"font-size: 85%; color: #454545;\">Es una profesional destacada en el sector de est\u00e9tica y Dermopigmentaci\u00f3n\u00a0en la Rep\u00fablica Dominicana. Est\u00e1\u00a0certificada por reconocidas escuelas de prestigio a nivel mundial en pa\u00edses como Inglaterra, Grecia, Serbia y Rusia, entre otros. En su vasta trayectoria ha sido reconocida como una profesional vanguardista, principalmente por el hecho de ser la pionera en la t\u00e9cnica de\u00a0Dermopigmentaci\u00f3n\u00a0en nuestro pa\u00eds.<\/span><\/p>\n<p><span style=\"font-size: 85%; color: #454545;\">Mariela,\u00a0inici\u00f3\u00a0este espacio hace mas de 4 a\u00f1os con propuestas innovadoras, como lo es hoy 3D Brows, con la necesidad de satisfacer y perfeccionar la belleza dominicana de manera tal que fuera natural, y a la vez le ahorrara tiempo y dinero a la mujer y al hombre.<\/span><\/p>\n<p><span style=\"font-size: 85%; color: #454545;\">Lo que motiv\u00f3 a Mariela a dedicarse por completo al \u00e1rea de la belleza fue buscar al individuo con su autoestima.<\/span><\/p>\n<a href=\"https:\/\/www.instagram.com\/marielaventurah\/\" target=\"_blank\" class=\"button primary is-outline lowercase\" rel=\"noopener\"  style=\"border-radius:37px;\">\n\t\t<span>FOLLOW<\/span>\n\t<i class=\"icon-instagram\" aria-hidden=\"true\" ><\/i><\/a>\n\n\n\n\t\t<\/div>\n\t\t\t\t\t<\/div>\n\n\t\n\n\n<style>\n#row-581196699 > .col > .col-inner {\n  padding: 0px 0px 0px 0px;\n}\n@media (min-width:550px) {\n  #row-581196699 > .col > .col-inner {\n    padding: 60px 0px 64px 0;\n  }\n}\n<\/style>\n<\/div>\n\n\t<section class=\"section\" id=\"section_2106859056\">\n\t\t<div class=\"section-bg fill\" >\n\t\t\t\t\t\t\t\t\t\n\t\t\t\n\t<div class=\"is-border\"\n\t\tstyle=\"border-width:0px 0px 0px 0px;\">\n\t<\/div>\n\n\t\t<\/div>\n\n\t\t\n\n\t\t<div class=\"section-content relative\">\n\t\t\t\n\n<div class=\"row align-middle align-center\"  id=\"row-517747979\">\n\n\n\t<div id=\"col-1603089813\" class=\"col hide-for-small medium-3 small-12 large-3\"  >\n\t\t\t\t<div class=\"col-inner\"  >\n\t\t\t\n\t\t\t\n\n\n\t\t<\/div>\n\t\t\t\t\t<\/div>\n\n\t\n\n\t<div id=\"col-1392966525\" class=\"col medium-6 small-12 large-6\"  >\n\t\t\t\t<div class=\"col-inner text-center\"  >\n\t\t\t\n\t<div class=\"is-border\"\n\t\tstyle=\"border-width:0px 0px 0px 0px;\">\n\t<\/div>\n\t\t\t\n\n<h1 class=\"uppercase\" style=\"text-align: center;\"><span style=\"font-size: 120%;\"><strong>Promesa de servicio<\/strong><\/span><\/h1>\n<p class=\"p1\" style=\"text-align: center;\"><span style=\"font-size: 140%;\"><span style=\"font-size: 75%;\" data-line-height=\"xs\">Aseguramos una experiencia de calidad, d\u00e1ndonos tu lienzo como apoyo para dise\u00f1ar la mejor versi\u00f3n de tu belleza.<\/span><br \/><\/span><\/p>\n\n\t\t<\/div>\n\t\t\t\t\t<\/div>\n\n\t\n\n\t<div id=\"col-154168993\" class=\"col hide-for-small medium-3 small-12 large-3\"  >\n\t\t\t\t<div class=\"col-inner\"  >\n\t\t\t\n\t\t\t\n\n\n\t\t<\/div>\n\t\t\t\t\t<\/div>\n\n\t\n\n\n<style>\n#row-517747979 > .col > .col-inner {\n  padding: 76px 2px 2px 1px;\n}\n@media (min-width:550px) {\n  #row-517747979 > .col > .col-inner {\n    padding: 48px 36px 0px 0px;\n  }\n}\n<\/style>\n<\/div>\n\n\t\t<\/div>\n\n\t\t\n<style>\n#section_2106859056 {\n  padding-top: 0px;\n  padding-bottom: 0px;\n  background-color: rgb(249, 249, 249);\n}\n<\/style>\n\t<\/section>\n\t\n<div class=\"row\"  id=\"row-1669281933\">\n\n\n\t<div id=\"col-150046037\" class=\"col medium-3 small-6 large-3\"  >\n\t\t\t\t<div class=\"col-inner text-center\"  >\n\t\t\t\n\t\t\t\n\n\n\t\t<div class=\"icon-box featured-box icon-box-top text-left\"  >\n\t\t\t\t\t<div class=\"icon-box-img\" style=\"width: 45px\">\n\t\t\t\t<div class=\"icon\">\n\t\t\t\t\t<div class=\"icon-inner\" style=\"color:rgb(0, 0, 0);\">\n\t\t\t\t\t\t<?xml version=\"1.0\" encoding=\"utf-8\"?>\n<!-- Generator: Adobe Illustrator 24.3.0, SVG Export Plug-In . SVG Version: 6.00 Build 0)  -->\n<svg version=\"1.1\" id=\"Layer_1\" xmlns=\"http:\/\/www.w3.org\/2000\/svg\" xmlns:xlink=\"http:\/\/www.w3.org\/1999\/xlink\" x=\"0px\" y=\"0px\"\n\t viewBox=\"0 0 100 100\" style=\"enable-background:new 0 0 100 100;\" xml:space=\"preserve\">\n<style type=\"text\/css\">\n\t.st0{fill:#FFFFFF;}\n<\/style>\n<g>\n\t<path class=\"st0\" d=\"M96.4,41.7c-1-0.7-2.3-0.4-3,0.6l-3.7,5.5h-1.3l2.1-3.1c0.7-1,0.4-2.3-0.6-3s-2.3-0.4-3,0.6l-3.7,5.5H82\n\t\tl2.1-3.1c0.7-1,0.4-2.3-0.6-3s-2.3-0.4-3,0.6l-3.7,5.5h-5.4c-1.1-18-16.1-32.3-34.3-32.3C18.1,15.5,2.6,31,2.6,50\n\t\ts15.5,34.5,34.5,34.5c18.3,0,33.2-14.3,34.3-32.3h5.4l3.7,5.5c0.4,0.6,1.1,1,1.8,1c0.4,0,0.8-0.1,1.2-0.4c1-0.7,1.3-2,0.6-3\n\t\tL82,52.2h1.3l3.7,5.5c0.4,0.6,1.1,1,1.8,1c0.4,0,0.8-0.1,1.2-0.4c1-0.7,1.3-2,0.6-3l-2.1-3.1h1.3l3.7,5.5c0.4,0.6,1.1,1,1.8,1\n\t\tc0.4,0,0.8-0.1,1.2-0.4c1-0.7,1.3-2,0.6-3l-2.5-3.7c0.4-0.4,0.7-0.9,0.7-1.6s-0.3-1.2-0.7-1.6l2.5-3.7\n\t\tC97.7,43.7,97.4,42.4,96.4,41.7z M37.1,80.1C20.5,80.1,6.9,66.6,6.9,50S20.4,19.9,37,19.9c15.9,0,28.9,12.4,30,28h-6.5\n\t\tc-1.1-12.1-11.2-21.5-23.6-21.5C24,26.3,13.4,36.9,13.4,50S24,73.7,37.1,73.7c12.3,0,22.5-9.5,23.6-21.5h6.5\n\t\tC66,67.8,53,80.1,37.1,80.1z M49.8,47.8c-1-6.1-6.3-10.8-12.7-10.8c-7.1,0-12.9,5.8-12.9,12.9s5.8,13,12.9,13\n\t\tc6.4,0,11.7-4.7,12.7-10.8h6.5C55.2,61.8,47,69.3,37,69.3c-10.7,0-19.4-8.7-19.4-19.4S26.3,30.5,37,30.5c10,0,18.2,7.6,19.3,17.2\n\t\tL49.8,47.8L49.8,47.8z M37.1,52.2h8.3c-1,3.7-4.3,6.5-8.3,6.5c-4.7,0-8.6-3.9-8.6-8.6s3.9-8.6,8.6-8.6c4,0,7.3,2.8,8.3,6.5h-8.3\n\t\tc-1.2,0-2.2,1-2.2,2.2S35.9,52.2,37.1,52.2z\"\/>\n<\/g>\n<\/svg>\n\t\t\t\t\t<\/div>\n\t\t\t\t<\/div>\n\t\t\t<\/div>\n\t\t\t\t<div class=\"icon-box-text last-reset\">\n\t\t\t\t\t\t\t\t\t\n\n<h3 style=\"text-align: center;\">Misi\u00f3n<\/h3>\n<p style=\"text-align: center;\"><span style=\"font-size: 100%;\">Somos artistas inspirados en realzar la armon\u00eda natural de la belleza de tu rostro.<\/span><\/p>\n\n\t\t<\/div>\n\t<\/div>\n\t\n\t\n\n\t\t<\/div>\n\t\t\t\t\t<\/div>\n\n\t\n\n\t<div id=\"col-1020758553\" class=\"col medium-3 small-6 large-3\"  >\n\t\t\t\t<div class=\"col-inner text-center\"  >\n\t\t\t\n\t\t\t\n\n\n\t\t<div class=\"icon-box featured-box icon-box-top text-left\"  >\n\t\t\t\t\t<div class=\"icon-box-img\" style=\"width: 45px\">\n\t\t\t\t<div class=\"icon\">\n\t\t\t\t\t<div class=\"icon-inner\" style=\"color:rgb(0, 0, 0);\">\n\t\t\t\t\t\t<?xml version=\"1.0\" encoding=\"utf-8\"?>\n<!-- Generator: Adobe Illustrator 24.3.0, SVG Export Plug-In . SVG Version: 6.00 Build 0)  -->\n<svg version=\"1.1\" id=\"Layer_1\" xmlns=\"http:\/\/www.w3.org\/2000\/svg\" xmlns:xlink=\"http:\/\/www.w3.org\/1999\/xlink\" x=\"0px\" y=\"0px\"\n\t viewBox=\"0 0 100 100\" style=\"enable-background:new 0 0 100 100;\" xml:space=\"preserve\">\n<style type=\"text\/css\">\n\t.st0{fill:#FFFFFF;}\n<\/style>\n<g>\n\t<path class=\"st0\" d=\"M95.3,48.8c-3.9-4.7-8.4-8.9-13.2-12.6C71.4,27.9,60.3,23.6,50,23.6s-21.4,4.3-32.1,12.6\n\t\tc-4.8,3.7-9.3,7.9-13.2,12.6c-0.6,0.7-0.6,1.8,0,2.5c3.9,4.6,8.4,8.8,13.2,12.5C28.6,72.1,39.7,76.4,50,76.4S71.4,72,82.1,63.8\n\t\tc4.8-3.7,9.3-7.9,13.2-12.5C95.9,50.6,95.9,49.5,95.3,48.8z M50,71.4c-11.8,0-21.4-9.6-21.4-21.4S38.2,28.6,50,28.6\n\t\tS71.4,38.2,71.4,50C71.3,61.8,61.8,71.3,50,71.4z M8.9,50c2.9-3.3,11.6-12.4,23-17.9c-9.8,9.9-9.8,25.9,0,35.8\n\t\tC20.5,62.3,11.9,53.3,8.9,50z M68.1,67.9c9.8-9.9,9.8-25.9,0-35.8c11.4,5.5,20.1,14.6,23,17.9C88.1,53.3,79.5,62.4,68.1,67.9z\"\/>\n\t<path class=\"st0\" d=\"M50,39.9c-5.6,0-10.1,4.5-10.1,10.1S44.4,60.1,50,60.1S60.1,55.6,60.1,50l0,0C60.1,44.4,55.6,39.9,50,39.9z\n\t\t M50,56c-3.4,0-6.1-2.7-6.1-6.1c0-3.4,2.7-6.1,6.1-6.1c3.4,0,6.1,2.7,6.1,6.1V50C56.1,53.4,53.4,56.1,50,56L50,56z\"\/>\n<\/g>\n<\/svg>\n\t\t\t\t\t<\/div>\n\t\t\t\t<\/div>\n\t\t\t<\/div>\n\t\t\t\t<div class=\"icon-box-text last-reset\">\n\t\t\t\t\t\t\t\t\t\n\n<h3 style=\"text-align: center;\">Visi\u00f3n<\/h3>\n<p style=\"text-align: center;\">Ser el estudio de mayor prestigio a nivel mundial de PMU y Lashes; creando la mayor cadena de artistas bajo un mismo nombre.<\/p>\n\n\t\t<\/div>\n\t<\/div>\n\t\n\t\n\n\t\t<\/div>\n\t\t\t\t\t<\/div>\n\n\t\n\n\t<div id=\"col-1809956117\" class=\"col medium-3 small-6 large-3\"  >\n\t\t\t\t<div class=\"col-inner text-center\"  >\n\t\t\t\n\t\t\t\n\n\n\t\t<div class=\"icon-box featured-box icon-box-top text-left\"  >\n\t\t\t\t\t<div class=\"icon-box-img\" style=\"width: 45px\">\n\t\t\t\t<div class=\"icon\">\n\t\t\t\t\t<div class=\"icon-inner\" style=\"color:rgb(0, 0, 0);\">\n\t\t\t\t\t\t<?xml version=\"1.0\" encoding=\"utf-8\"?>\n<!-- Generator: Adobe Illustrator 24.3.0, SVG Export Plug-In . SVG Version: 6.00 Build 0)  -->\n<svg version=\"1.1\"\n\t id=\"Layer_1\" xmlns:cc=\"http:\/\/creativecommons.org\/ns#\" xmlns:dc=\"http:\/\/purl.org\/dc\/elements\/1.1\/\" xmlns:inkscape=\"http:\/\/www.inkscape.org\/namespaces\/inkscape\" xmlns:rdf=\"http:\/\/www.w3.org\/1999\/02\/22-rdf-syntax-ns#\" xmlns:sodipodi=\"http:\/\/sodipodi.sourceforge.net\/DTD\/sodipodi-0.dtd\" xmlns:svg=\"http:\/\/www.w3.org\/2000\/svg\"\n\t xmlns=\"http:\/\/www.w3.org\/2000\/svg\" xmlns:xlink=\"http:\/\/www.w3.org\/1999\/xlink\" x=\"0px\" y=\"0px\" viewBox=\"0 0 100 100\"\n\t style=\"enable-background:new 0 0 100 100;\" xml:space=\"preserve\">\n<style type=\"text\/css\">\n\t.st0{fill:#FFFFFF;}\n<\/style>\n<g transform=\"translate(0,-952.36218)\">\n\t<path class=\"st0\" d=\"M20.9,965.3L4,988.5c-0.6,0.8-0.5,2,0.2,2.7l44.3,48.5c0.8,0.9,2.3,0.9,3.1,0l44.3-48.5\n\t\tc0.7-0.7,0.7-1.9,0.2-2.7l-16.9-23.2c-0.4-0.5-1.1-0.9-1.7-0.9H22.6C21.8,964.4,21.3,964.8,20.9,965.3z M25.7,968.7h19.8\n\t\tl-13.4,16.4L25.7,968.7z M54.4,968.7h19.9l-6.4,16.5L54.4,968.7z M50,969.9l14.5,17.8H35.5L50,969.9z M78,970.9l12.2,16.8H71.5\n\t\tL78,970.9z M22,970.9l6.5,16.7H9.9L22,970.9z M10.5,991.8h19.6l14.6,37.5L10.5,991.8z M34.7,991.8h30.6L50,1031.3L34.7,991.8z\n\t\t M69.8,991.8h19.6l-34.1,37.4L69.8,991.8z\"\/>\n<\/g>\n<\/svg>\n\t\t\t\t\t<\/div>\n\t\t\t\t<\/div>\n\t\t\t<\/div>\n\t\t\t\t<div class=\"icon-box-text last-reset\">\n\t\t\t\t\t\t\t\t\t\n\n<h3 style=\"text-align: center;\">Valores<\/h3>\n<p style=\"text-align: center;\">Trabajo en equipo | Integridad | Excelencia | Pasi\u00f3n | Innovaci\u00f3n | Aprendizaje continuo | Creatividad<\/p>\n\n\t\t<\/div>\n\t<\/div>\n\t\n\t\n\n\t\t<\/div>\n\t\t\t\t\t<\/div>\n\n\t\n\n\t<div id=\"col-278863345\" class=\"col medium-3 small-6 large-3\"  >\n\t\t\t\t<div class=\"col-inner text-center\"  >\n\t\t\t\n\t\t\t\n\n\n\t\t<div class=\"icon-box featured-box icon-box-top text-left\"  >\n\t\t\t\t\t<div class=\"icon-box-img\" style=\"width: 45px\">\n\t\t\t\t<div class=\"icon\">\n\t\t\t\t\t<div class=\"icon-inner\" style=\"color:rgb(0, 0, 0);\">\n\t\t\t\t\t\t<?xml version=\"1.0\" encoding=\"utf-8\"?>\n<!-- Generator: Adobe Illustrator 24.3.0, SVG Export Plug-In . SVG Version: 6.00 Build 0)  -->\n<svg version=\"1.1\" id=\"Layer_1\" xmlns=\"http:\/\/www.w3.org\/2000\/svg\" xmlns:xlink=\"http:\/\/www.w3.org\/1999\/xlink\" x=\"0px\" y=\"0px\"\n\t viewBox=\"0 0 100 100\" style=\"enable-background:new 0 0 100 100;\" xml:space=\"preserve\">\n<style type=\"text\/css\">\n\t.st0{fill:#FFFFFF;}\n<\/style>\n<g>\n\t<path class=\"st0\" d=\"M50,6.1c24.3,0,43.9,19.7,43.9,43.9c0,24.3-19.7,43.9-43.9,43.9C25.7,93.9,6.1,74.3,6.1,50\n\t\tC6.1,25.7,25.7,6.1,50,6.1L50,6.1z M64.4,15.1v38.3l23.2-7.5C86,31.9,76.9,20.2,64.4,15.1L64.4,15.1z M87.7,52.3l-36.8,12\n\t\tl14.6,20.1C77.9,78.8,86.8,66.6,87.7,52.3z M59.4,86.6l-23-31.7L21.7,75c6.9,7.8,17,12.7,28.3,12.7C53.3,87.7,56.4,87.3,59.4,86.6\n\t\tL59.4,86.6z M17.9,69.8l23-31.7l-23.2-7.5c-3.4,5.7-5.4,12.3-5.4,19.4C12.3,57.3,14.3,64,17.9,69.8L17.9,69.8z M21.5,25.3\n\t\tl36.7,11.9V13.1c-2.6-0.6-5.4-0.9-8.2-0.9C38.6,12.3,28.4,17.3,21.5,25.3L21.5,25.3z M58.2,55.4V43.7l-11.1-3.6l-6.9,9.5l6.9,9.5\n\t\tL58.2,55.4L58.2,55.4z\"\/>\n<\/g>\n<\/svg>\n\t\t\t\t\t<\/div>\n\t\t\t\t<\/div>\n\t\t\t<\/div>\n\t\t\t\t<div class=\"icon-box-text last-reset\">\n\t\t\t\t\t\t\t\t\t\n\n<h3 style=\"text-align: center;\">Enfoque<\/h3>\n<p style=\"text-align: center;\">Flexibles | Pacientes | Emp\u00e1ticos | Amables | Detallistas | Delicados<\/p>\n\n\t\t<\/div>\n\t<\/div>\n\t\n\t\n\n\t\t<\/div>\n\t\t\t\t\t<\/div>\n\n\t\n\n<\/div>\n\t<div id=\"gap-1985367468\" class=\"gap-element clearfix\" style=\"display:block; height:auto;\">\n\t\t\n<style>\n#gap-1985367468 {\n  padding-top: 70px;\n}\n<\/style>\n\t<\/div>\n\t","protected":false},"excerpt":{"rendered":"","protected":false},"author":1,"featured_media":0,"parent":0,"menu_order":0,"comment_status":"closed","ping_status":"closed","template":"page-blank.php","meta":{"footnotes":""},"class_list":["post-438","page","type-page","status-publish","hentry"],"_links":{"self":[{"href":"https:\/\/studio3dbrows.com\/do\/wp-json\/wp\/v2\/pages\/438","targetHints":{"allow":["GET"]}}],"collection":[{"href":"https:\/\/studio3dbrows.com\/do\/wp-json\/wp\/v2\/pages"}],"about":[{"href":"https:\/\/studio3dbrows.com\/do\/wp-json\/wp\/v2\/types\/page"}],"author":[{"embeddable":true,"href":"https:\/\/studio3dbrows.com\/do\/wp-json\/wp\/v2\/users\/1"}],"replies":[{"embeddable":true,"href":"https:\/\/studio3dbrows.com\/do\/wp-json\/wp\/v2\/comments?post=438"}],"version-history":[{"count":18,"href":"https:\/\/studio3dbrows.com\/do\/wp-json\/wp\/v2\/pages\/438\/revisions"}],"predecessor-version":[{"id":4068,"href":"https:\/\/studio3dbrows.com\/do\/wp-json\/wp\/v2\/pages\/438\/revisions\/4068"}],"wp:attachment":[{"href":"https:\/\/studio3dbrows.com\/do\/wp-json\/wp\/v2\/media?parent=438"}],"curies":[{"name":"wp","href":"https:\/\/api.w.org\/{rel}","templated":true}]}}