{"id":429,"date":"2020-06-12T13:41:22","date_gmt":"2020-06-12T13:41:22","guid":{"rendered":"http:\/\/estudio3dbrows.com\/?page_id=429"},"modified":"2024-10-11T20:17:19","modified_gmt":"2024-10-12T00:17:19","slug":"tintado1","status":"publish","type":"page","link":"https:\/\/studio3dbrows.com\/do\/tintado1\/","title":{"rendered":"Tintado"},"content":{"rendered":"\n  <div class=\"banner has-hover\" id=\"banner-1235854248\">\n          <div class=\"banner-inner fill\">\n        <div class=\"banner-bg fill\" >\n            <img loading=\"lazy\" decoding=\"async\" width=\"1600\" height=\"1024\" src=\"https:\/\/studio3dbrows.com\/do\/wp-content\/uploads\/2020\/06\/lashes.jpg\" class=\"bg attachment-original size-original\" alt=\"\" \/>                        <div class=\"overlay\"><\/div>            \n                    <\/div>\n\t\t\n        <div class=\"banner-layers container\">\n            <div class=\"fill banner-link\"><\/div>            \n\n   <div id=\"text-box-945839335\" class=\"text-box banner-layer x50 md-x50 lg-x50 y50 md-y50 lg-y50 res-text\">\n                                <div class=\"text-box-content text dark\">\n              \n              <div class=\"text-inner text-center\">\n                  \n\n\t<div id=\"text-484973707\" class=\"text\">\n\t\t\n\n<p class=\"p1\"><span style=\"font-size: 300%;\">TINTADO<br \/><\/span>CEJAS \u2022 PESTA\u00d1AS<\/p>\n<p class=\"alt-font\">\n\t\t\n<style>\n#text-484973707 {\n  color: rgb(0, 0, 0);\n}\n#text-484973707 > * {\n  color: rgb(0, 0, 0);\n}\n<\/style>\n\t<\/div>\n\t\n\n              <\/div>\n           <\/div>\n                            \n<style>\n#text-box-945839335 {\n  width: 60%;\n}\n#text-box-945839335 .text-box-content {\n  font-size: 100%;\n}\n<\/style>\n    <\/div>\n \n\n        <\/div>\n      <\/div>\n\n            \n<style>\n#banner-1235854248 {\n  padding-top: 300px;\n}\n#banner-1235854248 .overlay {\n  background-color: rgba(234, 228, 222, 0.762);\n}\n#banner-1235854248 .banner-bg img {\n  object-position: 25% 66%;\n}\n<\/style>\n  <\/div>\n\n\n\n\t<section class=\"section has-mask mask-arrow\" id=\"section_855201611\">\n\t\t<div class=\"section-bg fill\" >\n\t\t\t\t\t\t\t\t\t\n\t\t\t\n\n\t\t<\/div>\n\n\t\t\n\n\t\t<div class=\"section-content relative\">\n\t\t\t\n\n<div class=\"row align-center\"  id=\"row-1624031063\">\n\n\n\t<div id=\"col-1880832545\" class=\"col medium-10 small-12 large-10\"  >\n\t\t\t\t<div class=\"col-inner text-center\"  >\n\t\t\t\n\t\t\t\n\n<p>\u00a0<\/p>\n<div class=\"wpb_column vc_column_container vc_col-sm-6\">\n<div class=\"vc_column-inner \">\n<div class=\"wpb_wrapper\">\n<div class=\"wpb_text_column wpb_content_element \">\n<div class=\"wpb_wrapper\">\n<p class=\"p1\"><span style=\"font-size: 115%;\">El tintado es el procedimiento perfecto para definir temporalmente tus cejas y pesta\u00f1as.<\/span><\/p>\n<\/div>\n<\/div>\n<\/div>\n<\/div>\n<\/div>\n\n\t\t<\/div>\n\t\t\t\t\t<\/div>\n\n\t\n\n<\/div>\n\n\t\t<\/div>\n\n\t\t\n<style>\n#section_855201611 {\n  padding-top: 30px;\n  padding-bottom: 30px;\n  min-height: 184px;\n  background-color: rgb(234, 228, 222);\n}\n<\/style>\n\t<\/section>\n\t\n\n\t<section class=\"section info-cards-chess-box\" id=\"section_687164269\">\n\t\t<div class=\"section-bg fill\" >\n\t\t\t\t\t\t\t\t\t\n\t\t\t\n\n\t\t<\/div>\n\n\t\t\n\n\t\t<div class=\"section-content relative\">\n\t\t\t\n\n<div class=\"row row-collapse align-middle\"  id=\"row-41953954\">\n\n\n\t<div id=\"col-1370585827\" class=\"col medium-6 small-12 large-6\"  >\n\t\t\t\t<div class=\"col-inner\"  >\n\t\t\t\n\t\t\t\n\n\t<div class=\"box has-hover info-cards-chess-box  has-hover box-none box-text-bottom\" >\n\n\t\t<div class=\"box-image\" >\n\t\t\t<a href=\"#\" >\t\t\t<div class=\"image-zoom image-cover\" style=\"padding-top:100%;\">\n\t\t\t\t<img loading=\"lazy\" decoding=\"async\" width=\"1080\" height=\"1080\" src=\"https:\/\/studio3dbrows.com\/do\/wp-content\/uploads\/2023\/10\/titnado2.jpg\" class=\"attachment- size-\" alt=\"\" srcset=\"https:\/\/studio3dbrows.com\/do\/wp-content\/uploads\/2023\/10\/titnado2.jpg 1080w, https:\/\/studio3dbrows.com\/do\/wp-content\/uploads\/2023\/10\/titnado2-400x400.jpg 400w, https:\/\/studio3dbrows.com\/do\/wp-content\/uploads\/2023\/10\/titnado2-800x800.jpg 800w, https:\/\/studio3dbrows.com\/do\/wp-content\/uploads\/2023\/10\/titnado2-280x280.jpg 280w, https:\/\/studio3dbrows.com\/do\/wp-content\/uploads\/2023\/10\/titnado2-768x768.jpg 768w, https:\/\/studio3dbrows.com\/do\/wp-content\/uploads\/2023\/10\/titnado2-510x510.jpg 510w, https:\/\/studio3dbrows.com\/do\/wp-content\/uploads\/2023\/10\/titnado2-100x100.jpg 100w\" sizes=\"auto, (max-width: 1080px) 100vw, 1080px\" \/>\t\t\t\t<div class=\"overlay\" style=\"background-color:rgba(0, 0, 0, 0)\"><\/div>\t\t\t\t\t\t\t<\/div>\n\t\t\t<\/a>\t\t<\/div>\n\n\t\t<div class=\"box-text text-center dark\" style=\"background-color:rgba(0, 0, 0, 0.85);padding:40px 40px 30px 40px;\">\n\t\t\t<div class=\"box-text-inner\">\n\t\t\t\t\n\n<h2><b>TINTADO<\/b><\/h2>\n<div class=\"is-divider divider clearfix\" style=\"max-width:80%;height:2px;background-color:rgb(255, 255, 255);\"><\/div>\n\n\n\t\t\t<\/div>\n\t\t<\/div>\n\t<\/div>\n\t\n\n\t\t<\/div>\n\t\t\t\t\t<\/div>\n\n\t\n\n\t<div id=\"col-1100954778\" class=\"col medium-6 small-12 large-6\"  >\n\t\t\t\t<div class=\"col-inner\"  >\n\t\t\t\n\t\t\t\n\n<div class=\"row align-center\"  id=\"row-132268924\">\n\n\n\t<div id=\"col-612616502\" class=\"col medium-10 small-10 large-9\"  >\n\t\t\t\t<div class=\"col-inner\"  >\n\t\t\t\n\t\t\t\n\n<p class=\"p1\"><span style=\"font-size: 150%;\">Tintado de cejas<br \/><\/span><span style=\"font-size: 80%;\">Limpieza y dise\u00f1o del area de acuerdo a la simetr\u00eda del rostro. Acent\u00faa con el color que se ajuste a tu tono de piel y pelo. Toner y terminado con gel y concealer. Si deseas cejas m\u00e1s definidas, solicita una depilaci\u00f3n.<br \/><\/span><span style=\"font-size: 115%;\"><strong>Valor: $10<\/strong><\/span><\/p>\n<p><span style=\"font-size: 150%;\">Tintado de pesta\u00f1as<br \/><\/span><span style=\"font-size: 80%;\">Aplici\u00f3n de un tinte semipermanente a tus pesta\u00f1as naturales.<br \/><\/span><span style=\"font-size: 115%;\"><strong>Valor: $15<\/strong><\/span><\/p>\n\n\n<!DOCTYPE html>\n<html lang=\"es\">\n<head>\n    <meta charset=\"UTF-8\">\n    <meta name=\"viewport\" content=\"width=device-width, initial-scale=1.0\">\n    <title>Bot\u00f3n Reservar<\/title>\n    <style>\n        \/* Estilos del bot\u00f3n *\/\n        .reservar-button {\n            background-color: #A89F8D; \/* Color marr\u00f3n *\/\n            color: white;\n            padding: 10px 20px;\n            font-size: 16px;\n            border: none;\n            border-radius: 5px;\n            cursor: pointer;\n            margin: 20px; \/* Margen para evitar el borde de la ventana *\/\n        }\n\n        \/* Estilos del men\u00fa *\/\n        .menu {\n            display: none; \/* Ocultar por defecto *\/\n            background-color: #fff; \/* Fondo blanco *\/\n            border: 1px solid #ccc; \/* Borde gris claro *\/\n            border-radius: 5px; \/* Bordes redondeados *\/\n            padding: 20px; \/* Espaciado interno *\/\n            position: fixed; \/* Fijo en la pantalla *\/\n            top: 50%; \/* Centrado vertical *\/\n            left: 50%; \/* Centrado horizontal *\/\n            transform: translate(-50%, -50%); \/* Centrando en la pantalla *\/\n            z-index: 1000; \/* Por encima de otros elementos *\/\n        }\n\n        .menu-option {\n            margin: 10px 0; \/* Espacio entre opciones *\/\n            font-size: 16px; \/* Tama\u00f1o de fuente *\/\n            display: block; \/* Mostrar en bloque para que est\u00e9n en l\u00edneas separadas *\/\n        }\n\n        .close {\n            cursor: pointer; \/* Cursor de puntero *\/\n            font-size: 20px; \/* Tama\u00f1o de la \"X\" *\/\n            color: #A89F8D; \/* Color marr\u00f3n para la \"X\" *\/\n            float: right; \/* A la derecha *\/\n        }\n\n        a {\n            color: #A67C4C; \/* Color de los enlaces *\/\n            text-decoration: none; \/* Sin subrayado *\/\n        }\n\n        a:hover {\n            text-decoration: underline; \/* Subrayar al pasar el rat\u00f3n *\/\n        }\n\n        \/* Estilo para el encabezado *\/\n        .menu-header {\n            font-weight: bold; \/* Negrita *\/\n            font-size: 17px; \/* Tama\u00f1o de fuente m\u00e1s grande *\/\n            margin-bottom: 15px; \/* Espacio inferior *\/\n        }\n    <\/style>\n<\/head>\n<body data-rsssl=1>\n\n<!-- Bot\u00f3n Reservar -->\n<button class=\"reservar-button\" onclick=\"showMenu()\">Reservar<\/button>\n\n<!-- Men\u00fa con opciones -->\n<div class=\"menu\" id=\"menu\">\n    <span class=\"close\" onclick=\"closeMenu()\">\u00d7<\/span> <!-- Bot\u00f3n para cerrar -->\n    <p class=\"menu-header\">Selecciona tu centro m\u00e1s cercano<\/p>\n    <a class=\"menu-option\" href=\"https:\/\/www.secure-booker.com\/NacoSTUDIO3DBROWSLASHESPMU\/BookOnlineStart.aspx\" target=\"_blank\" onclick=\"closeMenu()\" rel=\"noopener\">Plaza Lia \/ Naco<\/a>\n    <a class=\"menu-option\" href=\"https:\/\/www.secure-booker.com\/BellaVistaStudio3DBrowsLashesPMU\/BookOnlineStart.aspx\" target=\"_blank\" onclick=\"closeMenu()\" rel=\"noopener\">Bella Vista \/ Punta Cana<\/a>\n    <a class=\"menu-option\" href=\"https:\/\/www.secure-booker.com\/PuntaCanaStudio3DBrowsLashesPMU\" target=\"_blank\" onclick=\"closeMenu()\" rel=\"noopener\">Punta Cana Village \/ Punta Cana<\/a>\n    <a class=\"menu-option\" href=\"https:\/\/www.secure-booker.com\/SanFranciscoStudio3DBrowsLashesPMU\" target=\"_blank\" onclick=\"closeMenu()\" rel=\"noopener\">Plaza Leonella \/ San Francisco<\/a>\n    <a class=\"menu-option\" href=\"https:\/\/www.secure-booker.com\/BlueMallStudio3DBrowsLashesPMU\" target=\"_blank\" onclick=\"closeMenu()\" rel=\"noopener\">Blue Mall \/ Santo Domingo<\/a>\n    <a class=\"menu-option\" href=\"https:\/\/www.secure-booker.com\/SantiagoStudio3DBrowsLashesPMU\" target=\"_blank\" onclick=\"closeMenu()\" rel=\"noopener\">Zona Rosa \/ Santiago<\/a>\n    <a class=\"menu-option\" href=\"https:\/\/www.secure-booker.com\/ZonaOrientalSTUDIO3DBROWSLASHESPMU\" target=\"_blank\" onclick=\"closeMenu()\" rel=\"noopener\">Plaza Cuadra \/ Zona Oriental<\/a>\n<\/div>\n\n<script>\nfunction showMenu() {\n    const menu = document.getElementById(\"menu\");\n    menu.style.display = \"block\"; \/\/ Mostrar el men\u00fa\n}\n\nfunction closeMenu() {\n    const menu = document.getElementById(\"menu\");\n    menu.style.display = \"none\"; \/\/ Ocultar el men\u00fa\n}\n<\/script>\n\n<\/body>\n<\/html>\n\n\n\n\t\t<\/div>\n\t\t\t\t\t<\/div>\n\n\t\n\n<\/div>\n\n\t\t<\/div>\n\t\t\t\t\n<style>\n#col-1100954778 > .col-inner {\n  padding: 10% 0px 0px 0px;\n}\n<\/style>\n\t<\/div>\n\n\t\n\n<\/div>\n\t<div id=\"gap-1545949861\" class=\"gap-element clearfix\" style=\"display:block; height:auto;\">\n\t\t\n<style>\n#gap-1545949861 {\n  padding-top: 23px;\n}\n<\/style>\n\t<\/div>\n\t\n\n\n\t\t<\/div>\n\n\t\t\n<style>\n#section_687164269 {\n  padding-top: 24px;\n  padding-bottom: 24px;\n}\n<\/style>\n\t<\/section>\n\t","protected":false},"excerpt":{"rendered":"","protected":false},"author":1,"featured_media":0,"parent":0,"menu_order":0,"comment_status":"closed","ping_status":"closed","template":"page-blank.php","meta":{"footnotes":""},"class_list":["post-429","page","type-page","status-publish","hentry"],"_links":{"self":[{"href":"https:\/\/studio3dbrows.com\/do\/wp-json\/wp\/v2\/pages\/429","targetHints":{"allow":["GET"]}}],"collection":[{"href":"https:\/\/studio3dbrows.com\/do\/wp-json\/wp\/v2\/pages"}],"about":[{"href":"https:\/\/studio3dbrows.com\/do\/wp-json\/wp\/v2\/types\/page"}],"author":[{"embeddable":true,"href":"https:\/\/studio3dbrows.com\/do\/wp-json\/wp\/v2\/users\/1"}],"replies":[{"embeddable":true,"href":"https:\/\/studio3dbrows.com\/do\/wp-json\/wp\/v2\/comments?post=429"}],"version-history":[{"count":11,"href":"https:\/\/studio3dbrows.com\/do\/wp-json\/wp\/v2\/pages\/429\/revisions"}],"predecessor-version":[{"id":7550,"href":"https:\/\/studio3dbrows.com\/do\/wp-json\/wp\/v2\/pages\/429\/revisions\/7550"}],"wp:attachment":[{"href":"https:\/\/studio3dbrows.com\/do\/wp-json\/wp\/v2\/media?parent=429"}],"curies":[{"name":"wp","href":"https:\/\/api.w.org\/{rel}","templated":true}]}}