{"id":426,"date":"2020-06-12T13:34:36","date_gmt":"2020-06-12T13:34:36","guid":{"rendered":"http:\/\/estudio3dbrows.com\/?page_id=426"},"modified":"2024-10-11T20:16:56","modified_gmt":"2024-10-12T00:16:56","slug":"depilacion","status":"publish","type":"page","link":"https:\/\/studio3dbrows.com\/do\/depilacion\/","title":{"rendered":"Depilaci\u00f3n"},"content":{"rendered":"\n  <div class=\"banner has-hover\" id=\"banner-578669213\">\n          <div class=\"banner-inner fill\">\n        <div class=\"banner-bg fill\" >\n            <img loading=\"lazy\" decoding=\"async\" width=\"1600\" height=\"1024\" src=\"https:\/\/studio3dbrows.com\/do\/wp-content\/uploads\/2020\/06\/lashes.jpg\" class=\"bg attachment-original size-original\" alt=\"\" \/>                        <div class=\"overlay\"><\/div>            \n                    <\/div>\n\t\t\n        <div class=\"banner-layers container\">\n            <div class=\"fill banner-link\"><\/div>            \n\n   <div id=\"text-box-45159942\" class=\"text-box banner-layer x50 md-x50 lg-x50 y50 md-y50 lg-y50 res-text\">\n                                <div class=\"text-box-content text dark\">\n              \n              <div class=\"text-inner text-center\">\n                  \n\n\t<div id=\"text-4115948260\" class=\"text\">\n\t\t\n\n<p class=\"p1\"><span style=\"font-size: 300%;\">DEPILACI\u00d3N<\/span><\/p>\n<p class=\"p1\">CERA \u2022 HILO<\/p>\n<p class=\"alt-font\">\n\t\t\n<style>\n#text-4115948260 {\n  color: rgb(0,0,0);\n}\n#text-4115948260 > * {\n  color: rgb(0,0,0);\n}\n<\/style>\n\t<\/div>\n\t\n\n              <\/div>\n           <\/div>\n                            \n<style>\n#text-box-45159942 {\n  width: 60%;\n}\n#text-box-45159942 .text-box-content {\n  font-size: 100%;\n}\n<\/style>\n    <\/div>\n \n\n        <\/div>\n      <\/div>\n\n            \n<style>\n#banner-578669213 {\n  padding-top: 300px;\n}\n#banner-578669213 .overlay {\n  background-color: rgba(234, 228, 222, 0.762);\n}\n#banner-578669213 .banner-bg img {\n  object-position: 25% 66%;\n}\n<\/style>\n  <\/div>\n\n\n\n\t<section class=\"section has-mask mask-arrow\" id=\"section_574580802\">\n\t\t<div class=\"section-bg fill\" >\n\t\t\t\t\t\t\t\t\t\n\t\t\t\n\n\t\t<\/div>\n\n\t\t\n\n\t\t<div class=\"section-content relative\">\n\t\t\t\n\n<div class=\"row align-center\"  id=\"row-1436290733\">\n\n\n\t<div id=\"col-1605115671\" class=\"col medium-10 small-12 large-10\"  >\n\t\t\t\t<div class=\"col-inner text-center\"  >\n\t\t\t\n\t\t\t\n\n<p>\u00a0<\/p>\n<p class=\"p1\">3D Brows ofrece tratamientos de depilaci\u00f3n con cera o hilo para dejar tu rostro suave y eliminar el exceso de vello donde sea necesario.<\/p>\n\n\t\t<\/div>\n\t\t\t\t\t<\/div>\n\n\t\n\n<\/div>\n\n\t\t<\/div>\n\n\t\t\n<style>\n#section_574580802 {\n  padding-top: 30px;\n  padding-bottom: 30px;\n  min-height: 184px;\n  background-color: rgb(234, 228, 222);\n}\n<\/style>\n\t<\/section>\n\t\n\n\t<section class=\"section info-cards-chess-box\" id=\"section_448247986\">\n\t\t<div class=\"section-bg fill\" >\n\t\t\t\t\t\t\t\t\t\n\t\t\t\n\n\t\t<\/div>\n\n\t\t\n\n\t\t<div class=\"section-content relative\">\n\t\t\t\n\n<div class=\"row row-collapse\"  id=\"row-1546419885\">\n\n\n\t<div id=\"col-1515361542\" class=\"col medium-6 small-12 large-6\"  >\n\t\t\t\t<div class=\"col-inner\"  >\n\t\t\t\n\t\t\t\n\n\t<div class=\"img has-hover x md-x lg-x y md-y lg-y\" id=\"image_94234135\">\n\t\t\t\t\t\t\t\t<div class=\"img-inner image-cover dark\" style=\"padding-top:100%;\">\n\t\t\t<img loading=\"lazy\" decoding=\"async\" width=\"1080\" height=\"1080\" src=\"https:\/\/studio3dbrows.com\/do\/wp-content\/uploads\/2023\/07\/waxing2.jpg\" class=\"attachment-original size-original\" alt=\"\" srcset=\"https:\/\/studio3dbrows.com\/do\/wp-content\/uploads\/2023\/07\/waxing2.jpg 1080w, https:\/\/studio3dbrows.com\/do\/wp-content\/uploads\/2023\/07\/waxing2-400x400.jpg 400w, https:\/\/studio3dbrows.com\/do\/wp-content\/uploads\/2023\/07\/waxing2-800x800.jpg 800w, https:\/\/studio3dbrows.com\/do\/wp-content\/uploads\/2023\/07\/waxing2-280x280.jpg 280w, https:\/\/studio3dbrows.com\/do\/wp-content\/uploads\/2023\/07\/waxing2-768x768.jpg 768w, https:\/\/studio3dbrows.com\/do\/wp-content\/uploads\/2023\/07\/waxing2-510x510.jpg 510w, https:\/\/studio3dbrows.com\/do\/wp-content\/uploads\/2023\/07\/waxing2-100x100.jpg 100w\" sizes=\"auto, (max-width: 1080px) 100vw, 1080px\" \/>\t\t\t\t\t\t\n\t\t\t\t\t<\/div>\n\t\t\t\t\t\t\t\t\n<style>\n#image_94234135 {\n  width: 100%;\n}\n<\/style>\n\t<\/div>\n\t\n\n\n\t\t<\/div>\n\t\t\t\t\t<\/div>\n\n\t\n\n\t<div id=\"col-1993594711\" class=\"col medium-6 small-12 large-6\"  >\n\t\t\t\t<div class=\"col-inner\"  >\n\t\t\t\n\t\t\t\n\n<div class=\"row align-center\"  id=\"row-951169991\">\n\n\n\t<div id=\"col-535267756\" class=\"col medium-10 small-10 large-9\"  >\n\t\t\t\t<div class=\"col-inner\"  >\n\t\t\t\n\t\t\t\n\n<p><span style=\"font-size: 150%;\">Depilaci\u00f3n\u00a0 cera\u00a0<br \/><\/span><span style=\"font-size: 80%;\">Limpieza de la zona, Dise\u00f1o de acuerdo a la simetr\u00eda del rostro, Depilaci\u00f3n con cera y pinzas, hidrataci\u00f3n y terminado con gel &amp; concealer.<br \/><\/span><\/p>\n<p><span style=\"font-size: 115%;\"><strong>Cejas: $10<\/strong><\/span><br \/><span style=\"font-size: 115%;\"><strong>\u00c1reas adicionales con cera: $10<\/strong><\/span><br \/><span style=\"font-size: 115%;\"><strong>Rostro completo: $20<\/strong><\/span><\/p>\n<p><em>*Precios en d\u00f3lares americanos.<\/em><\/p>\n\n\n<!DOCTYPE html>\n<html lang=\"es\">\n<head>\n    <meta charset=\"UTF-8\">\n    <meta name=\"viewport\" content=\"width=device-width, initial-scale=1.0\">\n    <title>Bot\u00f3n Reservar<\/title>\n    <style>\n        \/* Estilos del bot\u00f3n *\/\n        .reservar-button {\n            background-color: #A89F8D; \/* Color marr\u00f3n *\/\n            color: white;\n            padding: 10px 20px;\n            font-size: 16px;\n            border: none;\n            border-radius: 5px;\n            cursor: pointer;\n            margin: 20px; \/* Margen para evitar el borde de la ventana *\/\n        }\n\n        \/* Estilos del men\u00fa *\/\n        .menu {\n            display: none; \/* Ocultar por defecto *\/\n            background-color: #fff; \/* Fondo blanco *\/\n            border: 1px solid #ccc; \/* Borde gris claro *\/\n            border-radius: 5px; \/* Bordes redondeados *\/\n            padding: 20px; \/* Espaciado interno *\/\n            position: fixed; \/* Fijo en la pantalla *\/\n            top: 50%; \/* Centrado vertical *\/\n            left: 50%; \/* Centrado horizontal *\/\n            transform: translate(-50%, -50%); \/* Centrando en la pantalla *\/\n            z-index: 1000; \/* Por encima de otros elementos *\/\n        }\n\n        .menu-option {\n            margin: 10px 0; \/* Espacio entre opciones *\/\n            font-size: 16px; \/* Tama\u00f1o de fuente *\/\n            display: block; \/* Mostrar en bloque para que est\u00e9n en l\u00edneas separadas *\/\n        }\n\n        .close {\n            cursor: pointer; \/* Cursor de puntero *\/\n            font-size: 20px; \/* Tama\u00f1o de la \"X\" *\/\n            color: #A89F8D; \/* Color marr\u00f3n para la \"X\" *\/\n            float: right; \/* A la derecha *\/\n        }\n\n        a {\n            color: #A67C4C; \/* Color de los enlaces *\/\n            text-decoration: none; \/* Sin subrayado *\/\n        }\n\n        a:hover {\n            text-decoration: underline; \/* Subrayar al pasar el rat\u00f3n *\/\n        }\n\n        \/* Estilo para el encabezado *\/\n        .menu-header {\n            font-weight: bold; \/* Negrita *\/\n            font-size: 17px; \/* Tama\u00f1o de fuente m\u00e1s grande *\/\n            margin-bottom: 15px; \/* Espacio inferior *\/\n        }\n    <\/style>\n<\/head>\n<body data-rsssl=1>\n\n<!-- Bot\u00f3n Reservar -->\n<button class=\"reservar-button\" onclick=\"showMenu()\">Reservar<\/button>\n\n<!-- Men\u00fa con opciones -->\n<div class=\"menu\" id=\"menu\">\n    <span class=\"close\" onclick=\"closeMenu()\">\u00d7<\/span> <!-- Bot\u00f3n para cerrar -->\n    <p class=\"menu-header\">Selecciona tu centro m\u00e1s cercano<\/p>\n    <a class=\"menu-option\" href=\"https:\/\/www.secure-booker.com\/NacoSTUDIO3DBROWSLASHESPMU\/BookOnlineStart.aspx\" target=\"_blank\" onclick=\"closeMenu()\" rel=\"noopener\">Plaza Lia \/ Naco<\/a>\n    <a class=\"menu-option\" href=\"https:\/\/www.secure-booker.com\/BellaVistaStudio3DBrowsLashesPMU\/BookOnlineStart.aspx\" target=\"_blank\" onclick=\"closeMenu()\" rel=\"noopener\">Bella Vista \/ Punta Cana<\/a>\n    <a class=\"menu-option\" href=\"https:\/\/www.secure-booker.com\/PuntaCanaStudio3DBrowsLashesPMU\" target=\"_blank\" onclick=\"closeMenu()\" rel=\"noopener\">Punta Cana Village \/ Punta Cana<\/a>\n    <a class=\"menu-option\" href=\"https:\/\/www.secure-booker.com\/SanFranciscoStudio3DBrowsLashesPMU\" target=\"_blank\" onclick=\"closeMenu()\" rel=\"noopener\">Plaza Leonella \/ San Francisco<\/a>\n    <a class=\"menu-option\" href=\"https:\/\/www.secure-booker.com\/BlueMallStudio3DBrowsLashesPMU\" target=\"_blank\" onclick=\"closeMenu()\" rel=\"noopener\">Blue Mall \/ Santo Domingo<\/a>\n    <a class=\"menu-option\" href=\"https:\/\/www.secure-booker.com\/SantiagoStudio3DBrowsLashesPMU\" target=\"_blank\" onclick=\"closeMenu()\" rel=\"noopener\">Zona Rosa \/ Santiago<\/a>\n    <a class=\"menu-option\" href=\"https:\/\/www.secure-booker.com\/ZonaOrientalSTUDIO3DBROWSLASHESPMU\" target=\"_blank\" onclick=\"closeMenu()\" rel=\"noopener\">Plaza Cuadra \/ Zona Oriental<\/a>\n<\/div>\n\n<script>\nfunction showMenu() {\n    const menu = document.getElementById(\"menu\");\n    menu.style.display = \"block\"; \/\/ Mostrar el men\u00fa\n}\n\nfunction closeMenu() {\n    const menu = document.getElementById(\"menu\");\n    menu.style.display = \"none\"; \/\/ Ocultar el men\u00fa\n}\n<\/script>\n\n<\/body>\n<\/html>\n\n\n\n\t\t<\/div>\n\t\t\t\t\t<\/div>\n\n\t\n\n<\/div>\n\n\t\t<\/div>\n\t\t\t\t\t<\/div>\n\n\t\n\n\t<div id=\"col-114888822\" class=\"col medium-6 small-12 large-6\"  >\n\t\t\t\t<div class=\"col-inner\"  >\n\t\t\t\n\t\t\t\n\n\t<div id=\"gap-701585763\" class=\"gap-element clearfix\" style=\"display:block; height:auto;\">\n\t\t\n<style>\n#gap-701585763 {\n  padding-top: 32px;\n}\n<\/style>\n\t<\/div>\n\t\n\n\t<div class=\"img has-hover x md-x lg-x y md-y lg-y\" id=\"image_329139447\">\n\t\t\t\t\t\t\t\t<div class=\"img-inner dark\" >\n\t\t\t<img loading=\"lazy\" decoding=\"async\" width=\"749\" height=\"800\" src=\"https:\/\/studio3dbrows.com\/do\/wp-content\/uploads\/2020\/06\/threading-749x800.jpg\" class=\"attachment-large size-large\" alt=\"\" srcset=\"https:\/\/studio3dbrows.com\/do\/wp-content\/uploads\/2020\/06\/threading-749x800.jpg 749w, https:\/\/studio3dbrows.com\/do\/wp-content\/uploads\/2020\/06\/threading-374x400.jpg 374w, https:\/\/studio3dbrows.com\/do\/wp-content\/uploads\/2020\/06\/threading-768x820.jpg 768w, https:\/\/studio3dbrows.com\/do\/wp-content\/uploads\/2020\/06\/threading-600x641.jpg 600w, https:\/\/studio3dbrows.com\/do\/wp-content\/uploads\/2020\/06\/threading.jpg 1200w\" sizes=\"auto, (max-width: 749px) 100vw, 749px\" \/>\t\t\t\t\t\t\n\t\t\t\t\t<\/div>\n\t\t\t\t\t\t\t\t\n<style>\n#image_329139447 {\n  width: 100%;\n}\n<\/style>\n\t<\/div>\n\t\n\n\n\t\t<\/div>\n\t\t\t\t\t<\/div>\n\n\t\n\n\t<div id=\"col-1326527372\" class=\"col medium-6 small-12 large-6\"  >\n\t\t\t\t<div class=\"col-inner\"  >\n\t\t\t\n\t\t\t\n\n<div class=\"row align-center\"  id=\"row-801136560\">\n\n\n\t<div id=\"col-424262552\" class=\"col medium-10 small-10 large-9\"  >\n\t\t\t\t<div class=\"col-inner\"  >\n\t\t\t\n\t\t\t\n\n<p>\u00a0<\/p>\n<p><span style=\"font-size: 150%;\">Depilaci\u00f3n con hilo<br \/><\/span><span style=\"font-size: 80%;\">M\u00e1s que depilaci\u00f3n; limpiamos la zona, Dise\u00f1o de acuerdo a la simetr\u00eda del rostro, Depilaci\u00f3n con hilo y pinzas, t\u00f3nico, y finalizamos con cel &amp; corrector. <\/span><\/p>\n<p><span style=\"font-size: 115%;\"><strong>Cejas: $15<\/strong><\/span><br \/><span style=\"font-size: 115%;\"><strong>\u00c1reas adicionales con cera: $10<\/strong><\/span><br \/><span style=\"font-size: 115%;\"><strong>Rostro completo: $25<\/strong><\/span><\/p>\n<p><em>*Precios en d\u00f3lares americanos.<\/em><\/p>\n\n\n<!DOCTYPE html>\n<html lang=\"es\">\n<head>\n    <meta charset=\"UTF-8\">\n    <meta name=\"viewport\" content=\"width=device-width, initial-scale=1.0\">\n    <title>Bot\u00f3n Reservar<\/title>\n    <style>\n        \/* Estilos del bot\u00f3n *\/\n        .reservar-button {\n            background-color: #A89F8D; \/* Color marr\u00f3n *\/\n            color: white;\n            padding: 10px 20px;\n            font-size: 16px;\n            border: none;\n            border-radius: 5px;\n            cursor: pointer;\n            margin: 20px; \/* Margen para evitar el borde de la ventana *\/\n        }\n\n        \/* Estilos del men\u00fa *\/\n        .menu {\n            display: none; \/* Ocultar por defecto *\/\n            background-color: #fff; \/* Fondo blanco *\/\n            border: 1px solid #ccc; \/* Borde gris claro *\/\n            border-radius: 5px; \/* Bordes redondeados *\/\n            padding: 20px; \/* Espaciado interno *\/\n            position: fixed; \/* Fijo en la pantalla *\/\n            top: 50%; \/* Centrado vertical *\/\n            left: 50%; \/* Centrado horizontal *\/\n            transform: translate(-50%, -50%); \/* Centrando en la pantalla *\/\n            z-index: 1000; \/* Por encima de otros elementos *\/\n        }\n\n        .menu-option {\n            margin: 10px 0; \/* Espacio entre opciones *\/\n            font-size: 16px; \/* Tama\u00f1o de fuente *\/\n            display: block; \/* Mostrar en bloque para que est\u00e9n en l\u00edneas separadas *\/\n        }\n\n        .close {\n            cursor: pointer; \/* Cursor de puntero *\/\n            font-size: 20px; \/* Tama\u00f1o de la \"X\" *\/\n            color: #A89F8D; \/* Color marr\u00f3n para la \"X\" *\/\n            float: right; \/* A la derecha *\/\n        }\n\n        a {\n            color: #A67C4C; \/* Color de los enlaces *\/\n            text-decoration: none; \/* Sin subrayado *\/\n        }\n\n        a:hover {\n            text-decoration: underline; \/* Subrayar al pasar el rat\u00f3n *\/\n        }\n\n        \/* Estilo para el encabezado *\/\n        .menu-header {\n            font-weight: bold; \/* Negrita *\/\n            font-size: 17px; \/* Tama\u00f1o de fuente m\u00e1s grande *\/\n            margin-bottom: 15px; \/* Espacio inferior *\/\n        }\n    <\/style>\n<\/head>\n<body data-rsssl=1>\n\n<!-- Bot\u00f3n Reservar -->\n<button class=\"reservar-button\" onclick=\"showMenu()\">Reservar<\/button>\n\n<!-- Men\u00fa con opciones -->\n<div class=\"menu\" id=\"menu\">\n    <span class=\"close\" onclick=\"closeMenu()\">\u00d7<\/span> <!-- Bot\u00f3n para cerrar -->\n    <p class=\"menu-header\">Selecciona tu centro m\u00e1s cercano<\/p>\n    <a class=\"menu-option\" href=\"https:\/\/www.secure-booker.com\/NacoSTUDIO3DBROWSLASHESPMU\/BookOnlineStart.aspx\" target=\"_blank\" onclick=\"closeMenu()\" rel=\"noopener\">Plaza Lia \/ Naco<\/a>\n    <a class=\"menu-option\" href=\"https:\/\/www.secure-booker.com\/BellaVistaStudio3DBrowsLashesPMU\/BookOnlineStart.aspx\" target=\"_blank\" onclick=\"closeMenu()\" rel=\"noopener\">Bella Vista \/ Punta Cana<\/a>\n    <a class=\"menu-option\" href=\"https:\/\/www.secure-booker.com\/PuntaCanaStudio3DBrowsLashesPMU\" target=\"_blank\" onclick=\"closeMenu()\" rel=\"noopener\">Punta Cana Village \/ Punta Cana<\/a>\n    <a class=\"menu-option\" href=\"https:\/\/www.secure-booker.com\/SanFranciscoStudio3DBrowsLashesPMU\" target=\"_blank\" onclick=\"closeMenu()\" rel=\"noopener\">Plaza Leonella \/ San Francisco<\/a>\n    <a class=\"menu-option\" href=\"https:\/\/www.secure-booker.com\/BlueMallStudio3DBrowsLashesPMU\" target=\"_blank\" onclick=\"closeMenu()\" rel=\"noopener\">Blue Mall \/ Santo Domingo<\/a>\n    <a class=\"menu-option\" href=\"https:\/\/www.secure-booker.com\/SantiagoStudio3DBrowsLashesPMU\" target=\"_blank\" onclick=\"closeMenu()\" rel=\"noopener\">Zona Rosa \/ Santiago<\/a>\n    <a class=\"menu-option\" href=\"https:\/\/www.secure-booker.com\/ZonaOrientalSTUDIO3DBROWSLASHESPMU\" target=\"_blank\" onclick=\"closeMenu()\" rel=\"noopener\">Plaza Cuadra \/ Zona Oriental<\/a>\n<\/div>\n\n<script>\nfunction showMenu() {\n    const menu = document.getElementById(\"menu\");\n    menu.style.display = \"block\"; \/\/ Mostrar el men\u00fa\n}\n\nfunction closeMenu() {\n    const menu = document.getElementById(\"menu\");\n    menu.style.display = \"none\"; \/\/ Ocultar el men\u00fa\n}\n<\/script>\n\n<\/body>\n<\/html>\n\n\n\n\t\t<\/div>\n\t\t\t\t\t<\/div>\n\n\t\n\n<\/div>\n\n\t\t<\/div>\n\t\t\t\t\t<\/div>\n\n\t\n\n\t<div id=\"col-264654515\" class=\"col medium-6 small-12 large-6\"  >\n\t\t\t\t<div class=\"col-inner\"  >\n\t\t\t\n\t\t\t\n\n\t<div id=\"gap-430142405\" class=\"gap-element clearfix\" style=\"display:block; height:auto;\">\n\t\t\n<style>\n#gap-430142405 {\n  padding-top: 32px;\n}\n<\/style>\n\t<\/div>\n\t\n\n\t<div class=\"img has-hover x md-x lg-x y md-y lg-y\" id=\"image_1817314576\">\n\t\t\t\t\t\t\t\t<div class=\"img-inner dark\" >\n\t\t\t<img loading=\"lazy\" decoding=\"async\" width=\"800\" height=\"800\" src=\"https:\/\/studio3dbrows.com\/do\/wp-content\/uploads\/2023\/10\/tintado-800x800.jpg\" class=\"attachment-large size-large\" alt=\"\" srcset=\"https:\/\/studio3dbrows.com\/do\/wp-content\/uploads\/2023\/10\/tintado-800x800.jpg 800w, https:\/\/studio3dbrows.com\/do\/wp-content\/uploads\/2023\/10\/tintado-400x400.jpg 400w, https:\/\/studio3dbrows.com\/do\/wp-content\/uploads\/2023\/10\/tintado-280x280.jpg 280w, https:\/\/studio3dbrows.com\/do\/wp-content\/uploads\/2023\/10\/tintado-768x768.jpg 768w, https:\/\/studio3dbrows.com\/do\/wp-content\/uploads\/2023\/10\/tintado-510x510.jpg 510w, https:\/\/studio3dbrows.com\/do\/wp-content\/uploads\/2023\/10\/tintado-100x100.jpg 100w, https:\/\/studio3dbrows.com\/do\/wp-content\/uploads\/2023\/10\/tintado.jpg 1080w\" sizes=\"auto, (max-width: 800px) 100vw, 800px\" \/>\t\t\t\t\t\t\n\t\t\t\t\t<\/div>\n\t\t\t\t\t\t\t\t\n<style>\n#image_1817314576 {\n  width: 100%;\n}\n<\/style>\n\t<\/div>\n\t\n\n\n\t\t<\/div>\n\t\t\t\t\t<\/div>\n\n\t\n\n\t<div id=\"col-453941953\" class=\"col medium-6 small-12 large-6\"  >\n\t\t\t\t<div class=\"col-inner\"  >\n\t\t\t\n\t\t\t\n\n<div class=\"row align-center\"  id=\"row-736904687\">\n\n\n\t<div id=\"col-1797030843\" class=\"col medium-10 small-10 large-9\"  >\n\t\t\t\t<div class=\"col-inner\"  >\n\t\t\t\n\t\t\t\n\n<p>\u00a0<\/p>\n<p><span style=\"font-size: 150%;\">Spa de cejas <span style=\"font-size: 75%; background-color: #000000; color: #ffffff;\">\u00a0NUEVO\u00a0<\/span><br \/><\/span><span style=\"font-size: 80%;\">Limpieza y dise\u00f1o del area de acuerdo a la simetr\u00eda del rostro. Acent\u00faa con el color que se ajuste a tu tono de piel y pelo. Toner y terminado con gel y concealer. Si deseas cejas m\u00e1s definidas, solicita una depilaci\u00f3n.<br \/><\/span><span style=\"font-size: 115%;\"><strong>Valor: $30<\/strong><\/span><\/p>\n<p><span style=\"font-size: 150%;\">Depilaci\u00f3n y tintado de cejas<br \/><\/span><span style=\"font-size: 80%;\">Limpieza y definici\u00f3n de tus cejas, utilizando depilaci\u00f3n con hilo o cera, \u00a0y tintado que dura aproximadamente 2 semanas.<br \/><\/span><span style=\"font-size: 115%;\"><strong>Valor: $20<\/strong><\/span><\/p>\n<p><em>*Precios en d\u00f3lares americanos.<\/em><\/p>\n\n\n<!DOCTYPE html>\n<html lang=\"es\">\n<head>\n    <meta charset=\"UTF-8\">\n    <meta name=\"viewport\" content=\"width=device-width, initial-scale=1.0\">\n    <title>Bot\u00f3n Reservar<\/title>\n    <style>\n        \/* Estilos del bot\u00f3n *\/\n        .reservar-button {\n            background-color: #A89F8D; \/* Color marr\u00f3n *\/\n            color: white;\n            padding: 10px 20px;\n            font-size: 16px;\n            border: none;\n            border-radius: 5px;\n            cursor: pointer;\n            margin: 20px; \/* Margen para evitar el borde de la ventana *\/\n        }\n\n        \/* Estilos del men\u00fa *\/\n        .menu {\n            display: none; \/* Ocultar por defecto *\/\n            background-color: #fff; \/* Fondo blanco *\/\n            border: 1px solid #ccc; \/* Borde gris claro *\/\n            border-radius: 5px; \/* Bordes redondeados *\/\n            padding: 20px; \/* Espaciado interno *\/\n            position: fixed; \/* Fijo en la pantalla *\/\n            top: 50%; \/* Centrado vertical *\/\n            left: 50%; \/* Centrado horizontal *\/\n            transform: translate(-50%, -50%); \/* Centrando en la pantalla *\/\n            z-index: 1000; \/* Por encima de otros elementos *\/\n        }\n\n        .menu-option {\n            margin: 10px 0; \/* Espacio entre opciones *\/\n            font-size: 16px; \/* Tama\u00f1o de fuente *\/\n            display: block; \/* Mostrar en bloque para que est\u00e9n en l\u00edneas separadas *\/\n        }\n\n        .close {\n            cursor: pointer; \/* Cursor de puntero *\/\n            font-size: 20px; \/* Tama\u00f1o de la \"X\" *\/\n            color: #A89F8D; \/* Color marr\u00f3n para la \"X\" *\/\n            float: right; \/* A la derecha *\/\n        }\n\n        a {\n            color: #A67C4C; \/* Color de los enlaces *\/\n            text-decoration: none; \/* Sin subrayado *\/\n        }\n\n        a:hover {\n            text-decoration: underline; \/* Subrayar al pasar el rat\u00f3n *\/\n        }\n\n        \/* Estilo para el encabezado *\/\n        .menu-header {\n            font-weight: bold; \/* Negrita *\/\n            font-size: 17px; \/* Tama\u00f1o de fuente m\u00e1s grande *\/\n            margin-bottom: 15px; \/* Espacio inferior *\/\n        }\n    <\/style>\n<\/head>\n<body data-rsssl=1>\n\n<!-- Bot\u00f3n Reservar -->\n<button class=\"reservar-button\" onclick=\"showMenu()\">Reservar<\/button>\n\n<!-- Men\u00fa con opciones -->\n<div class=\"menu\" id=\"menu\">\n    <span class=\"close\" onclick=\"closeMenu()\">\u00d7<\/span> <!-- Bot\u00f3n para cerrar -->\n    <p class=\"menu-header\">Selecciona tu centro m\u00e1s cercano<\/p>\n    <a class=\"menu-option\" href=\"https:\/\/www.secure-booker.com\/NacoSTUDIO3DBROWSLASHESPMU\/BookOnlineStart.aspx\" target=\"_blank\" onclick=\"closeMenu()\" rel=\"noopener\">Plaza Lia \/ Naco<\/a>\n    <a class=\"menu-option\" href=\"https:\/\/www.secure-booker.com\/BellaVistaStudio3DBrowsLashesPMU\/BookOnlineStart.aspx\" target=\"_blank\" onclick=\"closeMenu()\" rel=\"noopener\">Bella Vista \/ Punta Cana<\/a>\n    <a class=\"menu-option\" href=\"https:\/\/www.secure-booker.com\/PuntaCanaStudio3DBrowsLashesPMU\" target=\"_blank\" onclick=\"closeMenu()\" rel=\"noopener\">Punta Cana Village \/ Punta Cana<\/a>\n    <a class=\"menu-option\" href=\"https:\/\/www.secure-booker.com\/SanFranciscoStudio3DBrowsLashesPMU\" target=\"_blank\" onclick=\"closeMenu()\" rel=\"noopener\">Plaza Leonella \/ San Francisco<\/a>\n    <a class=\"menu-option\" href=\"https:\/\/www.secure-booker.com\/BlueMallStudio3DBrowsLashesPMU\" target=\"_blank\" onclick=\"closeMenu()\" rel=\"noopener\">Blue Mall \/ Santo Domingo<\/a>\n    <a class=\"menu-option\" href=\"https:\/\/www.secure-booker.com\/SantiagoStudio3DBrowsLashesPMU\" target=\"_blank\" onclick=\"closeMenu()\" rel=\"noopener\">Zona Rosa \/ Santiago<\/a>\n    <a class=\"menu-option\" href=\"https:\/\/www.secure-booker.com\/ZonaOrientalSTUDIO3DBROWSLASHESPMU\" target=\"_blank\" onclick=\"closeMenu()\" rel=\"noopener\">Plaza Cuadra \/ Zona Oriental<\/a>\n<\/div>\n\n<script>\nfunction showMenu() {\n    const menu = document.getElementById(\"menu\");\n    menu.style.display = \"block\"; \/\/ Mostrar el men\u00fa\n}\n\nfunction closeMenu() {\n    const menu = document.getElementById(\"menu\");\n    menu.style.display = \"none\"; \/\/ Ocultar el men\u00fa\n}\n<\/script>\n\n<\/body>\n<\/html>\n\n\n\n\t\t<\/div>\n\t\t\t\t\t<\/div>\n\n\t\n\n<\/div>\n\n\t\t<\/div>\n\t\t\t\t\t<\/div>\n\n\t\n\n<\/div>\n\n\t\t<\/div>\n\n\t\t\n<style>\n#section_448247986 {\n  padding-top: 60px;\n  padding-bottom: 60px;\n}\n<\/style>\n\t<\/section>\n\t","protected":false},"excerpt":{"rendered":"","protected":false},"author":1,"featured_media":0,"parent":0,"menu_order":0,"comment_status":"closed","ping_status":"closed","template":"page-blank.php","meta":{"footnotes":""},"class_list":["post-426","page","type-page","status-publish","hentry"],"_links":{"self":[{"href":"https:\/\/studio3dbrows.com\/do\/wp-json\/wp\/v2\/pages\/426","targetHints":{"allow":["GET"]}}],"collection":[{"href":"https:\/\/studio3dbrows.com\/do\/wp-json\/wp\/v2\/pages"}],"about":[{"href":"https:\/\/studio3dbrows.com\/do\/wp-json\/wp\/v2\/types\/page"}],"author":[{"embeddable":true,"href":"https:\/\/studio3dbrows.com\/do\/wp-json\/wp\/v2\/users\/1"}],"replies":[{"embeddable":true,"href":"https:\/\/studio3dbrows.com\/do\/wp-json\/wp\/v2\/comments?post=426"}],"version-history":[{"count":18,"href":"https:\/\/studio3dbrows.com\/do\/wp-json\/wp\/v2\/pages\/426\/revisions"}],"predecessor-version":[{"id":7549,"href":"https:\/\/studio3dbrows.com\/do\/wp-json\/wp\/v2\/pages\/426\/revisions\/7549"}],"wp:attachment":[{"href":"https:\/\/studio3dbrows.com\/do\/wp-json\/wp\/v2\/media?parent=426"}],"curies":[{"name":"wp","href":"https:\/\/api.w.org\/{rel}","templated":true}]}}