{"id":2262,"date":"2021-07-08T17:45:15","date_gmt":"2021-07-08T21:45:15","guid":{"rendered":"https:\/\/estudio3dbrows.com\/?page_id=2262"},"modified":"2024-10-11T20:20:05","modified_gmt":"2024-10-12T00:20:05","slug":"3d-blush","status":"publish","type":"page","link":"https:\/\/studio3dbrows.com\/do\/3d-blush\/","title":{"rendered":"3D Blush"},"content":{"rendered":"\n  <div class=\"banner has-hover\" id=\"banner-1300458075\">\n          <div class=\"banner-inner fill\">\n        <div class=\"banner-bg fill\" >\n            <img loading=\"lazy\" decoding=\"async\" width=\"800\" height=\"800\" src=\"https:\/\/studio3dbrows.com\/do\/wp-content\/uploads\/2020\/10\/areolas-800x800.jpg\" class=\"bg attachment-large size-large\" alt=\"\" \/>                        <div class=\"overlay\"><\/div>            \n                    <\/div>\n\t\t\n        <div class=\"banner-layers container\">\n            <div class=\"fill banner-link\"><\/div>            \n\n   <div id=\"text-box-526285141\" class=\"text-box banner-layer x50 md-x50 lg-x50 y50 md-y50 lg-y50 res-text\">\n                                <div class=\"text-box-content text dark\">\n              \n              <div class=\"text-inner text-center\">\n                  \n\n<h2 class=\"p1\"><span style=\"font-size: 95%;\">3D BLUSH<\/span><\/h2>\n\n              <\/div>\n           <\/div>\n                            \n<style>\n#text-box-526285141 {\n  width: 60%;\n}\n#text-box-526285141 .text-box-content {\n  font-size: 100%;\n}\n<\/style>\n    <\/div>\n \n\n        <\/div>\n      <\/div>\n\n            \n<style>\n#banner-1300458075 {\n  padding-top: 300px;\n}\n#banner-1300458075 .overlay {\n  background-color: rgba(0, 0, 0, 0.77);\n}\n<\/style>\n  <\/div>\n\n\n\n\t<section class=\"section info-cards-chess-box\" id=\"section_187203393\">\n\t\t<div class=\"section-bg fill\" >\n\t\t\t\t\t\t\t\t\t\n\t\t\t\n\n\t\t<\/div>\n\n\t\t\n\n\t\t<div class=\"section-content relative\">\n\t\t\t\n\n<div class=\"row row-collapse align-middle\"  id=\"row-1580329639\">\n\n\n\t<div id=\"col-1953243815\" class=\"col medium-6 small-12 large-6\"  >\n\t\t\t\t<div class=\"col-inner\"  >\n\t\t\t\n\t\t\t\n\n\t<div class=\"img has-hover x md-x lg-x y md-y lg-y\" id=\"image_1093920627\">\n\t\t\t\t\t\t\t\t<div class=\"img-inner dark\" >\n\t\t\t<img loading=\"lazy\" decoding=\"async\" width=\"800\" height=\"800\" src=\"https:\/\/studio3dbrows.com\/do\/wp-content\/uploads\/2021\/09\/09-800x800.jpg\" class=\"attachment-large size-large\" alt=\"\" srcset=\"https:\/\/studio3dbrows.com\/do\/wp-content\/uploads\/2021\/09\/09-800x800.jpg 800w, https:\/\/studio3dbrows.com\/do\/wp-content\/uploads\/2021\/09\/09-400x400.jpg 400w, https:\/\/studio3dbrows.com\/do\/wp-content\/uploads\/2021\/09\/09-280x280.jpg 280w, https:\/\/studio3dbrows.com\/do\/wp-content\/uploads\/2021\/09\/09-768x768.jpg 768w, https:\/\/studio3dbrows.com\/do\/wp-content\/uploads\/2021\/09\/09-510x510.jpg 510w, https:\/\/studio3dbrows.com\/do\/wp-content\/uploads\/2021\/09\/09-100x100.jpg 100w, https:\/\/studio3dbrows.com\/do\/wp-content\/uploads\/2021\/09\/09.jpg 1080w\" sizes=\"auto, (max-width: 800px) 100vw, 800px\" \/>\t\t\t\t\t\t\n\t\t\t\t\t<\/div>\n\t\t\t\t\t\t\t\t\n<style>\n#image_1093920627 {\n  width: 100%;\n}\n<\/style>\n\t<\/div>\n\t\n\n\n\t\t<\/div>\n\t\t\t\t\t<\/div>\n\n\t\n\n\t<div id=\"col-732159345\" class=\"col medium-6 small-12 large-6\"  >\n\t\t\t\t<div class=\"col-inner\"  >\n\t\t\t\n\t\t\t\n\n<div class=\"row align-center\"  id=\"row-110388029\">\n\n\n\t<div id=\"col-904662036\" class=\"col medium-10 small-10 large-8\"  >\n\t\t\t\t<div class=\"col-inner\"  >\n\t\t\t\n\t\t\t\n\n<h3><b><span style=\"background-color: #000000; color: #ffffff;\"><span style=\"font-size: 75%;\">\u00a0NUEVO\u00a0<br \/><\/span><\/span><\/b><span style=\"font-size: 85%;\">3D Blush<\/span><\/h3>\n<p class=\"p1\">3D Blush es la t\u00e9cnica perfecta para dar color a tu rostro. Consiste en el dep\u00f3sito de pigmentos en los p\u00f3mulos para el ruborizado ideal, aportando vida y un color sutil que brinda un resultado sumamente natural.<\/p>\n<p class=\"p1\">El resultado permanece aproximadamente 2 a\u00f1os dependiendo el tipo de piel de la persona.<\/p>\n<p><strong>Precio: US$ 290<\/strong><\/p>\n<ul>\n<li class=\"p1\">Retoque 30 a 45 d\u00edas: US$ 60<\/li>\n<li class=\"p1\">Retoque 60 a 90 d\u00edas: US$ 110<\/li>\n<li class=\"p1\">Retoque 6 meses: US$ 160<\/li>\n<li class=\"p1\">Retoque 1 a\u00f1o: US$ 210<\/li>\n<\/ul>\n\n\n<!DOCTYPE html>\n<html lang=\"es\">\n<head>\n    <meta charset=\"UTF-8\">\n    <meta name=\"viewport\" content=\"width=device-width, initial-scale=1.0\">\n    <title>Bot\u00f3n Reservar<\/title>\n    <style>\n        \/* Estilos del bot\u00f3n *\/\n        .reservar-button {\n            background-color: #A89F8D; \/* Color marr\u00f3n *\/\n            color: white;\n            padding: 10px 20px;\n            font-size: 16px;\n            border: none;\n            border-radius: 5px;\n            cursor: pointer;\n            margin: 20px; \/* Margen para evitar el borde de la ventana *\/\n        }\n\n        \/* Estilos del men\u00fa *\/\n        .menu {\n            display: none; \/* Ocultar por defecto *\/\n            background-color: #fff; \/* Fondo blanco *\/\n            border: 1px solid #ccc; \/* Borde gris claro *\/\n            border-radius: 5px; \/* Bordes redondeados *\/\n            padding: 20px; \/* Espaciado interno *\/\n            position: fixed; \/* Fijo en la pantalla *\/\n            top: 50%; \/* Centrado vertical *\/\n            left: 50%; \/* Centrado horizontal *\/\n            transform: translate(-50%, -50%); \/* Centrando en la pantalla *\/\n            z-index: 1000; \/* Por encima de otros elementos *\/\n        }\n\n        .menu-option {\n            margin: 10px 0; \/* Espacio entre opciones *\/\n            font-size: 16px; \/* Tama\u00f1o de fuente *\/\n            display: block; \/* Mostrar en bloque para que est\u00e9n en l\u00edneas separadas *\/\n        }\n\n        .close {\n            cursor: pointer; \/* Cursor de puntero *\/\n            font-size: 20px; \/* Tama\u00f1o de la \"X\" *\/\n            color: #A89F8D; \/* Color marr\u00f3n para la \"X\" *\/\n            float: right; \/* A la derecha *\/\n        }\n\n        a {\n            color: #A67C4C; \/* Color de los enlaces *\/\n            text-decoration: none; \/* Sin subrayado *\/\n        }\n\n        a:hover {\n            text-decoration: underline; \/* Subrayar al pasar el rat\u00f3n *\/\n        }\n\n        \/* Estilo para el encabezado *\/\n        .menu-header {\n            font-weight: bold; \/* Negrita *\/\n            font-size: 17px; \/* Tama\u00f1o de fuente m\u00e1s grande *\/\n            margin-bottom: 15px; \/* Espacio inferior *\/\n        }\n    <\/style>\n<\/head>\n<body data-rsssl=1>\n\n<!-- Bot\u00f3n Reservar -->\n<button class=\"reservar-button\" onclick=\"showMenu()\">Reservar<\/button>\n\n<!-- Men\u00fa con opciones -->\n<div class=\"menu\" id=\"menu\">\n    <span class=\"close\" onclick=\"closeMenu()\">\u00d7<\/span> <!-- Bot\u00f3n para cerrar -->\n    <p class=\"menu-header\">Selecciona tu centro m\u00e1s cercano<\/p>\n    <a class=\"menu-option\" href=\"https:\/\/www.secure-booker.com\/NacoSTUDIO3DBROWSLASHESPMU\/BookOnlineStart.aspx\" target=\"_blank\" onclick=\"closeMenu()\" rel=\"noopener\">Plaza Lia \/ Naco<\/a>\n    <a class=\"menu-option\" href=\"https:\/\/www.secure-booker.com\/BellaVistaStudio3DBrowsLashesPMU\/BookOnlineStart.aspx\" target=\"_blank\" onclick=\"closeMenu()\" rel=\"noopener\">Bella Vista \/ Punta Cana<\/a>\n    <a class=\"menu-option\" href=\"https:\/\/www.secure-booker.com\/PuntaCanaStudio3DBrowsLashesPMU\" target=\"_blank\" onclick=\"closeMenu()\" rel=\"noopener\">Punta Cana Village \/ Punta Cana<\/a>\n    <a class=\"menu-option\" href=\"https:\/\/www.secure-booker.com\/SanFranciscoStudio3DBrowsLashesPMU\" target=\"_blank\" onclick=\"closeMenu()\" rel=\"noopener\">Plaza Leonella \/ San Francisco<\/a>\n    <a class=\"menu-option\" href=\"https:\/\/www.secure-booker.com\/BlueMallStudio3DBrowsLashesPMU\" target=\"_blank\" onclick=\"closeMenu()\" rel=\"noopener\">Blue Mall \/ Santo Domingo<\/a>\n    <a class=\"menu-option\" href=\"https:\/\/www.secure-booker.com\/SantiagoStudio3DBrowsLashesPMU\" target=\"_blank\" onclick=\"closeMenu()\" rel=\"noopener\">Zona Rosa \/ Santiago<\/a>\n    <a class=\"menu-option\" href=\"https:\/\/www.secure-booker.com\/ZonaOrientalSTUDIO3DBROWSLASHESPMU\" target=\"_blank\" onclick=\"closeMenu()\" rel=\"noopener\">Plaza Cuadra \/ Zona Oriental<\/a>\n<\/div>\n\n<script>\nfunction showMenu() {\n    const menu = document.getElementById(\"menu\");\n    menu.style.display = \"block\"; \/\/ Mostrar el men\u00fa\n}\n\nfunction closeMenu() {\n    const menu = document.getElementById(\"menu\");\n    menu.style.display = \"none\"; \/\/ Ocultar el men\u00fa\n}\n<\/script>\n\n<\/body>\n<\/html>\n\n\n\n\t\t<\/div>\n\t\t\t\t\t<\/div>\n\n\t\n\n<\/div>\n\n\t\t<\/div>\n\t\t\t\t\n<style>\n#col-732159345 > .col-inner {\n  padding: 10% 0px 0px 0px;\n}\n<\/style>\n\t<\/div>\n\n\t\n\n<\/div>\n\n\t\t<\/div>\n\n\t\t\n<style>\n#section_187203393 {\n  padding-top: 60px;\n  padding-bottom: 60px;\n}\n<\/style>\n\t<\/section>\n\t","protected":false},"excerpt":{"rendered":"","protected":false},"author":1,"featured_media":0,"parent":0,"menu_order":0,"comment_status":"closed","ping_status":"closed","template":"page-blank.php","meta":{"footnotes":""},"class_list":["post-2262","page","type-page","status-publish","hentry"],"_links":{"self":[{"href":"https:\/\/studio3dbrows.com\/do\/wp-json\/wp\/v2\/pages\/2262","targetHints":{"allow":["GET"]}}],"collection":[{"href":"https:\/\/studio3dbrows.com\/do\/wp-json\/wp\/v2\/pages"}],"about":[{"href":"https:\/\/studio3dbrows.com\/do\/wp-json\/wp\/v2\/types\/page"}],"author":[{"embeddable":true,"href":"https:\/\/studio3dbrows.com\/do\/wp-json\/wp\/v2\/users\/1"}],"replies":[{"embeddable":true,"href":"https:\/\/studio3dbrows.com\/do\/wp-json\/wp\/v2\/comments?post=2262"}],"version-history":[{"count":12,"href":"https:\/\/studio3dbrows.com\/do\/wp-json\/wp\/v2\/pages\/2262\/revisions"}],"predecessor-version":[{"id":7555,"href":"https:\/\/studio3dbrows.com\/do\/wp-json\/wp\/v2\/pages\/2262\/revisions\/7555"}],"wp:attachment":[{"href":"https:\/\/studio3dbrows.com\/do\/wp-json\/wp\/v2\/media?parent=2262"}],"curies":[{"name":"wp","href":"https:\/\/api.w.org\/{rel}","templated":true}]}}