{"id":2057,"date":"2021-06-06T04:19:43","date_gmt":"2021-06-06T08:19:43","guid":{"rendered":"https:\/\/estudio3dbrows.com\/?page_id=2057"},"modified":"2024-10-11T20:21:17","modified_gmt":"2024-10-12T00:21:17","slug":"3d-line","status":"publish","type":"page","link":"https:\/\/studio3dbrows.com\/do\/3d-line\/","title":{"rendered":"3D Line"},"content":{"rendered":"\n  <div class=\"banner has-hover\" id=\"banner-2128059275\">\n          <div class=\"banner-inner fill\">\n        <div class=\"banner-bg fill\" >\n            <img loading=\"lazy\" decoding=\"async\" width=\"1020\" height=\"653\" src=\"https:\/\/studio3dbrows.com\/do\/wp-content\/uploads\/2020\/06\/micro-1250x800.jpg\" class=\"bg attachment-large size-large\" alt=\"\" \/>                        <div class=\"overlay\"><\/div>            \n                    <\/div>\n\t\t\n        <div class=\"banner-layers container\">\n            <div class=\"fill banner-link\"><\/div>            \n\n   <div id=\"text-box-1127153335\" class=\"text-box banner-layer x50 md-x50 lg-x50 y50 md-y50 lg-y50 res-text\">\n                                <div class=\"text-box-content text dark\">\n              \n              <div class=\"text-inner text-center\">\n                  \n\n<p class=\"p1\"><span style=\"font-size: 300%;\"><span style=\"color: #282828;\">3D EYELINER<\/span><\/span><\/p>\n\n              <\/div>\n           <\/div>\n                            \n<style>\n#text-box-1127153335 {\n  width: 60%;\n}\n#text-box-1127153335 .text-box-content {\n  font-size: 100%;\n}\n<\/style>\n    <\/div>\n \n\n        <\/div>\n      <\/div>\n\n            \n<style>\n#banner-2128059275 {\n  padding-top: 212px;\n}\n#banner-2128059275 .overlay {\n  background-color: rgba(234, 228, 222, 0.547);\n}\n#banner-2128059275 .banner-bg img {\n  object-position: 30% 11%;\n}\n<\/style>\n  <\/div>\n\n\n\n  <div class=\"banner has-hover\" id=\"banner-2005671529\">\n          <div class=\"banner-inner fill\">\n        <div class=\"banner-bg fill\" >\n                                                \n                    <\/div>\n\t\t\n        <div class=\"banner-layers container\">\n            <div class=\"fill banner-link\"><\/div>            \n\n   <div id=\"text-box-1533775978\" class=\"text-box banner-layer x50 md-x50 lg-x50 y50 md-y50 lg-y50 res-text\">\n                                <div class=\"text-box-content text dark\">\n              \n              <div class=\"text-inner text-center\">\n                  \n\n\t<div id=\"text-2276855067\" class=\"text\">\n\t\t\n\n<p><strong><span style=\"color: #000000;\">\u00a1TU CAMINO HACIA UN ROSTRO SIEMPRE LISTO!<\/span><\/strong><\/p>\n<p class=\"p1\"><span style=\"font-size: 95%;\">Te ofrecemos varias t\u00e9cnicas de Micropigmentaci\u00f3n para un rostro siempre listo. Una forma de Maquillaje Semipermanente que dura a\u00f1os siempre y cuando apliques los retoques.<\/span><\/p>\n<p class=\"alt-font\">\n\t\t\n<style>\n#text-2276855067 {\n  color: rgb(0,0,0);\n}\n#text-2276855067 > * {\n  color: rgb(0,0,0);\n}\n<\/style>\n\t<\/div>\n\t\n\n              <\/div>\n           <\/div>\n                            \n<style>\n#text-box-1533775978 {\n  width: 60%;\n}\n#text-box-1533775978 .text-box-content {\n  font-size: 100%;\n}\n<\/style>\n    <\/div>\n \n\n        <\/div>\n      <\/div>\n\n            \n<style>\n#banner-2005671529 {\n  padding-top: 250px;\n  background-color: rgb(234, 228, 222);\n}\n<\/style>\n  <\/div>\n\n\n\n\t<section class=\"section info-cards-chess-box\" id=\"section_700763202\">\n\t\t<div class=\"section-bg fill\" >\n\t\t\t\t\t\t\t\t\t\n\t\t\t\n\n\t\t<\/div>\n\n\t\t\n\n\t\t<div class=\"section-content relative\">\n\t\t\t\n\n<div class=\"row row-collapse align-middle\"  id=\"row-640076163\">\n\n\n\t<div id=\"col-1243650918\" class=\"col medium-6 small-12 large-6\"  >\n\t\t\t\t<div class=\"col-inner\"  >\n\t\t\t\n\t\t\t\n\n\t<div class=\"img has-hover x md-x lg-x y md-y lg-y\" id=\"image_566276092\">\n\t\t\t\t\t\t\t\t<div class=\"img-inner dark\" >\n\t\t\t<img loading=\"lazy\" decoding=\"async\" width=\"800\" height=\"800\" src=\"https:\/\/studio3dbrows.com\/do\/wp-content\/uploads\/2021\/04\/3dline_logo-800x800.jpg\" class=\"attachment-large size-large\" alt=\"\" srcset=\"https:\/\/studio3dbrows.com\/do\/wp-content\/uploads\/2021\/04\/3dline_logo-800x800.jpg 800w, https:\/\/studio3dbrows.com\/do\/wp-content\/uploads\/2021\/04\/3dline_logo-400x400.jpg 400w, https:\/\/studio3dbrows.com\/do\/wp-content\/uploads\/2021\/04\/3dline_logo-280x280.jpg 280w, https:\/\/studio3dbrows.com\/do\/wp-content\/uploads\/2021\/04\/3dline_logo-768x768.jpg 768w, https:\/\/studio3dbrows.com\/do\/wp-content\/uploads\/2021\/04\/3dline_logo-510x510.jpg 510w, https:\/\/studio3dbrows.com\/do\/wp-content\/uploads\/2021\/04\/3dline_logo-100x100.jpg 100w, https:\/\/studio3dbrows.com\/do\/wp-content\/uploads\/2021\/04\/3dline_logo.jpg 1200w\" sizes=\"auto, (max-width: 800px) 100vw, 800px\" \/>\t\t\t\t\t\t\n\t\t\t\t\t<\/div>\n\t\t\t\t\t\t\t\t\n<style>\n#image_566276092 {\n  width: 100%;\n}\n<\/style>\n\t<\/div>\n\t\n\n\n\t\t<\/div>\n\t\t\t\t\t<\/div>\n\n\t\n\n\t<div id=\"col-1968156102\" class=\"col medium-6 small-12 large-6\"  >\n\t\t\t\t<div class=\"col-inner\"  >\n\t\t\t\n\t\t\t\n\n<div class=\"row align-center\"  id=\"row-77346665\">\n\n\n\t<div id=\"col-1385392646\" class=\"col medium-10 small-10 large-8\"  >\n\t\t\t\t<div class=\"col-inner\"  >\n\t\t\t\n\t\t\t\n\n<p class=\"p1\"><span style=\"font-size: 150%;\">3D Eyeliner<br \/><\/span>T\u00e9cnica que sustituye el delineado diario a trav\u00e9s de la micropigmentaci\u00f3n en el p\u00e1rpado superior o inferior del ojo.<\/p>\n<p><strong>Precio: $210<\/strong><\/p>\n<ul>\n<li><strong>Retoque 30-45 d\u00edas: $60<\/strong><\/li>\n<li><strong>Retoque 60-90 d\u00edas: $90<\/strong><\/li>\n<li><strong>Retoque 6 meses: $120<\/strong><\/li>\n<li><strong>Retoque 1 a\u00f1o: $150<\/strong><\/li>\n<\/ul>\n<p><em>*Precios en d\u00f3lares americanos.<\/em><\/p>\n\n\n<!DOCTYPE html>\n<html lang=\"es\">\n<head>\n    <meta charset=\"UTF-8\">\n    <meta name=\"viewport\" content=\"width=device-width, initial-scale=1.0\">\n    <title>Bot\u00f3n Reservar<\/title>\n    <style>\n        \/* Estilos del bot\u00f3n *\/\n        .reservar-button {\n            background-color: #A89F8D; \/* Color marr\u00f3n *\/\n            color: white;\n            padding: 10px 20px;\n            font-size: 16px;\n            border: none;\n            border-radius: 5px;\n            cursor: pointer;\n            margin: 20px; \/* Margen para evitar el borde de la ventana *\/\n        }\n\n        \/* Estilos del men\u00fa *\/\n        .menu {\n            display: none; \/* Ocultar por defecto *\/\n            background-color: #fff; \/* Fondo blanco *\/\n            border: 1px solid #ccc; \/* Borde gris claro *\/\n            border-radius: 5px; \/* Bordes redondeados *\/\n            padding: 20px; \/* Espaciado interno *\/\n            position: fixed; \/* Fijo en la pantalla *\/\n            top: 50%; \/* Centrado vertical *\/\n            left: 50%; \/* Centrado horizontal *\/\n            transform: translate(-50%, -50%); \/* Centrando en la pantalla *\/\n            z-index: 1000; \/* Por encima de otros elementos *\/\n        }\n\n        .menu-option {\n            margin: 10px 0; \/* Espacio entre opciones *\/\n            font-size: 16px; \/* Tama\u00f1o de fuente *\/\n            display: block; \/* Mostrar en bloque para que est\u00e9n en l\u00edneas separadas *\/\n        }\n\n        .close {\n            cursor: pointer; \/* Cursor de puntero *\/\n            font-size: 20px; \/* Tama\u00f1o de la \"X\" *\/\n            color: #A89F8D; \/* Color marr\u00f3n para la \"X\" *\/\n            float: right; \/* A la derecha *\/\n        }\n\n        a {\n            color: #A67C4C; \/* Color de los enlaces *\/\n            text-decoration: none; \/* Sin subrayado *\/\n        }\n\n        a:hover {\n            text-decoration: underline; \/* Subrayar al pasar el rat\u00f3n *\/\n        }\n\n        \/* Estilo para el encabezado *\/\n        .menu-header {\n            font-weight: bold; \/* Negrita *\/\n            font-size: 17px; \/* Tama\u00f1o de fuente m\u00e1s grande *\/\n            margin-bottom: 15px; \/* Espacio inferior *\/\n        }\n    <\/style>\n<\/head>\n<body data-rsssl=1>\n\n<!-- Bot\u00f3n Reservar -->\n<button class=\"reservar-button\" onclick=\"showMenu()\">Reservar<\/button>\n\n<!-- Men\u00fa con opciones -->\n<div class=\"menu\" id=\"menu\">\n    <span class=\"close\" onclick=\"closeMenu()\">\u00d7<\/span> <!-- Bot\u00f3n para cerrar -->\n    <p class=\"menu-header\">Selecciona tu centro m\u00e1s cercano<\/p>\n    <a class=\"menu-option\" href=\"https:\/\/www.secure-booker.com\/NacoSTUDIO3DBROWSLASHESPMU\/BookOnlineStart.aspx\" target=\"_blank\" onclick=\"closeMenu()\" rel=\"noopener\">Plaza Lia \/ Naco<\/a>\n    <a class=\"menu-option\" href=\"https:\/\/www.secure-booker.com\/BellaVistaStudio3DBrowsLashesPMU\/BookOnlineStart.aspx\" target=\"_blank\" onclick=\"closeMenu()\" rel=\"noopener\">Bella Vista \/ Punta Cana<\/a>\n    <a class=\"menu-option\" href=\"https:\/\/www.secure-booker.com\/PuntaCanaStudio3DBrowsLashesPMU\" target=\"_blank\" onclick=\"closeMenu()\" rel=\"noopener\">Punta Cana Village \/ Punta Cana<\/a>\n    <a class=\"menu-option\" href=\"https:\/\/www.secure-booker.com\/SanFranciscoStudio3DBrowsLashesPMU\" target=\"_blank\" onclick=\"closeMenu()\" rel=\"noopener\">Plaza Leonella \/ San Francisco<\/a>\n    <a class=\"menu-option\" href=\"https:\/\/www.secure-booker.com\/BlueMallStudio3DBrowsLashesPMU\" target=\"_blank\" onclick=\"closeMenu()\" rel=\"noopener\">Blue Mall \/ Santo Domingo<\/a>\n    <a class=\"menu-option\" href=\"https:\/\/www.secure-booker.com\/SantiagoStudio3DBrowsLashesPMU\" target=\"_blank\" onclick=\"closeMenu()\" rel=\"noopener\">Zona Rosa \/ Santiago<\/a>\n    <a class=\"menu-option\" href=\"https:\/\/www.secure-booker.com\/ZonaOrientalSTUDIO3DBROWSLASHESPMU\" target=\"_blank\" onclick=\"closeMenu()\" rel=\"noopener\">Plaza Cuadra \/ Zona Oriental<\/a>\n<\/div>\n\n<script>\nfunction showMenu() {\n    const menu = document.getElementById(\"menu\");\n    menu.style.display = \"block\"; \/\/ Mostrar el men\u00fa\n}\n\nfunction closeMenu() {\n    const menu = document.getElementById(\"menu\");\n    menu.style.display = \"none\"; \/\/ Ocultar el men\u00fa\n}\n<\/script>\n\n<\/body>\n<\/html>\n\n\n\n\t\t<\/div>\n\t\t\t\t\t<\/div>\n\n\t\n\n<\/div>\n\n\t\t<\/div>\n\t\t\t\t\n<style>\n#col-1968156102 > .col-inner {\n  padding: 10% 0px 0px 0px;\n}\n<\/style>\n\t<\/div>\n\n\t\n\n<\/div>\n\t<div id=\"gap-2138116020\" class=\"gap-element clearfix\" style=\"display:block; height:auto;\">\n\t\t\n<style>\n#gap-2138116020 {\n  padding-top: 30px;\n}\n<\/style>\n\t<\/div>\n\t\n\n<div class=\"row row-collapse align-middle\"  id=\"row-37197450\">\n\n\n\t<div id=\"col-1047568562\" class=\"col medium-6 small-12 large-6\"  >\n\t\t\t\t<div class=\"col-inner\"  >\n\t\t\t\n\t\t\t\n\n<div class=\"slider-wrapper relative\" id=\"slider-1492768727\" >\n    <div class=\"slider slider-nav-circle slider-nav-large slider-nav-light slider-style-normal\"\n        data-flickity-options='{\n            \"cellAlign\": \"center\",\n            \"imagesLoaded\": true,\n            \"lazyLoad\": 1,\n            \"freeScroll\": false,\n            \"wrapAround\": true,\n            \"autoPlay\": 6000,\n            \"pauseAutoPlayOnHover\" : true,\n            \"prevNextButtons\": true,\n            \"contain\" : true,\n            \"adaptiveHeight\" : true,\n            \"dragThreshold\" : 10,\n            \"percentPosition\": true,\n            \"pageDots\": true,\n            \"rightToLeft\": false,\n            \"draggable\": true,\n            \"selectedAttraction\": 0.1,\n            \"parallax\" : 0,\n            \"friction\": 0.6        }'\n        >\n        \n\n\t<div class=\"img has-hover x md-x lg-x y md-y lg-y\" id=\"image_1109094628\">\n\t\t\t\t\t\t\t\t<div class=\"img-inner dark\" >\n\t\t\t<img loading=\"lazy\" decoding=\"async\" width=\"800\" height=\"800\" src=\"https:\/\/studio3dbrows.com\/do\/wp-content\/uploads\/2021\/06\/IMG_7180-800x800.jpg\" class=\"attachment-large size-large\" alt=\"\" srcset=\"https:\/\/studio3dbrows.com\/do\/wp-content\/uploads\/2021\/06\/IMG_7180-800x800.jpg 800w, https:\/\/studio3dbrows.com\/do\/wp-content\/uploads\/2021\/06\/IMG_7180-400x400.jpg 400w, https:\/\/studio3dbrows.com\/do\/wp-content\/uploads\/2021\/06\/IMG_7180-280x280.jpg 280w, https:\/\/studio3dbrows.com\/do\/wp-content\/uploads\/2021\/06\/IMG_7180-768x768.jpg 768w, https:\/\/studio3dbrows.com\/do\/wp-content\/uploads\/2021\/06\/IMG_7180-1536x1536.jpg 1536w, https:\/\/studio3dbrows.com\/do\/wp-content\/uploads\/2021\/06\/IMG_7180.jpg 2048w, https:\/\/studio3dbrows.com\/do\/wp-content\/uploads\/2021\/06\/IMG_7180-510x510.jpg 510w, https:\/\/studio3dbrows.com\/do\/wp-content\/uploads\/2021\/06\/IMG_7180-100x100.jpg 100w\" sizes=\"auto, (max-width: 800px) 100vw, 800px\" \/>\t\t\t\t\t\t\n\t\t\t\t\t<\/div>\n\t\t\t\t\t\t\t\t\n<style>\n#image_1109094628 {\n  width: 100%;\n}\n<\/style>\n\t<\/div>\n\t\n\n\t<div class=\"img has-hover x md-x lg-x y md-y lg-y\" id=\"image_238461770\">\n\t\t\t\t\t\t\t\t<div class=\"img-inner dark\" >\n\t\t\t<img loading=\"lazy\" decoding=\"async\" width=\"800\" height=\"800\" src=\"https:\/\/studio3dbrows.com\/do\/wp-content\/uploads\/2021\/06\/IMG_7179-800x800.jpg\" class=\"attachment-large size-large\" alt=\"\" srcset=\"https:\/\/studio3dbrows.com\/do\/wp-content\/uploads\/2021\/06\/IMG_7179-800x800.jpg 800w, https:\/\/studio3dbrows.com\/do\/wp-content\/uploads\/2021\/06\/IMG_7179-400x400.jpg 400w, https:\/\/studio3dbrows.com\/do\/wp-content\/uploads\/2021\/06\/IMG_7179-280x280.jpg 280w, https:\/\/studio3dbrows.com\/do\/wp-content\/uploads\/2021\/06\/IMG_7179-768x768.jpg 768w, https:\/\/studio3dbrows.com\/do\/wp-content\/uploads\/2021\/06\/IMG_7179-1536x1536.jpg 1536w, https:\/\/studio3dbrows.com\/do\/wp-content\/uploads\/2021\/06\/IMG_7179.jpg 2048w, https:\/\/studio3dbrows.com\/do\/wp-content\/uploads\/2021\/06\/IMG_7179-510x510.jpg 510w, https:\/\/studio3dbrows.com\/do\/wp-content\/uploads\/2021\/06\/IMG_7179-100x100.jpg 100w\" sizes=\"auto, (max-width: 800px) 100vw, 800px\" \/>\t\t\t\t\t\t\n\t\t\t\t\t<\/div>\n\t\t\t\t\t\t\t\t\n<style>\n#image_238461770 {\n  width: 100%;\n}\n<\/style>\n\t<\/div>\n\t\n\n\n     <\/div>\n\n     <div class=\"loading-spin dark large centered\"><\/div>\n\n\t<\/div>\n\n\n\n\t\t<\/div>\n\t\t\t\t\t<\/div>\n\n\t\n\n\t<div id=\"col-299563478\" class=\"col medium-6 small-12 large-6\"  >\n\t\t\t\t<div class=\"col-inner\"  >\n\t\t\t\n\t\t\t\n\n<div class=\"row align-center\"  id=\"row-1302123890\">\n\n\n\t<div id=\"col-1048286147\" class=\"col medium-10 small-10 large-8\"  >\n\t\t\t\t<div class=\"col-inner\"  >\n\t\t\t\n\t\t\t\n\n<p><b><span style=\"background-color: #000000; color: #ffffff;\"><span style=\"font-size: 75%;\">\u00a0NUEVO\u00a0<br \/><\/span><\/span><\/b><span style=\"font-size: 150%;\">Pin-Up Eyeliner<\/span><\/p>\n<p class=\"p1\">El procedimiento Shadow Eyeliner utiliza la misma t\u00e9cnica que el 3D Eyeliner, incorporando un efecto de sombreado en el p\u00e1rpado superior del ojo.<\/p>\n<p><strong>Precio: $290<\/strong><\/p>\n<ul>\n<li>Retoque 30-45 d\u00edas: $60<\/li>\n<li>Retoque 60-90 d\u00edas: $110<\/li>\n<li>Retoque 6 meses: $160<\/li>\n<li>Retoque 1 a\u00f1o: $210<\/li>\n<\/ul>\n<p><em>*Precios en d\u00f3lares americanos.<\/em><\/p>\n\n\n<!DOCTYPE html>\n<html lang=\"es\">\n<head>\n    <meta charset=\"UTF-8\">\n    <meta name=\"viewport\" content=\"width=device-width, initial-scale=1.0\">\n    <title>Bot\u00f3n Reservar<\/title>\n    <style>\n        \/* Estilos del bot\u00f3n *\/\n        .reservar-button {\n            background-color: #A89F8D; \/* Color marr\u00f3n *\/\n            color: white;\n            padding: 10px 20px;\n            font-size: 16px;\n            border: none;\n            border-radius: 5px;\n            cursor: pointer;\n            margin: 20px; \/* Margen para evitar el borde de la ventana *\/\n        }\n\n        \/* Estilos del men\u00fa *\/\n        .menu {\n            display: none; \/* Ocultar por defecto *\/\n            background-color: #fff; \/* Fondo blanco *\/\n            border: 1px solid #ccc; \/* Borde gris claro *\/\n            border-radius: 5px; \/* Bordes redondeados *\/\n            padding: 20px; \/* Espaciado interno *\/\n            position: fixed; \/* Fijo en la pantalla *\/\n            top: 50%; \/* Centrado vertical *\/\n            left: 50%; \/* Centrado horizontal *\/\n            transform: translate(-50%, -50%); \/* Centrando en la pantalla *\/\n            z-index: 1000; \/* Por encima de otros elementos *\/\n        }\n\n        .menu-option {\n            margin: 10px 0; \/* Espacio entre opciones *\/\n            font-size: 16px; \/* Tama\u00f1o de fuente *\/\n            display: block; \/* Mostrar en bloque para que est\u00e9n en l\u00edneas separadas *\/\n        }\n\n        .close {\n            cursor: pointer; \/* Cursor de puntero *\/\n            font-size: 20px; \/* Tama\u00f1o de la \"X\" *\/\n            color: #A89F8D; \/* Color marr\u00f3n para la \"X\" *\/\n            float: right; \/* A la derecha *\/\n        }\n\n        a {\n            color: #A67C4C; \/* Color de los enlaces *\/\n            text-decoration: none; \/* Sin subrayado *\/\n        }\n\n        a:hover {\n            text-decoration: underline; \/* Subrayar al pasar el rat\u00f3n *\/\n        }\n\n        \/* Estilo para el encabezado *\/\n        .menu-header {\n            font-weight: bold; \/* Negrita *\/\n            font-size: 17px; \/* Tama\u00f1o de fuente m\u00e1s grande *\/\n            margin-bottom: 15px; \/* Espacio inferior *\/\n        }\n    <\/style>\n<\/head>\n<body data-rsssl=1>\n\n<!-- Bot\u00f3n Reservar -->\n<button class=\"reservar-button\" onclick=\"showMenu()\">Reservar<\/button>\n\n<!-- Men\u00fa con opciones -->\n<div class=\"menu\" id=\"menu\">\n    <span class=\"close\" onclick=\"closeMenu()\">\u00d7<\/span> <!-- Bot\u00f3n para cerrar -->\n    <p class=\"menu-header\">Selecciona tu centro m\u00e1s cercano<\/p>\n    <a class=\"menu-option\" href=\"https:\/\/www.secure-booker.com\/NacoSTUDIO3DBROWSLASHESPMU\/BookOnlineStart.aspx\" target=\"_blank\" onclick=\"closeMenu()\" rel=\"noopener\">Plaza Lia \/ Naco<\/a>\n    <a class=\"menu-option\" href=\"https:\/\/www.secure-booker.com\/BellaVistaStudio3DBrowsLashesPMU\/BookOnlineStart.aspx\" target=\"_blank\" onclick=\"closeMenu()\" rel=\"noopener\">Bella Vista \/ Punta Cana<\/a>\n    <a class=\"menu-option\" href=\"https:\/\/www.secure-booker.com\/PuntaCanaStudio3DBrowsLashesPMU\" target=\"_blank\" onclick=\"closeMenu()\" rel=\"noopener\">Punta Cana Village \/ Punta Cana<\/a>\n    <a class=\"menu-option\" href=\"https:\/\/www.secure-booker.com\/SanFranciscoStudio3DBrowsLashesPMU\" target=\"_blank\" onclick=\"closeMenu()\" rel=\"noopener\">Plaza Leonella \/ San Francisco<\/a>\n    <a class=\"menu-option\" href=\"https:\/\/www.secure-booker.com\/BlueMallStudio3DBrowsLashesPMU\" target=\"_blank\" onclick=\"closeMenu()\" rel=\"noopener\">Blue Mall \/ Santo Domingo<\/a>\n    <a class=\"menu-option\" href=\"https:\/\/www.secure-booker.com\/SantiagoStudio3DBrowsLashesPMU\" target=\"_blank\" onclick=\"closeMenu()\" rel=\"noopener\">Zona Rosa \/ Santiago<\/a>\n    <a class=\"menu-option\" href=\"https:\/\/www.secure-booker.com\/ZonaOrientalSTUDIO3DBROWSLASHESPMU\" target=\"_blank\" onclick=\"closeMenu()\" rel=\"noopener\">Plaza Cuadra \/ Zona Oriental<\/a>\n<\/div>\n\n<script>\nfunction showMenu() {\n    const menu = document.getElementById(\"menu\");\n    menu.style.display = \"block\"; \/\/ Mostrar el men\u00fa\n}\n\nfunction closeMenu() {\n    const menu = document.getElementById(\"menu\");\n    menu.style.display = \"none\"; \/\/ Ocultar el men\u00fa\n}\n<\/script>\n\n<\/body>\n<\/html>\n\n\n\n\t\t<\/div>\n\t\t\t\t\t<\/div>\n\n\t\n\n<\/div>\n\n\t\t<\/div>\n\t\t\t\t\n<style>\n#col-299563478 > .col-inner {\n  padding: 10% 0px 0px 0px;\n}\n<\/style>\n\t<\/div>\n\n\t\n\n<\/div>\n\n\t\t<\/div>\n\n\t\t\n<style>\n#section_700763202 {\n  padding-top: 60px;\n  padding-bottom: 60px;\n}\n<\/style>\n\t<\/section>\n\t","protected":false},"excerpt":{"rendered":"","protected":false},"author":1,"featured_media":0,"parent":0,"menu_order":0,"comment_status":"closed","ping_status":"closed","template":"page-blank.php","meta":{"footnotes":""},"class_list":["post-2057","page","type-page","status-publish","hentry"],"_links":{"self":[{"href":"https:\/\/studio3dbrows.com\/do\/wp-json\/wp\/v2\/pages\/2057","targetHints":{"allow":["GET"]}}],"collection":[{"href":"https:\/\/studio3dbrows.com\/do\/wp-json\/wp\/v2\/pages"}],"about":[{"href":"https:\/\/studio3dbrows.com\/do\/wp-json\/wp\/v2\/types\/page"}],"author":[{"embeddable":true,"href":"https:\/\/studio3dbrows.com\/do\/wp-json\/wp\/v2\/users\/1"}],"replies":[{"embeddable":true,"href":"https:\/\/studio3dbrows.com\/do\/wp-json\/wp\/v2\/comments?post=2057"}],"version-history":[{"count":13,"href":"https:\/\/studio3dbrows.com\/do\/wp-json\/wp\/v2\/pages\/2057\/revisions"}],"predecessor-version":[{"id":7558,"href":"https:\/\/studio3dbrows.com\/do\/wp-json\/wp\/v2\/pages\/2057\/revisions\/7558"}],"wp:attachment":[{"href":"https:\/\/studio3dbrows.com\/do\/wp-json\/wp\/v2\/media?parent=2057"}],"curies":[{"name":"wp","href":"https:\/\/api.w.org\/{rel}","templated":true}]}}