{"id":1238,"date":"2020-12-15T18:06:53","date_gmt":"2020-12-15T22:06:53","guid":{"rendered":"http:\/\/estudio3dbrows.com\/?page_id=1238"},"modified":"2022-05-16T16:39:21","modified_gmt":"2022-05-16T20:39:21","slug":"aviso-legal","status":"publish","type":"page","link":"https:\/\/studio3dbrows.com\/do\/aviso-legal\/","title":{"rendered":"Aviso Legal"},"content":{"rendered":"<h3>Aviso Legal<\/h3>\n<p class=\"p3\">Informaci\u00f3n legal sobre las p\u00e1ginas web de la tienda online <a href=\"http:\/\/estudio3dbrows.com\"><span class=\"s1\">www.studio3dbrows.com<\/span><\/a><\/p>\n<p class=\"p3\">Este sitio\u00a0ha sido creado\u00a0para dar a conocer y permitir el acceso al p\u00fablico a la informaci\u00f3n relativa a los servicios\u00a0ofertados por <b>Studios 3D Brows<\/b> a trav\u00e9s de www.studio3dbrows.com que es un portal informativo y de comercio electr\u00f3nico.<\/p>\n<p class=\"p6\">Lea estos T\u00e9rminos y condiciones detenidamente antes de utilizar el Sitio.<\/p>\n<p class=\"p8\">Su acceso y uso del Sitio est\u00e1 condicionado a su aceptaci\u00f3n y cumplimiento de estos T\u00e9rminos. Estos T\u00e9rminos se aplican a todos los visitantes, usuarios y otras personas que acceden o utilizan el Sitio.<\/p>\n<p class=\"p8\">Al acceder o utilizar el Sitio, acepta estar sujeto a estos T\u00e9rminos. Si no est\u00e1 de acuerdo con alguna parte de los t\u00e9rminos, no podr\u00e1 acceder al Sitio.<\/p>\n<p class=\"p9\"><strong><span class=\"s1\">CONDICIONES DE USO DEL PORTAL<\/span><\/strong><\/p>\n<p class=\"p9\"><strong><span class=\"s1\">1,GENERAL<\/span><\/strong><\/p>\n<p class=\"p9\">El Usuario se obliga a hacer un uso correcto del Portal de conformidad con la Ley y el presente Aviso Legal. El Usuario responder\u00e1 frente a Studio 3D Brows o frente a terceros de cualesquiera da\u00f1os y perjuicios que pudieran causarse como consecuencia del incumplimiento de dicha obligaci\u00f3n.<\/p>\n<p class=\"p9\">Queda expresamente prohibido el uso del Portal con fines lesivos de bienes o intereses de Studio 3D Brows o de terceros o que de cualquier otra forma sobrecarguen, da\u00f1en o inutilicen las redes, servidores y dem\u00e1s equipos inform\u00e1ticos (hardware) o productos y aplicaciones inform\u00e1ticas (software).<\/p>\n<p class=\"p9\"><strong><span class=\"s1\">2. DE LA CALIDAD DEL SERVICIO<\/span><\/strong><\/p>\n<p class=\"p9\">El acceso al Portal no implica la obligaci\u00f3n por parte de Studio 3D Brows de controlar la ausencia de virus, gusanos o cualquier otro elemento inform\u00e1tico da\u00f1ino. Corresponde al Usuario, en todo caso, la disponibilidad de herramientas adecuadas para la detecci\u00f3n y desinfecci\u00f3n de programas inform\u00e1ticos da\u00f1inos.<\/p>\n<p class=\"p9\">Studio 3D Brows no se responsabiliza de los da\u00f1os producidos en los equipos inform\u00e1ticos de los Usuarios o de terceros durante la prestaci\u00f3n del servicio del Portal.<\/p>\n<p class=\"p9\"><strong><span class=\"s1\">3.<span class=\"Apple-converted-space\">\u00a0 <\/span>DE LA DISPONIBILIDAD DEL SERVICIO<\/span><\/strong><\/p>\n<p class=\"p9\">El acceso al Portal requiere de servicios y suministros de terceros, incluidos el transporte a trav\u00e9s de redes de telecomunicaciones cuya fiabilidad, calidad, continuidad y funcionamiento no corresponde a Studio 3D Brows. Por consiguiente, los servicios prove\u00eddos a trav\u00e9s del Portal pueden ser suspendidos, cancelados o resultar inaccesibles, con car\u00e1cter previo o simultaneo a la prestaci\u00f3n del servicio del Portal.<\/p>\n<p class=\"p9\">Studio 3D Brows no se responsabiliza de los da\u00f1os o perjuicios de cualquier tipo producidos en el Usuario que traigan causa de fallos o desconexiones en las redes de telecomunicaciones que produzcan la suspensi\u00f3n, cancelaci\u00f3n o interrupci\u00f3n del servicio del Portal durante la prestaci\u00f3n del mismo o con car\u00e1cter previo.<\/p>\n<p class=\"p8\"><strong><span class=\"s1\">PORTALES DE TERCEROS<\/span><\/strong><\/p>\n<p class=\"p8\">El presente portal puede contener enlaces a sitios web o servicios de terceros que no son propiedad ni est\u00e1n controlados por Studios 3D Brows.<\/p>\n<p class=\"p8\">Studios 3D Brows no tiene control ni asume responsabilidad por el contenido, las pol\u00edticas de privacidad o las pr\u00e1cticas de los sitios web o servicios de terceros. Adem\u00e1s, reconoce y acepta que<span class=\"Apple-converted-space\">\u00a0 <\/span>Studios 3D Brows no ser\u00e1 responsable, directa o indirectamente, de ning\u00fan da\u00f1o o p\u00e9rdida causados \u200b\u200bo supuestamente causados \u200b\u200bpor o en conexi\u00f3n con el uso o la confianza en dicho contenido, bienes o servicios disponibles a trav\u00e9s de cualquiera de dichos sitios web o servicios.<\/p>\n<p class=\"p8\">Le recomendamos leer los t\u00e9rminos y condiciones y las pol\u00edticas de privacidad de cualquier sitio web o servicio de terceros que visite.<\/p>\n<p class=\"p9\"><strong><span class=\"s1\">PROPIEDAD INTELECTUAL E INDUSTRIAL<\/span><\/strong><\/p>\n<p class=\"p9\">Todos los contenidos del Portal, entendiendo por estos a t\u00edtulo meramente enunciativo, los textos, fotograf\u00edas, gr\u00e1ficos, im\u00e1genes, iconos, tecnolog\u00eda, software, links y dem\u00e1s contenidos audiovisuales o sonoros, as\u00ed como su dise\u00f1o gr\u00e1fico y c\u00f3digos fuente (en adelante, los \u2018Contenidos\u2019), son propiedad intelectual de Studio 3D Brows o de terceros, sin que puedan entenderse cedidos al Usuario ninguno de los derechos de explotaci\u00f3n reconocidos por la normativa vigente en materia de propiedad intelectual sobre los mismos, salvo aquellos que resulten estrictamente necesarios para el uso del Portal.<\/p>\n<p class=\"p3\"><strong><span class=\"s1\">RESERVA DE DERECHOS<\/span><\/strong><\/p>\n<p class=\"p3\">Studio 3D Brows podr\u00e1, cuando lo considere conveniente, realizar correcciones, mejoras o modificaciones en la estructura, dise\u00f1o web as\u00ed como cualquier informaci\u00f3n contenida en la p\u00e1gina, modificar o eliminar productos o servicios, las condiciones de acceso o incluso de uso de la web de forma unilateral y sin previo aviso sin que ello d\u00e9 lugar ni derecho a ninguna reclamaci\u00f3n o indemnizaci\u00f3n, ni implique reconocimiento de responsabilidad alguna.<\/p>\n<p class=\"p3\">Studio 3D Brows se reserva el derecho para interrumpir, suspender o terminar la prestaci\u00f3n del servicio del sitio web o de cualquiera de los servicios que lo integran.<\/p>\n<p class=\"p3\">Los precios, las caracter\u00edsticas y la disponibilidad de los productos o servicios comercializados por Studio 3D Brows pueden variar sin previo aviso.\u00a0<\/p>","protected":false},"excerpt":{"rendered":"","protected":false},"author":1,"featured_media":0,"parent":0,"menu_order":0,"comment_status":"closed","ping_status":"closed","template":"","meta":{"footnotes":""},"class_list":["post-1238","page","type-page","status-publish","hentry"],"_links":{"self":[{"href":"https:\/\/studio3dbrows.com\/do\/wp-json\/wp\/v2\/pages\/1238","targetHints":{"allow":["GET"]}}],"collection":[{"href":"https:\/\/studio3dbrows.com\/do\/wp-json\/wp\/v2\/pages"}],"about":[{"href":"https:\/\/studio3dbrows.com\/do\/wp-json\/wp\/v2\/types\/page"}],"author":[{"embeddable":true,"href":"https:\/\/studio3dbrows.com\/do\/wp-json\/wp\/v2\/users\/1"}],"replies":[{"embeddable":true,"href":"https:\/\/studio3dbrows.com\/do\/wp-json\/wp\/v2\/comments?post=1238"}],"version-history":[{"count":3,"href":"https:\/\/studio3dbrows.com\/do\/wp-json\/wp\/v2\/pages\/1238\/revisions"}],"predecessor-version":[{"id":3831,"href":"https:\/\/studio3dbrows.com\/do\/wp-json\/wp\/v2\/pages\/1238\/revisions\/3831"}],"wp:attachment":[{"href":"https:\/\/studio3dbrows.com\/do\/wp-json\/wp\/v2\/media?parent=1238"}],"curies":[{"name":"wp","href":"https:\/\/api.w.org\/{rel}","templated":true}]}}